{"id":82292,"date":"2024-11-28T19:18:45","date_gmt":"2024-11-28T18:18:45","guid":{"rendered":"https:\/\/visionarymarketing.com\/?page_id=82292"},"modified":"2024-12-02T14:44:27","modified_gmt":"2024-12-02T13:44:27","slug":"les-demos-du-martien","status":"publish","type":"page","link":"https:\/\/visionarymarketing.com\/fr\/les-demos-du-martien\/","title":{"rendered":"Les d\u00e9mos du Martien"},"content":{"rendered":"<p><em>En tant que responsable \/ directeur marketing ou directeur de contenus, vous vous posez de nombreuses questions lorsqu&rsquo;il faut choisir vos logiciels marketing. Quels logiciels choisir parmi les 11 000 solutions MarTech disponibles, lesquels sont les plus efficaces, comment s&rsquo;assurer de ne pas oublier un crit\u00e8re, quelle p\u00e9rennit\u00e9 \u00e0 moyen ou long terme &#8230; \u00a0Notre objectif avec les d\u00e9mos du Martien ? Faire atterrir les d\u00e9mos produits dans le quotidien des terriens marketeurs. Pas une mince affaire quand on sait qu\u2019il y a plus de 11 000 solutions en orbite autour de la plan\u00e8te Marketing. Pour mener \u00e0 bien cette mission interstellaire, nous avons r\u00e9uni un \u00e9quipage compos\u00e9 de Martiens en tous genres. Chacun a enfil\u00e9 une combinaison diff\u00e9rente pour apporter sa vision unique \u00e0 notre mission spatiale.<\/em><\/p>\n<h2>Des d\u00e9mos du Martien pour terriens marketeurs<\/h2>\n<figure id=\"attachment_82349\" aria-describedby=\"caption-attachment-82349\" style=\"width: 1000px\" class=\"wp-caption aligncenter\"><img decoding=\"async\" class=\"wp-image-82349 size-full\" src=\"https:\/\/visionarymarketing.com\/wp-content\/uploads\/2024\/12\/plan-de-travail-1-1-e1733145942960.jpg\" alt=\"LEs d\u00e9mos du Martien\" width=\"1000\" height=\"200\" srcset=\"https:\/\/visionarymarketing.com\/wp-content\/uploads\/2024\/12\/plan-de-travail-1-1-e1733145942960.jpg 1000w, https:\/\/visionarymarketing.com\/wp-content\/uploads\/2024\/12\/plan-de-travail-1-1-e1733145942960-500x100.jpg 500w, https:\/\/visionarymarketing.com\/wp-content\/uploads\/2024\/12\/plan-de-travail-1-1-e1733145942960-768x154.jpg 768w\" sizes=\"(max-width: 1000px) 100vw, 1000px\" \/><figcaption id=\"caption-attachment-82349\" class=\"wp-caption-text\">Les d\u00e9mos du Martien<\/figcaption><\/figure>\n<p>Nos aventures martiennes <strong>s\u2019adressent aux terriens marketeurs<\/strong> r\u00e9solument en qu\u00eate d\u2019optimisation de leur m\u00e9tier. Les terriens concern\u00e9s sont principalement les <strong>responsables, directeurs marketing <\/strong>et<strong> directeurs de contenus<\/strong>.<\/p>\n<p>Nos Martiens sont l\u00e0 pour les aider <strong>\u00e0 d\u00e9couvrir les outils qui leur permettront de r\u00e9aliser plus facilement leurs objectifs<\/strong>. Et comme tous les bons Martiens qui se respectent, nous communiquons de fa\u00e7on diff\u00e9rente, souvent d\u00e9cal\u00e9e, parfois humoristique, mais toujours rapide et percutante.<br \/>\n<!--more--><\/p>\n<blockquote class=\"quote-light\"><p>Sur ma plan\u00e8te, les d\u00e9mos classiques sont aussi ennuyeuses qu\u2019un voyage interstellaire de 300 jours. Il nous faut des capsules spatiales de 1 minute maximum !<\/p><\/blockquote>\n<h3>Terriens frustr\u00e9s, capitaines de vaisseau \u00e9gar\u00e9s dans l\u2019espace<\/h3>\n<p><b>Le probl\u00e8me : <\/b>notre brave terrien se lamente, \u00ab Mon vaisseau est performant, mais il se perd dans la Voie lact\u00e9e des 11 000 solutions de Scott Brinker. Comment proc\u00e9der pour y faire briller mon \u00e9toile ? \u00bb<\/p>\n<p><b>Notre r\u00e9ponse :<\/b> \u00ab\u00a0<b>les d\u00e9mos du Martien<\/b>\u00a0\u00bb, une s\u00e9rie de\u00a0microd\u00e9mos th\u00e9matiques pr\u00eates \u00e0 l\u2019emploi, ou encore \u00ab\u00a0<b>les capsules du Martien<\/b>\u00a0\u00bb, zoomant sur\u00a0les diff\u00e9renciateurs de chaque solution analys\u00e9e\u00a0en 60 secondes chrono.<\/p>\n<h2>Le plan de vol interstellaire<\/h2>\n<p>Apr\u00e8s de longues d\u00e9lib\u00e9rations dans notre station spatiale (aussi connue sous le nom de salle de r\u00e9union chez Visionary Marketing), nous avons con\u00e7u le meilleur plan de vol spatial pour conqu\u00e9rir la galaxie du marketing B2B :<\/p>\n<ol>\n<li>\u00ab\u00a0<b>La d\u00e9mo hebdo en direct de Mars<\/b>\u00a0\u00bb : Chaque d\u00e9but de semaine, pendant 30 minutes environ, nos Martiens d\u00e9cortiquent un logiciel marketing en direct sur LinkedIn et les m\u00e9dias sociaux avec humour et efficacit\u00e9. De quoi donner envie aux terriens marketeurs de se lever le lundi matin !<\/li>\n<li>\u00ab\u00a0<b>Le Martien r\u00e9pond<\/b>\u00a0\u00bb : pendant la d\u00e9mo hebdo en direct de Mars, les Martiens r\u00e9pondent aux questions les plus farfelues des terriens. L\u2019occasion de montrer que m\u00eame un Martien peut comprendre les solutions des terriens.<\/li>\n<li>\u00ab <b>Les capsules du Martien<\/b> \u00bb : Les Martiens ne s\u2019arr\u00eatent pas l\u00e0, ils font ensuite d\u00e9coller leurs capsules vid\u00e9o sur tous les m\u00e9dias sociaux en format tr\u00e8s court, pr\u00eats \u00e0 la consommation en vol ou sur la Terre. <span class=\"Apple-converted-space\">\u00a0<\/span><\/li>\n<\/ol>\n<p><b>Le manuel de vol du Martien en territoire B2B<\/b><\/p>\n<p>Comme toute bonne mission spatiale, nous nous attendons \u00e0 quelques turbulences. Pour assurer le succ\u00e8s de notre mission, nous avons \u00e9tabli quelques r\u00e8gles de base\u00a0:<\/p>\n<ol>\n<li>Les Martiens s\u2019expriment sur un ton d\u00e9cal\u00e9, mais sont toujours factuels et bienveillants<\/li>\n<li>Les Martiens utilisent des t\u00e9lescopes parfaitement neutres pour observer les plan\u00e8tes logicielles. Leurs avis sont sans concession et ind\u00e9pendants.<span class=\"Apple-converted-space\">\u00a0<\/span><\/li>\n<li>Les \u00e9diteurs qui d\u00e9sirent devenir sponsors des d\u00e9mos du Martien acceptent les r\u00e8gles pr\u00e9c\u00e9dentes et les r\u00e8gles de transparence des Martiens<\/li>\n<\/ol>\n<p><b>La conqu\u00eate spatiale du marketing B2B est lanc\u00e9e !<\/b><\/p>\n<p>Alors, chers terriens du marketing,\u00a0\u00eates-vous pr\u00eats \u00e0 embarquer dans nos capsules spatiales\u00a0pour un\u00a0voyage au c\u0153ur des d\u00e9monstrations produit\u00a0comme vous n\u2019en avez jamais vu ?<\/p>\n<p>Mettez vos scaphandres, attachez vos ceintures et pr\u00e9parez-vous \u00e0 une exp\u00e9rience qui vous fera voir les solutions MarTech sous un nouveau jour.<\/p>\n<p>Une chose est s\u00fbre : avec \u00ab\u00a0<b>Les D\u00e9mos du Martien<\/b>\u00a0\u00bb, le marketing B2B ne sera plus jamais comme avant. Et si un jour vous croisez un petit homme vert dans les couloirs de votre entreprise, ne vous inqui\u00e9tez pas : c\u2019est juste un repr\u00e9sentant de Visionary Marketing qui est venu vous faire une d\u00e9mo surprise.<\/p>\n","protected":false},"excerpt":{"rendered":"<p>En tant que responsable \/ directeur marketing ou directeur de contenus, vous vous posez de nombreuses questions lorsqu&rsquo;il faut choisir vos logiciels marketing. Quels logiciels choisir parmi les 11 000 solutions MarTech disponibles, lesquels sont les plus efficaces, comment s&rsquo;assurer de ne pas oublier un crit\u00e8re, quelle p\u00e9rennit\u00e9 \u00e0 moyen ou long terme &#8230; \u00a0Notre &hellip;<\/p>\n","protected":false},"author":2,"featured_media":82041,"parent":0,"menu_order":0,"comment_status":"closed","ping_status":"closed","template":"","meta":{"footnotes":""},"class_list":["post-82292","page","type-page","status-publish","has-post-thumbnail","hentry"],"yoast_head":"<!-- This site is optimized with the Yoast SEO plugin v27.4 - https:\/\/yoast.com\/product\/yoast-seo-wordpress\/ -->\n<title>D\u00e9mos du Martien<\/title>\n<meta name=\"description\" content=\"L&#039;objectif des d\u00e9mos du Martien ? Faire atterrir les d\u00e9mos produits dans le quotidien des terriens marketeurs... Pas une mince affaire\" \/>\n<meta name=\"robots\" content=\"index, follow, max-snippet:-1, max-image-preview:large, max-video-preview:-1\" \/>\n<link rel=\"canonical\" href=\"https:\/\/visionarymarketing.com\/fr\/les-demos-du-martien\/\" \/>\n<meta property=\"og:locale\" content=\"fr_FR\" \/>\n<meta property=\"og:type\" content=\"article\" \/>\n<meta property=\"og:title\" content=\"D\u00e9mos du Martien\" \/>\n<meta property=\"og:description\" content=\"L&#039;objectif des d\u00e9mos du Martien ? Faire atterrir les d\u00e9mos produits dans le quotidien des terriens marketeurs... Pas une mince affaire\" \/>\n<meta property=\"og:url\" content=\"https:\/\/visionarymarketing.com\/fr\/les-demos-du-martien\/\" \/>\n<meta property=\"og:site_name\" content=\"Marketing and Innovation\" \/>\n<meta property=\"article:publisher\" content=\"https:\/\/www.facebook.com\/vismktg\" \/>\n<meta property=\"article:modified_time\" content=\"2024-12-02T13:44:27+00:00\" \/>\n<meta property=\"og:image\" content=\"https:\/\/visionarymarketing.com\/wp-content\/uploads\/2024\/11\/ltdm-360x250-1.jpg\" \/>\n\t<meta property=\"og:image:width\" content=\"1440\" \/>\n\t<meta property=\"og:image:height\" content=\"1000\" \/>\n\t<meta property=\"og:image:type\" content=\"image\/jpeg\" \/>\n<meta name=\"twitter:card\" content=\"summary_large_image\" \/>\n<meta name=\"twitter:site\" content=\"@ygourven\" \/>\n<meta name=\"twitter:label1\" content=\"Dur\u00e9e de lecture estim\u00e9e\" \/>\n\t<meta name=\"twitter:data1\" content=\"4 minutes\" \/>\n<script type=\"application\/ld+json\" class=\"yoast-schema-graph\">{\"@context\":\"https:\\\/\\\/schema.org\",\"@graph\":[{\"@type\":\"WebPage\",\"@id\":\"https:\\\/\\\/visionarymarketing.com\\\/fr\\\/les-demos-du-martien\\\/\",\"url\":\"https:\\\/\\\/visionarymarketing.com\\\/fr\\\/les-demos-du-martien\\\/\",\"name\":\"D\u00e9mos du Martien\",\"isPartOf\":{\"@id\":\"https:\\\/\\\/visionarymarketing.com\\\/fr\\\/#website\"},\"primaryImageOfPage\":{\"@id\":\"https:\\\/\\\/visionarymarketing.com\\\/fr\\\/les-demos-du-martien\\\/#primaryimage\"},\"image\":{\"@id\":\"https:\\\/\\\/visionarymarketing.com\\\/fr\\\/les-demos-du-martien\\\/#primaryimage\"},\"thumbnailUrl\":\"https:\\\/\\\/visionarymarketing.com\\\/wp-content\\\/uploads\\\/2024\\\/11\\\/ltdm-360x250-1.jpg\",\"datePublished\":\"2024-11-28T18:18:45+00:00\",\"dateModified\":\"2024-12-02T13:44:27+00:00\",\"description\":\"L'objectif des d\u00e9mos du Martien ? Faire atterrir les d\u00e9mos produits dans le quotidien des terriens marketeurs... Pas une mince affaire\",\"breadcrumb\":{\"@id\":\"https:\\\/\\\/visionarymarketing.com\\\/fr\\\/les-demos-du-martien\\\/#breadcrumb\"},\"inLanguage\":\"fr-FR\",\"potentialAction\":[{\"@type\":\"ReadAction\",\"target\":[\"https:\\\/\\\/visionarymarketing.com\\\/fr\\\/les-demos-du-martien\\\/\"]}]},{\"@type\":\"ImageObject\",\"inLanguage\":\"fr-FR\",\"@id\":\"https:\\\/\\\/visionarymarketing.com\\\/fr\\\/les-demos-du-martien\\\/#primaryimage\",\"url\":\"https:\\\/\\\/visionarymarketing.com\\\/wp-content\\\/uploads\\\/2024\\\/11\\\/ltdm-360x250-1.jpg\",\"contentUrl\":\"https:\\\/\\\/visionarymarketing.com\\\/wp-content\\\/uploads\\\/2024\\\/11\\\/ltdm-360x250-1.jpg\",\"width\":1440,\"height\":1000},{\"@type\":\"BreadcrumbList\",\"@id\":\"https:\\\/\\\/visionarymarketing.com\\\/fr\\\/les-demos-du-martien\\\/#breadcrumb\",\"itemListElement\":[{\"@type\":\"ListItem\",\"position\":1,\"name\":\"Home\",\"item\":\"https:\\\/\\\/visionarymarketing.com\\\/fr\\\/\"},{\"@type\":\"ListItem\",\"position\":2,\"name\":\"Les d\u00e9mos du Martien\"}]},{\"@type\":\"WebSite\",\"@id\":\"https:\\\/\\\/visionarymarketing.com\\\/fr\\\/#website\",\"url\":\"https:\\\/\\\/visionarymarketing.com\\\/fr\\\/\",\"name\":\"Marketing and Innovation\",\"description\":\"Site d&#039;infos ind\u00e9pendant, depuis 1996\",\"potentialAction\":[{\"@type\":\"SearchAction\",\"target\":{\"@type\":\"EntryPoint\",\"urlTemplate\":\"https:\\\/\\\/visionarymarketing.com\\\/fr\\\/?s={search_term_string}\"},\"query-input\":{\"@type\":\"PropertyValueSpecification\",\"valueRequired\":true,\"valueName\":\"search_term_string\"}}],\"inLanguage\":\"fr-FR\"}]}<\/script>\n<!-- \/ Yoast SEO plugin. -->","yoast_head_json":{"title":"D\u00e9mos du Martien","description":"L'objectif des d\u00e9mos du Martien ? Faire atterrir les d\u00e9mos produits dans le quotidien des terriens marketeurs... Pas une mince affaire","robots":{"index":"index","follow":"follow","max-snippet":"max-snippet:-1","max-image-preview":"max-image-preview:large","max-video-preview":"max-video-preview:-1"},"canonical":"https:\/\/visionarymarketing.com\/fr\/les-demos-du-martien\/","og_locale":"fr_FR","og_type":"article","og_title":"D\u00e9mos du Martien","og_description":"L'objectif des d\u00e9mos du Martien ? Faire atterrir les d\u00e9mos produits dans le quotidien des terriens marketeurs... Pas une mince affaire","og_url":"https:\/\/visionarymarketing.com\/fr\/les-demos-du-martien\/","og_site_name":"Marketing and Innovation","article_publisher":"https:\/\/www.facebook.com\/vismktg","article_modified_time":"2024-12-02T13:44:27+00:00","og_image":[{"width":1440,"height":1000,"url":"https:\/\/visionarymarketing.com\/wp-content\/uploads\/2024\/11\/ltdm-360x250-1.jpg","type":"image\/jpeg"}],"twitter_card":"summary_large_image","twitter_site":"@ygourven","twitter_misc":{"Dur\u00e9e de lecture estim\u00e9e":"4 minutes"},"schema":{"@context":"https:\/\/schema.org","@graph":[{"@type":"WebPage","@id":"https:\/\/visionarymarketing.com\/fr\/les-demos-du-martien\/","url":"https:\/\/visionarymarketing.com\/fr\/les-demos-du-martien\/","name":"D\u00e9mos du Martien","isPartOf":{"@id":"https:\/\/visionarymarketing.com\/fr\/#website"},"primaryImageOfPage":{"@id":"https:\/\/visionarymarketing.com\/fr\/les-demos-du-martien\/#primaryimage"},"image":{"@id":"https:\/\/visionarymarketing.com\/fr\/les-demos-du-martien\/#primaryimage"},"thumbnailUrl":"https:\/\/visionarymarketing.com\/wp-content\/uploads\/2024\/11\/ltdm-360x250-1.jpg","datePublished":"2024-11-28T18:18:45+00:00","dateModified":"2024-12-02T13:44:27+00:00","description":"L'objectif des d\u00e9mos du Martien ? Faire atterrir les d\u00e9mos produits dans le quotidien des terriens marketeurs... Pas une mince affaire","breadcrumb":{"@id":"https:\/\/visionarymarketing.com\/fr\/les-demos-du-martien\/#breadcrumb"},"inLanguage":"fr-FR","potentialAction":[{"@type":"ReadAction","target":["https:\/\/visionarymarketing.com\/fr\/les-demos-du-martien\/"]}]},{"@type":"ImageObject","inLanguage":"fr-FR","@id":"https:\/\/visionarymarketing.com\/fr\/les-demos-du-martien\/#primaryimage","url":"https:\/\/visionarymarketing.com\/wp-content\/uploads\/2024\/11\/ltdm-360x250-1.jpg","contentUrl":"https:\/\/visionarymarketing.com\/wp-content\/uploads\/2024\/11\/ltdm-360x250-1.jpg","width":1440,"height":1000},{"@type":"BreadcrumbList","@id":"https:\/\/visionarymarketing.com\/fr\/les-demos-du-martien\/#breadcrumb","itemListElement":[{"@type":"ListItem","position":1,"name":"Home","item":"https:\/\/visionarymarketing.com\/fr\/"},{"@type":"ListItem","position":2,"name":"Les d\u00e9mos du Martien"}]},{"@type":"WebSite","@id":"https:\/\/visionarymarketing.com\/fr\/#website","url":"https:\/\/visionarymarketing.com\/fr\/","name":"Marketing and Innovation","description":"Site d&#039;infos ind\u00e9pendant, depuis 1996","potentialAction":[{"@type":"SearchAction","target":{"@type":"EntryPoint","urlTemplate":"https:\/\/visionarymarketing.com\/fr\/?s={search_term_string}"},"query-input":{"@type":"PropertyValueSpecification","valueRequired":true,"valueName":"search_term_string"}}],"inLanguage":"fr-FR"}]}},"_links":{"self":[{"href":"https:\/\/visionarymarketing.com\/fr\/wp-json\/wp\/v2\/pages\/82292","targetHints":{"allow":["GET"]}}],"collection":[{"href":"https:\/\/visionarymarketing.com\/fr\/wp-json\/wp\/v2\/pages"}],"about":[{"href":"https:\/\/visionarymarketing.com\/fr\/wp-json\/wp\/v2\/types\/page"}],"author":[{"embeddable":true,"href":"https:\/\/visionarymarketing.com\/fr\/wp-json\/wp\/v2\/users\/2"}],"replies":[{"embeddable":true,"href":"https:\/\/visionarymarketing.com\/fr\/wp-json\/wp\/v2\/comments?post=82292"}],"version-history":[{"count":0,"href":"https:\/\/visionarymarketing.com\/fr\/wp-json\/wp\/v2\/pages\/82292\/revisions"}],"wp:featuredmedia":[{"embeddable":true,"href":"https:\/\/visionarymarketing.com\/fr\/wp-json\/wp\/v2\/media\/82041"}],"wp:attachment":[{"href":"https:\/\/visionarymarketing.com\/fr\/wp-json\/wp\/v2\/media?parent=82292"}],"curies":[{"name":"wp","href":"https:\/\/api.w.org\/{rel}","templated":true}]}}