{"id":69678,"date":"2022-06-14T08:30:22","date_gmt":"2022-06-14T06:30:22","guid":{"rendered":"https:\/\/visionarymarketing.com\/?page_id=69678"},"modified":"2023-04-24T16:17:23","modified_gmt":"2023-04-24T14:17:23","slug":"dossier-publicite-digitale","status":"publish","type":"page","link":"https:\/\/visionarymarketing.com\/fr\/dossier-publicite-digitale\/","title":{"rendered":"Dossier mobile et publicit\u00e9 digitale"},"content":{"rendered":"<p><i>Nous publions sur les pages de Visionary marketing, en\u00a0partenariat avec <\/i><a style=\"font-style: italic;\" href=\"https:\/\/ecranmobile.fr\" target=\"_blank\" rel=\"noopener\">Ecran Mobile<\/a><i>, en juin 2022, un\u00a0dossier compos\u00e9 de 3 podcasts (et mini billets) sur le sujet de la publicit\u00e9 digitale.<\/i><\/p>\n<h2>Dossier sur le mobile et la publicit\u00e9 digitale<\/h2>\n<figure id=\"attachment_69685\" aria-describedby=\"caption-attachment-69685\" style=\"width: 519px\" class=\"wp-caption aligncenter\"><img decoding=\"async\" class=\"wp-image-69685 size-full\" src=\"https:\/\/visionarymarketing.com\/wp-content\/uploads\/2022\/06\/digital-advertising-e1655187927618.jpg\" alt=\"Publicit\u00e9 digitale\" width=\"519\" height=\"340\" srcset=\"https:\/\/visionarymarketing.com\/wp-content\/uploads\/2022\/06\/digital-advertising-e1655187927618.jpg 519w, https:\/\/visionarymarketing.com\/wp-content\/uploads\/2022\/06\/digital-advertising-e1655187927618-458x300.jpg 458w\" sizes=\"(max-width: 519px) 100vw, 519px\" \/><figcaption id=\"caption-attachment-69685\" class=\"wp-caption-text\">Ce dossier sur la publicit\u00e9 digitale a \u00e9t\u00e9 r\u00e9alis\u00e9 en partenariat avec <a href=\"https:\/\/ecranmobile.fr\" target=\"_blank\" rel=\"noopener\">Ecran Mobile<\/a><\/figcaption><\/figure>\n<div class=\"entry-content\">\n<h3>Sommaire du dossier sur la publicit\u00e9 digitale<\/h3>\n<hr \/>\n<p class=\"p4\"><i style=\"color: green; font-size: 15px;\">Transparence : Cette s\u00e9rie est r\u00e9alis\u00e9e en partenariat avec <a href=\"https:\/\/ecranmobile.fr\" target=\"_blank\" rel=\"noopener\">\u00c9cran mobile<\/a><\/i><\/p>\n<hr \/>\n<h3 id=\"article1\">#1 &#8211; Publicit\u00e9 digitale mobile : les budgets des distributeurs bient\u00f4t multipli\u00e9s par 5 ou 10<\/h3>\n<p><img decoding=\"async\" class=\"alignright wp-image-69073 size-thumbnail\" src=\"https:\/\/visionarymarketing.com\/wp-content\/uploads\/2022\/05\/untitled-1-e1652983262533-150x150.jpg\" alt=\"publicit\u00e9 mobile\" width=\"150\" height=\"150\" \/><\/p>\n<p>Les budgets\u00a0publicit\u00e9 mobile des distributeurs pourraient bien \u00eatre multipli\u00e9s par 5 ou 10 dans un futur proche, sous l&rsquo;impulsion du Oui Pub et la disparition du prospectus. Finalement, ce bon vieux catalogue papier ne survivra pas au digital. La publicit\u00e9 mobile est d\u00e9j\u00e0 un g\u00e9ant de la pub, et son d\u00e9veloppement ne fait que commencer. Thomas Fagot, fondateur de MobSuccess, pionnier de l&rsquo;app marketing, prodigue ses conseils aux distributeurs soucieux de ne\u00a0pas rater le coche de ce nouveau boom du digital \u00e0 base de Drive to store.<\/p>\n<p>Ecouter le<a href=\"https:\/\/visionarymarketing.com\/fr\/2022\/05\/publicite-mobile\/\"> podcast sur la publicit\u00e9 mobile<!--more--><\/a><\/p>\n<h3>#2 &#8211;\u00a0Publicit\u00e9 en ligne : 40% de l&rsquo;inventaire num\u00e9rique d\u00e9j\u00e0 sans cookies<\/h3>\n<p><img decoding=\"async\" class=\"size-thumbnail wp-image-69669 alignleft\" src=\"https:\/\/visionarymarketing.com\/wp-content\/uploads\/2022\/06\/jumpstory-download20220613-095239-150x150.jpg\" alt=\"Publicit\u00e9 en ligne\" width=\"150\" height=\"150\" \/><\/p>\n<p><em>Avec le retrait annonc\u00e9 des cookies tiers, le secteur de la publicit\u00e9 en ligne est aux prises avec l&rsquo;impr\u00e9visibilit\u00e9. Cette incertitude est le r\u00e9sultat d&rsquo;une combinaison de facteurs juridiques, techniques et m\u00eame politiques qui font qu&rsquo;il est tr\u00e8s difficile pour quiconque de pr\u00e9dire l&rsquo;avenir. Pourtant, ce n&rsquo;est pas seulement un vieux monde qui se meurt sous nos yeux, mais la naissance d&rsquo;un nouveau, plus respectueux. Qu&rsquo;est-ce qui attend les sp\u00e9cialistes du marketing et les acteurs de l&rsquo;Adtech en Europe ? Pour le savoir, j&rsquo;ai demand\u00e9 \u00e0 Katja Henneveld, responsable Adtech danoise d&rsquo;Adform pour le Benelux et la France, de faire la lumi\u00e8re sur ce sujet pour nos lecteurs.<\/em><\/p>\n<p>Ecouter le <a href=\"https:\/\/visionarymarketing.com\/fr\/2022\/06\/publicite-en-ligne\/\">podcast sur la publicit\u00e9 en ligne<\/a><\/p>\n<\/div>\n<h3>#3 &#8211; Quand les beacons d\u00e9montrent l\u2019efficacit\u00e9 de la publicit\u00e9 traditionnelle<\/h3>\n<p><i><img decoding=\"async\" class=\"alignright size-thumbnail wp-image-70061\" src=\"https:\/\/visionarymarketing.com\/wp-content\/uploads\/2022\/06\/kairos-meter-150x150.png\" alt=\"\" width=\"150\" height=\"150\" \/>Les beacons \u00e9taient tr\u00e8s \u00e0 la mode dans les ann\u00e9es 2013-2016 et c\u2019est un sujet que nous avons d\u2019ailleurs beaucoup trait\u00e9 sur ce site. Depuis, on en parle beaucoup\u00a0moins, mais c\u2019est un tort. On peut constater, avec\u00a0<\/i><a href=\"https:\/\/www.linkedin.com\/in\/guillaumetassetto\">Guillaume Tassetto<\/a><i>, fondateur de <a href=\"https:\/\/www.kairosfire.com\" target=\"_blank\" rel=\"noopener\">Kairos fire<\/a>, que ces petites balises (la traduction litt\u00e9rale du terme \u00ab\u00a0beacons\u00a0\u00bb) permettent de r\u00e9soudre une \u00e9nigme aussi vieille que le marketing, celle de l\u2019efficacit\u00e9 de la publicit\u00e9 traditionnelle.\u00a0<\/i><\/p>\n<p>Ecouter le<a href=\"https:\/\/visionarymarketing.com\/fr\/2022\/06\/beacons\/\"> podcast sur les\u00a0beacons<\/a><\/p>\n<h3>#4 &#8211; La zone de chalandise transform\u00e9e par les data mobiles<\/h3>\n<figure id=\"attachment_72982\" aria-describedby=\"caption-attachment-72982\" style=\"width: 150px\" class=\"wp-caption alignleft\"><img decoding=\"async\" class=\"wp-image-72982 size-thumbnail\" src=\"https:\/\/visionarymarketing.com\/wp-content\/uploads\/2022\/12\/jumpstory-download20221221-132714-e1671629368244-150x150.jpg\" alt=\"Zone de chalandise\" width=\"150\" height=\"150\" \/><figcaption id=\"caption-attachment-72982\" class=\"wp-caption-text\">zone de chalandise<\/figcaption><\/figure>\n<p><i style=\"font-weight: 400;\">La zone de chalandise, ce bon vieil outil du marketing traditionnel est en train de se r\u00e9nover enti\u00e8rement. Et cela gr\u00e2ce aux nouvelles technologies et notamment les donn\u00e9es mobiles. 85 % du chiffre d&rsquo;affaires des distributeurs se fait encore en magasins physiques. Il est indispensable d\u2019optimiser les campagnes publicitaires en fonction des flux de visiteurs et de leur provenance g\u00e9ographique. Les data mobiles permettent de compl\u00e9ter les m\u00e9thodes <\/i><i>traditionnelles<\/i><i style=\"font-weight: 400;\">\u00a0et de perfectionner ces outils marketing.\u00a0<\/i><a style=\"font-weight: 400; font-style: italic;\" href=\"https:\/\/www.linkedin.com\/in\/guillaumetassetto\/\" target=\"_blank\" rel=\"noopener\">Guillaume Tassetto<\/a><i style=\"font-weight: 400;\">, fondateur de <\/i><a style=\"font-weight: 400; font-style: italic;\" href=\"https:\/\/www.kairosfire.com\/\" target=\"_blank\" rel=\"noopener\">Kairos Fire,<\/a><i style=\"font-weight: 400;\"> nous en parle.\u00a0<\/i><\/p>\n<p>Ecouter le <a href=\"https:\/\/visionarymarketing.com\/fr\/2022\/12\/zone-de-chalandise\/\">podcast sur la zone de chalandise<\/a><\/p>\n<h3>#5 &#8211; Une \u00e9tude sur le service client met en exergue la frustration des consommateurs<\/h3>\n<p><i><img decoding=\"async\" class=\"alignright wp-image-73042 size-thumbnail\" src=\"https:\/\/visionarymarketing.com\/wp-content\/uploads\/2022\/12\/01-couv--e1671778337555-150x150.jpg\" alt=\"\" width=\"150\" height=\"150\" \/>Une enqu\u00eate sur la perception du service client vient enfin mettre des chiffres sur les impressions que David Bowles avait <\/i><a style=\"font-style: italic;\" href=\"https:\/\/visionarymarketing.com\/fr\/2019\/12\/service-client-europe\/\">consign\u00e9es ici<\/a><i>. Et les r\u00e9sultats ne sont pas bons, c&rsquo;est un euph\u00e9misme. On y constate la mauvaise perception du service client par les consommateurs. En France, en Europe et dans le reste du monde. Heureusement, des solutions technologiques sont \u00e0 la disposition des marketeurs soucieux de mieux faire. Il ne reste plus qu&rsquo;\u00e0 se mettre au travail. Cette enqu\u00eate r\u00e9alis\u00e9e par <\/i><a style=\"font-style: italic;\" href=\"https:\/\/cm.com\" target=\"_blank\" rel=\"noopener\">CM.com<\/a><i> et intitul\u00e9e \u00ab Service client : quand les \u00e9motions prennent le contr\u00f4le \u00bb devrait donc servir de feuille de route 2023 aux entreprises soucieuses\u00a0de perfectionner leur exp\u00e9rience client. Visionary Marketing a interrog\u00e9 <a style=\"font-style: italic;\" href=\"https:\/\/www.linkedin.com\/in\/pierre-garrigues\/\">Pierre Garrigues<\/a>, directeur France de CM.com, afin de d\u00e9cortiquer cette enqu\u00eate et recueillir ses recommandations.<\/i><\/p>\n<p>Ecouter le <a href=\"https:\/\/visionarymarketing.com\/fr\/2022\/12\/enquete-service-client\/\">podcast sur le service client<\/a><\/p>\n<h3>#6 &#8211; Comment r\u00e9duire l\u2019empreinte carbone de la publicit\u00e9 digitale ?<\/h3>\n<p><em><img decoding=\"async\" class=\"size-thumbnail wp-image-75632 alignleft\" src=\"https:\/\/visionarymarketing.com\/wp-content\/uploads\/2023\/04\/empreinte-carbone-pub-digitale-150x150.jpg\" alt=\"\" width=\"150\" height=\"150\" \/>Le digital est souvent point\u00e9 du doigt, et en particulier la publicit\u00e9 digitale, pour son empreinte carbone. De combien est-elle ? Quelle est l\u2019attitude des annonceurs ? Comment r\u00e9duire cette empreinte ? Une \u00e9tude de Scope3 nous \u00e9claire sur ce sujet et ouvre des perspectives. Elle montre notamment que l\u2019industrie du <span class=\"glossary-tooltip glossary-term-69768\" tabindex=\"0\"><span class=\"glossary-link\"><a class=\"glossary-only-link\" href=\"https:\/\/visionarymarketing.com\/fr\/glossaire\/definition-marketing-digital\/\" target=\"_blank\" rel=\"noopener\">marketing digital <\/a><\/span><\/span>peut elle aussi contribuer \u00e0 l\u2019effort commun. C\u2019est ce que m\u2019a confi\u00e9 Fabien Omont d\u2019Adform, fournisseur danois de solutions pour la pubilicit\u00e9 digitale.<\/em><\/p>\n<p>Ecouter le podcast sur la <a href=\"https:\/\/visionarymarketing.com\/fr\/2023\/04\/empreinte-carbone-publicite-digitale\/\">d\u00e9carbonation de la publicit\u00e9 digitale<\/a><\/p>\n","protected":false},"excerpt":{"rendered":"<p>Nous publions sur les pages de Visionary marketing, en\u00a0partenariat avec Ecran Mobile, en juin 2022, un\u00a0dossier compos\u00e9 de 3 podcasts (et mini billets) sur le sujet de la publicit\u00e9 digitale. Dossier sur le mobile et la publicit\u00e9 digitale Sommaire du dossier sur la publicit\u00e9 digitale Transparence : Cette s\u00e9rie est r\u00e9alis\u00e9e en partenariat avec \u00c9cran &hellip;<\/p>\n","protected":false},"author":2,"featured_media":69685,"parent":0,"menu_order":0,"comment_status":"closed","ping_status":"closed","template":"","meta":{"footnotes":""},"class_list":["post-69678","page","type-page","status-publish","has-post-thumbnail","hentry"],"yoast_head":"<!-- This site is optimized with the Yoast SEO plugin v27.4 - https:\/\/yoast.com\/product\/yoast-seo-wordpress\/ -->\n<title>Publicit\u00e9 digitale<\/title>\n<meta name=\"description\" content=\"Nous publions sur les pages de Visionary marketing, en\u00a0partenariat avec Ecran Mobile, 3 podcasts sur le sujet de la publicit\u00e9 digitale.\" \/>\n<meta name=\"robots\" content=\"index, follow, max-snippet:-1, max-image-preview:large, max-video-preview:-1\" \/>\n<link rel=\"canonical\" href=\"https:\/\/visionarymarketing.com\/fr\/dossier-publicite-digitale\/\" \/>\n<meta property=\"og:locale\" content=\"fr_FR\" \/>\n<meta property=\"og:type\" content=\"article\" \/>\n<meta property=\"og:title\" content=\"Publicit\u00e9 digitale\" \/>\n<meta property=\"og:description\" content=\"Nous publions sur les pages de Visionary marketing, en\u00a0partenariat avec Ecran Mobile, 3 podcasts sur le sujet de la publicit\u00e9 digitale.\" \/>\n<meta property=\"og:url\" content=\"https:\/\/visionarymarketing.com\/fr\/dossier-publicite-digitale\/\" \/>\n<meta property=\"og:site_name\" content=\"Marketing and Innovation\" \/>\n<meta property=\"article:publisher\" content=\"https:\/\/www.facebook.com\/vismktg\" \/>\n<meta property=\"article:modified_time\" content=\"2023-04-24T14:17:23+00:00\" \/>\n<meta property=\"og:image\" content=\"https:\/\/visionarymarketing.com\/wp-content\/uploads\/2022\/06\/digital-advertising-e1655187927618.jpg\" \/>\n\t<meta property=\"og:image:width\" content=\"519\" \/>\n\t<meta property=\"og:image:height\" content=\"340\" \/>\n\t<meta property=\"og:image:type\" content=\"image\/jpeg\" \/>\n<meta name=\"twitter:card\" content=\"summary_large_image\" \/>\n<meta name=\"twitter:site\" content=\"@ygourven\" \/>\n<meta name=\"twitter:label1\" content=\"Dur\u00e9e de lecture estim\u00e9e\" \/>\n\t<meta name=\"twitter:data1\" content=\"5 minutes\" \/>\n<script type=\"application\/ld+json\" class=\"yoast-schema-graph\">{\"@context\":\"https:\\\/\\\/schema.org\",\"@graph\":[{\"@type\":\"WebPage\",\"@id\":\"https:\\\/\\\/visionarymarketing.com\\\/fr\\\/dossier-publicite-digitale\\\/\",\"url\":\"https:\\\/\\\/visionarymarketing.com\\\/fr\\\/dossier-publicite-digitale\\\/\",\"name\":\"Publicit\u00e9 digitale\",\"isPartOf\":{\"@id\":\"https:\\\/\\\/visionarymarketing.com\\\/fr\\\/#website\"},\"primaryImageOfPage\":{\"@id\":\"https:\\\/\\\/visionarymarketing.com\\\/fr\\\/dossier-publicite-digitale\\\/#primaryimage\"},\"image\":{\"@id\":\"https:\\\/\\\/visionarymarketing.com\\\/fr\\\/dossier-publicite-digitale\\\/#primaryimage\"},\"thumbnailUrl\":\"https:\\\/\\\/visionarymarketing.com\\\/wp-content\\\/uploads\\\/2022\\\/06\\\/digital-advertising-e1655187927618.jpg\",\"datePublished\":\"2022-06-14T06:30:22+00:00\",\"dateModified\":\"2023-04-24T14:17:23+00:00\",\"description\":\"Nous publions sur les pages de Visionary marketing, en\u00a0partenariat avec Ecran Mobile, 3 podcasts sur le sujet de la publicit\u00e9 digitale.\",\"breadcrumb\":{\"@id\":\"https:\\\/\\\/visionarymarketing.com\\\/fr\\\/dossier-publicite-digitale\\\/#breadcrumb\"},\"inLanguage\":\"fr-FR\",\"potentialAction\":[{\"@type\":\"ReadAction\",\"target\":[\"https:\\\/\\\/visionarymarketing.com\\\/fr\\\/dossier-publicite-digitale\\\/\"]}]},{\"@type\":\"ImageObject\",\"inLanguage\":\"fr-FR\",\"@id\":\"https:\\\/\\\/visionarymarketing.com\\\/fr\\\/dossier-publicite-digitale\\\/#primaryimage\",\"url\":\"https:\\\/\\\/visionarymarketing.com\\\/wp-content\\\/uploads\\\/2022\\\/06\\\/digital-advertising-e1655187927618.jpg\",\"contentUrl\":\"https:\\\/\\\/visionarymarketing.com\\\/wp-content\\\/uploads\\\/2022\\\/06\\\/digital-advertising-e1655187927618.jpg\",\"width\":519,\"height\":340,\"caption\":\"Publicit\u00e9 digitale\"},{\"@type\":\"BreadcrumbList\",\"@id\":\"https:\\\/\\\/visionarymarketing.com\\\/fr\\\/dossier-publicite-digitale\\\/#breadcrumb\",\"itemListElement\":[{\"@type\":\"ListItem\",\"position\":1,\"name\":\"Home\",\"item\":\"https:\\\/\\\/visionarymarketing.com\\\/fr\\\/\"},{\"@type\":\"ListItem\",\"position\":2,\"name\":\"Dossier mobile et publicit\u00e9 digitale\"}]},{\"@type\":\"WebSite\",\"@id\":\"https:\\\/\\\/visionarymarketing.com\\\/fr\\\/#website\",\"url\":\"https:\\\/\\\/visionarymarketing.com\\\/fr\\\/\",\"name\":\"Marketing and Innovation\",\"description\":\"Site d&#039;infos ind\u00e9pendant, depuis 1996\",\"potentialAction\":[{\"@type\":\"SearchAction\",\"target\":{\"@type\":\"EntryPoint\",\"urlTemplate\":\"https:\\\/\\\/visionarymarketing.com\\\/fr\\\/?s={search_term_string}\"},\"query-input\":{\"@type\":\"PropertyValueSpecification\",\"valueRequired\":true,\"valueName\":\"search_term_string\"}}],\"inLanguage\":\"fr-FR\"}]}<\/script>\n<!-- \/ Yoast SEO plugin. -->","yoast_head_json":{"title":"Publicit\u00e9 digitale","description":"Nous publions sur les pages de Visionary marketing, en\u00a0partenariat avec Ecran Mobile, 3 podcasts sur le sujet de la publicit\u00e9 digitale.","robots":{"index":"index","follow":"follow","max-snippet":"max-snippet:-1","max-image-preview":"max-image-preview:large","max-video-preview":"max-video-preview:-1"},"canonical":"https:\/\/visionarymarketing.com\/fr\/dossier-publicite-digitale\/","og_locale":"fr_FR","og_type":"article","og_title":"Publicit\u00e9 digitale","og_description":"Nous publions sur les pages de Visionary marketing, en\u00a0partenariat avec Ecran Mobile, 3 podcasts sur le sujet de la publicit\u00e9 digitale.","og_url":"https:\/\/visionarymarketing.com\/fr\/dossier-publicite-digitale\/","og_site_name":"Marketing and Innovation","article_publisher":"https:\/\/www.facebook.com\/vismktg","article_modified_time":"2023-04-24T14:17:23+00:00","og_image":[{"width":519,"height":340,"url":"https:\/\/visionarymarketing.com\/wp-content\/uploads\/2022\/06\/digital-advertising-e1655187927618.jpg","type":"image\/jpeg"}],"twitter_card":"summary_large_image","twitter_site":"@ygourven","twitter_misc":{"Dur\u00e9e de lecture estim\u00e9e":"5 minutes"},"schema":{"@context":"https:\/\/schema.org","@graph":[{"@type":"WebPage","@id":"https:\/\/visionarymarketing.com\/fr\/dossier-publicite-digitale\/","url":"https:\/\/visionarymarketing.com\/fr\/dossier-publicite-digitale\/","name":"Publicit\u00e9 digitale","isPartOf":{"@id":"https:\/\/visionarymarketing.com\/fr\/#website"},"primaryImageOfPage":{"@id":"https:\/\/visionarymarketing.com\/fr\/dossier-publicite-digitale\/#primaryimage"},"image":{"@id":"https:\/\/visionarymarketing.com\/fr\/dossier-publicite-digitale\/#primaryimage"},"thumbnailUrl":"https:\/\/visionarymarketing.com\/wp-content\/uploads\/2022\/06\/digital-advertising-e1655187927618.jpg","datePublished":"2022-06-14T06:30:22+00:00","dateModified":"2023-04-24T14:17:23+00:00","description":"Nous publions sur les pages de Visionary marketing, en\u00a0partenariat avec Ecran Mobile, 3 podcasts sur le sujet de la publicit\u00e9 digitale.","breadcrumb":{"@id":"https:\/\/visionarymarketing.com\/fr\/dossier-publicite-digitale\/#breadcrumb"},"inLanguage":"fr-FR","potentialAction":[{"@type":"ReadAction","target":["https:\/\/visionarymarketing.com\/fr\/dossier-publicite-digitale\/"]}]},{"@type":"ImageObject","inLanguage":"fr-FR","@id":"https:\/\/visionarymarketing.com\/fr\/dossier-publicite-digitale\/#primaryimage","url":"https:\/\/visionarymarketing.com\/wp-content\/uploads\/2022\/06\/digital-advertising-e1655187927618.jpg","contentUrl":"https:\/\/visionarymarketing.com\/wp-content\/uploads\/2022\/06\/digital-advertising-e1655187927618.jpg","width":519,"height":340,"caption":"Publicit\u00e9 digitale"},{"@type":"BreadcrumbList","@id":"https:\/\/visionarymarketing.com\/fr\/dossier-publicite-digitale\/#breadcrumb","itemListElement":[{"@type":"ListItem","position":1,"name":"Home","item":"https:\/\/visionarymarketing.com\/fr\/"},{"@type":"ListItem","position":2,"name":"Dossier mobile et publicit\u00e9 digitale"}]},{"@type":"WebSite","@id":"https:\/\/visionarymarketing.com\/fr\/#website","url":"https:\/\/visionarymarketing.com\/fr\/","name":"Marketing and Innovation","description":"Site d&#039;infos ind\u00e9pendant, depuis 1996","potentialAction":[{"@type":"SearchAction","target":{"@type":"EntryPoint","urlTemplate":"https:\/\/visionarymarketing.com\/fr\/?s={search_term_string}"},"query-input":{"@type":"PropertyValueSpecification","valueRequired":true,"valueName":"search_term_string"}}],"inLanguage":"fr-FR"}]}},"_links":{"self":[{"href":"https:\/\/visionarymarketing.com\/fr\/wp-json\/wp\/v2\/pages\/69678","targetHints":{"allow":["GET"]}}],"collection":[{"href":"https:\/\/visionarymarketing.com\/fr\/wp-json\/wp\/v2\/pages"}],"about":[{"href":"https:\/\/visionarymarketing.com\/fr\/wp-json\/wp\/v2\/types\/page"}],"author":[{"embeddable":true,"href":"https:\/\/visionarymarketing.com\/fr\/wp-json\/wp\/v2\/users\/2"}],"replies":[{"embeddable":true,"href":"https:\/\/visionarymarketing.com\/fr\/wp-json\/wp\/v2\/comments?post=69678"}],"version-history":[{"count":0,"href":"https:\/\/visionarymarketing.com\/fr\/wp-json\/wp\/v2\/pages\/69678\/revisions"}],"wp:featuredmedia":[{"embeddable":true,"href":"https:\/\/visionarymarketing.com\/fr\/wp-json\/wp\/v2\/media\/69685"}],"wp:attachment":[{"href":"https:\/\/visionarymarketing.com\/fr\/wp-json\/wp\/v2\/media?parent=69678"}],"curies":[{"name":"wp","href":"https:\/\/api.w.org\/{rel}","templated":true}]}}