{"id":66718,"date":"2022-03-11T14:49:37","date_gmt":"2022-03-11T13:49:37","guid":{"rendered":"https:\/\/visionarymarketing.com\/?page_id=66718"},"modified":"2024-08-29T14:43:17","modified_gmt":"2024-08-29T12:43:17","slug":"dossier-comment-planter-son-marketing-digital","status":"publish","type":"page","link":"https:\/\/visionarymarketing.com\/fr\/dossier-comment-planter-son-marketing-digital\/","title":{"rendered":"Dossier comment planter (ou r\u00e9ussir) son marketing digital \u00e0 coup s\u00fbr"},"content":{"rendered":"<p><i>Nous publions sur les pages de Visionary marketing, en\u00a0partenariat avec <\/i><a style=\"font-style: italic;\" href=\"https:\/\/emarsys.fr\" target=\"_blank\" rel=\"noopener\">Emarsys<\/a><i>, \u00e0 compter de mars 2022, un\u00a0dossier compos\u00e9 de sept billets (et podcasts) intitul\u00e9s <\/i><strong style=\"font-style: italic;\">comment planter (ou r\u00e9ussir) son marketing digital<\/strong><i>. Ce dossier sera \u00e9galement\u00a0suivi d&rsquo;un webinaire qui aura\u00a0lieu le 5\u00a0avril 2022. Une fois ce dossier\u00a0sur le marketing digital boucl\u00e9, nous le r\u00e9capitulerons au sein d&rsquo;un eBook.<\/i><\/p>\n<h2>Dossier \u00ab\u00a0comment planter (ou r\u00e9ussir) son marketing digital\u00a0\u00bb<\/h2>\n<figure id=\"attachment_67238\" aria-describedby=\"caption-attachment-67238\" style=\"width: 1200px\" class=\"wp-caption aligncenter\"><img decoding=\"async\" class=\"wp-image-67238 size-full\" src=\"https:\/\/visionarymarketing.com\/wp-content\/uploads\/2022\/03\/animated-gif-emarsys-sans-bouton.gif\" alt=\"Dossier Digital Marketing\" width=\"1200\" height=\"321\" \/><figcaption id=\"caption-attachment-67238\" class=\"wp-caption-text\">Notre dossier sur le marketing pr\u00e9sentera les bonnes&#8230; et les moins bonnes pratiques en proposant des points de vues utiles et pratiques sur l&rsquo;optimisation du marketing digital<\/figcaption><\/figure>\n<h3>Liens rapides vers les billets constitutifs de ce dossier<\/h3>\n<ol>\n<li><a href=\"#article1\">Le ROI du marketing digital<\/a> en question<\/li>\n<li>Le retour d&rsquo;exp\u00e9rience d&rsquo;Oxbow et <a href=\"#article2\">11 conseils de bon sens pour g\u00e9rer son capital digital<\/a><\/li>\n<li>UX et CX : <a href=\"#article3\">conseils pour am\u00e9liorer son parcours et son exp\u00e9rience clients<\/a><\/li>\n<li>5 conseils pour <a href=\"#article4\">l&rsquo;hyperpersonnalisation de ses campagnes d&#8217;email marketing<\/a><\/li>\n<li>5 conseils pour la <a href=\"#article5\">performance de son marketing omnicanal<\/a><\/li>\n<li>Le\u00e7ons du terrain en <a href=\"#article6\">marketing automation<\/a><\/li>\n<li>Un bon <a href=\"#article7\">programme de fid\u00e9lisation<\/a> englobe l&rsquo;exp\u00e9rience client<\/li>\n<\/ol>\n<h3>Pourquoi un dossier sur le marketing digital ?<\/h3>\n<div class=\"entry-content\">\n<p><em> Le <strong>marketing digital<\/strong>, pour les b\u00e9otiens, est souvent per\u00e7u comme un moyen de faire du marketing facilement et \u00e0 bon march\u00e9. <\/em><\/p>\n<p><em>La r\u00e9alit\u00e9 est bien diff\u00e9rente. Pour\u00a0commencer, ce n&rsquo;est pas aussi facile qu&rsquo;on croit. Les pratiques du terrain, par ailleurs, ne sont pas toujours exemplaires et les budgets loin d\u2019\u00eatre nuls. <\/em><\/p>\n<p><em>Le marketing digital requiert de\u00a0l&rsquo;apprentissage, un savant m\u00e9lange et dosage de technique et de marketing, bref, il ne suffit pas de cliquer pour r\u00e9ussir.\u00a0 <\/em><\/p>\n<p><em>Faire les mauvais\u00a0choix technologiques ou marketing, nier la\u00a0sp\u00e9cificit\u00e9 du digital et partir sur des\u00a0pr\u00e9ceptes de l&rsquo;ancien temps, sont autant de\u00a0mauvaises pratiques qui viendront mettre \u00e0 mal vos r\u00e9sultats.\u00a0 <\/em><\/p>\n<p><em>Dans cette s\u00e9rie, nous avons voulu comparer les plus mauvaises pratiques du terrain et les meilleures, propres \u00e0 \u00e9veiller les consciences et cr\u00e9er un sursaut parmi notre communaut\u00e9 de marketeurs.\u00a0<\/em><\/p>\n<p><i>Les pratiques du terrain, par ailleurs, ne sont en effet pas toujours exemplaires et les budgets loin d\u2019\u00eatre nuls. Faire les mauvais\u00a0choix technologiques ou marketing, nier la\u00a0sp\u00e9cificit\u00e9 du digital et partir sur des\u00a0pr\u00e9ceptes de l&rsquo;ancien temps, etc. sont autant de\u00a0mauvaises pratiques qui viendront mettre \u00e0 mal vos r\u00e9sultats.\u00a0<\/i><\/p>\n<p><i>Dans cette s\u00e9rie, nous avons voulu, sous un angle\u00a0humoristique, pr\u00e9senter les plus mauvaises pratiques du terrain propres \u00e0 \u00e9veiller les consciences et cr\u00e9er un sursaut parmi notre communaut\u00e9 de marketeurs. <\/i><\/p>\n<h3>Sommaire du dossier r\u00e9alis\u00e9 en partenariat avec <a href=\"https:\/\/emarsys.fr\" target=\"_blank\" rel=\"noopener\">Emarsys<\/a><\/h3>\n<hr \/>\n<p><i style=\"color: green; font-size: 15px;\"><img decoding=\"async\" class=\"alignleft wp-image-63312 size-full\" src=\"https:\/\/visionarymarketing.com\/wp-content\/uploads\/2021\/04\/artboard-1.png\" alt=\"Transparence - r\u00e9seaux informels\" width=\"24\" height=\"24\" \/><\/i><\/p>\n<p class=\"p4\"><i style=\"color: green; font-size: 15px;\">Transparence : Ce dossier est r\u00e9alis\u00e9 en partenariat avec <a href=\"https:\/\/emarsys.fr\" target=\"_blank\" rel=\"noopener\">Emarsys<\/a>, la plateforme d\u2019engagement client omnicanale de SAP Customer Experience offrant des fonctionnalit\u00e9s de marketing automation, de personnalisation en temps r\u00e9el et de sophistication des campagnes qui stimulent les r\u00e9sultats business. Nous avons r\u00e9dig\u00e9 cette s\u00e9rie de\u00a0<\/i><span style=\"color: #008000;\"><span style=\"caret-color: #008000; font-size: 15px;\"><i>billets<\/i><\/span><\/span><i style=\"color: green; font-size: 15px;\">\u00a0avec notre\u00a0<\/i><span style=\"color: #008000;\"><i style=\"caret-color: #008000; font-size: 15px;\">objectif\u00a0<\/i><span style=\"font-size: 15px;\"><i>habituel<\/i><\/span><i style=\"caret-color: #008000; font-size: 15px;\">\u00a0de professionnalisme, d&rsquo;ind\u00e9pendance et\u00a0<\/i><span style=\"font-size: 15px;\"><i>d&rsquo;authenticit\u00e9.<\/i><\/span><\/span><\/p>\n<hr \/>\n<p>Sommaire de notre dossier :<\/p>\n<h3 id=\"article1\">#1 &#8211; ROI\u00a0: l\u2019efficacit\u00e9 du marketing digital en question<\/h3>\n<p><img decoding=\"async\" class=\"alignleft wp-image-67523 size-thumbnail\" src=\"https:\/\/visionarymarketing.com\/wp-content\/uploads\/2022\/03\/jumpstory-download20220322-054014-e1647927786453-150x150.jpg\" alt=\"\" width=\"150\" height=\"150\" \/>Dans le premier billet de cette s\u00e9rie, nous faisons un zoom sur le ROI du marketing digital, une affaire qui para\u00eet entendue et pourtant&#8230;. Si le marketing digital est souvent per\u00e7u par les b\u00e9otiens comme un moyen de faire du\u00a0marketing \u00e0 bon march\u00e9. Mais la r\u00e9alit\u00e9 est bien diff\u00e9rente.<\/p>\n<p><a href=\"https:\/\/visionarymarketing.com\/fr\/2022\/03\/roi-marketing-digital\/\">Lire le billet sur le ROI et l&rsquo;efficacit\u00e9 du marketing digital<\/a><\/p>\n<h3 id=\"article2\">#2 &#8211; T\u00e9moignage d&rsquo;Oxbow : 11 conseils de bon sens pour bien g\u00e9rer son capital digital<\/h3>\n<p><img decoding=\"async\" class=\"alignright wp-image-67943 size-thumbnail\" src=\"https:\/\/visionarymarketing.com\/wp-content\/uploads\/2022\/04\/jumpstory-download20220411-155447-150x150.jpg\" alt=\"Dossier Marketing digital\" width=\"150\" height=\"150\" \/>Dans le deuxi\u00e8me billet de cette s\u00e9rie, vous retrouverez le t\u00e9moignage d&rsquo;Oxbow, un retour d&rsquo;exp\u00e9rience incroyablement riche que vous pourrez revoir en vid\u00e9o et r\u00e9\u00e9couter en podcast. Dans ce retour d&rsquo;exp\u00e9rience Pierre Charbonnel, directeur digital de la marque de v\u00eatements pour les sports en plein air, nous a partag\u00e9 ses 11 conseils de bon sens.<\/p>\n<p><a href=\"https:\/\/visionarymarketing.com\/fr\/2022\/04\/retour-d-experience-marketing-digital\/\">Lire le billet r\u00e9capitulatif du webinaire d&rsquo;Oxbow sur son retour d&rsquo;exp\u00e9rience en marketing digital<\/a><\/p>\n<h3 id=\"article3\">#3 &#8211; Exp\u00e9rience clients : conseils UX et CX pour optimiser son parcours clients<\/h3>\n<p><em><img decoding=\"async\" class=\"alignleft size-thumbnail wp-image-69003\" src=\"https:\/\/visionarymarketing.com\/wp-content\/uploads\/2022\/05\/jumpstory-download20220518-141602-e1652883402671-150x150.jpg\" alt=\"\" width=\"150\" height=\"150\" \/>D\u00e9sormais, fournir\u00a0une exp\u00e9rience client (CX) d\u2019exception est un \u00e9l\u00e9ment indispensable au commerce d\u2019apr\u00e8s crise. Pour cela il vous faudra traquer les erreurs d\u2019UX et de parcours clients dans tous les compartiments de votre relation client en ligne. Dans ce billet nous faisons appel \u00e0 l\u2019expertise d\u2019Olivier Sauvage (Wexperience) et de Marie-Evelyne Gauze (Emarsys) afin de couvrir cette compl\u00e9mentarit\u00e9 entre UX et CX<\/em><i>.\u00a0<\/i><\/p>\n<p><a href=\"https:\/\/visionarymarketing.com\/fr\/2022\/05\/conseils-experience-clients\/\">Lire le billet sur l&rsquo;exp\u00e9rience client<\/a><\/p>\n<h3 id=\"article4\">#4 &#8211; 5 conseils pour r\u00e9ussir son hyperpersonnalisation en email marketing<\/h3>\n<p><em><img decoding=\"async\" class=\"size-thumbnail wp-image-69233 alignright\" src=\"https:\/\/visionarymarketing.com\/wp-content\/uploads\/2022\/05\/jumpstory-download20220529-150607-150x150.jpg\" alt=\"\" width=\"150\" height=\"150\" \/>La personnalisation est un sujet qui ne fait plus d\u00e9bat. Et pourtant, eMarketer indique que 93\u00a0% des consommateurs ne per\u00e7oivent pas de personnalisation dans les messages qu\u2019ils re\u00e7oivent. Dans ce billet nous dressons un \u00e9tat des lieux de la personnalisation en nous appuyant sur des dossiers et \u00e9tudes r\u00e9cents, et nous avons demand\u00e9, dans un deuxi\u00e8me temps, \u00e0 Christine Ah-Kang d\u2019Emarsys de nous confier ses 5 conseils pratiques (+1 en conclusion) pour r\u00e9ussir l\u2019hyperpersonnalisation en e-mail marketing.<\/em><\/p>\n<p><a href=\"https:\/\/visionarymarketing.com\/fr\/2022\/05\/hyperpersonnalisation-e-mail-marketing\/\">Lire le billet sur l&rsquo;hyperpersonnalisation des campagnes d&rsquo;e-mail marketing<\/a><\/p>\n<\/div>\n<h3 id=\"article5\">#5 &#8211; Marketing omnicanal\u00a0: jusque 10\u00a0% de CA en plus gr\u00e2ce \u00e0 l\u2019IA<\/h3>\n<p><em><img decoding=\"async\" class=\"wp-image-69402 size-thumbnail alignleft\" src=\"https:\/\/visionarymarketing.com\/wp-content\/uploads\/2022\/06\/jumpstory-download20220606-170051-150x150.jpg\" alt=\"marketing omnicanal\" width=\"150\" height=\"150\" \/>L\u2019IA coupl\u00e9e \u00e0 un outil de gestion marketing omnicanal permet de faire gagner jusque 10\u00a0% de CA et r\u00e9duire le churn de 24\u00a0% m\u2019a expliqu\u00e9 Pauline Delbos, Global Senior Customer Marketing Manager chez Emarsys. Elle en a profit\u00e9 pour me livrer ses 5 conseils principaux pour r\u00e9ussir strat\u00e9gie de marketing omnicanal. Dans ce billet, le 5e de notre s\u00e9rie d\u00e9di\u00e9e au marketing digital, nous avons dress\u00e9 le portrait du marketing omnicanal, de ses chiffres principaux et fait l\u2019inventaire du chemin qui reste \u00e0 parcourir pour atteindre une performance optimale.<\/em><\/p>\n<p>Lire le billet sur les <a href=\"https:\/\/visionarymarketing.com\/fr\/2022\/06\/marketing-omnicanal\/\">5 conseils de Pauline Delbos pour r\u00e9ussir sa strat\u00e9gie marketing omnicanale<\/a><\/p>\n<h3 id=\"article6\">#6 &#8211; Le marketing automation : le\u00e7ons du terrain avec Megan Hostetler<\/h3>\n<p><img decoding=\"async\" class=\"wp-image-69676 size-thumbnail alignright\" src=\"https:\/\/visionarymarketing.com\/wp-content\/uploads\/2022\/06\/jumpstory-download20220609-092909-1-150x150.jpg\" alt=\"marketing automation\" width=\"150\" height=\"150\" \/><\/p>\n<p><em>Conseils avis\u00e9s de la part d\u2019une experte du domaine aux marketeurs en recherche d&rsquo;optimisation de leurs projets de marketing automation. Le marketing automation omnicanal apporte une valeur ajout\u00e9e sans \u00e9gale aux distributeurs et entreprises du B2C, notamment en ce qui concerne l\u2019alignement du marketing et des ventes. M\u00eame si ces technologies sont implant\u00e9es depuis longtemps d\u00e9j\u00e0, nous nous sommes demand\u00e9 si les marketeurs les utilisaient \u00e0 100% de leurs possibilit\u00e9s. Nous avons demand\u00e9 \u00e0 Megan Hostetler, Global Senior Product Marketing Manager chez Emarsys, de partager ses meilleures pratiques avec nos lecteurs.<\/em><\/p>\n<p>Lire le billet sur <a href=\"https:\/\/visionarymarketing.com\/fr\/2022\/06\/marketing-automation-conseils-pratiques\/\">les conseils de Megan sur le marketing automation<\/a><\/p>\n<div class=\"entry-content\">\n<h3 id=\"article7\">#7 &#8211; Un bon programme de fid\u00e9lisation englobe l&rsquo;exp\u00e9rience client<\/h3>\n<p><img decoding=\"async\" class=\"wp-image-69998 size-thumbnail alignleft\" src=\"https:\/\/visionarymarketing.com\/wp-content\/uploads\/2022\/06\/e-commerce_4912373-e1656145088206-150x150.jpg\" alt=\"\" width=\"150\" height=\"150\" \/><\/p>\n<p><em>Un bon programme de fid\u00e9lisation implique forc\u00e9ment tous les services qui gravitent autour de lui. Ceci implique, outre une communication sans faille et personnalis\u00e9e avec ses clients, que l&rsquo;exp\u00e9rience client soit \u00e0 la hauteur. Une exp\u00e9rience client sans couture depuis l\u2019exp\u00e9rience en magasin, les achats sur le site Web, et bien s\u00fbr, les livraisons et le support client. C&rsquo;est l&rsquo;ensemble de ces \u00a0\u00e9l\u00e9ments qui peuvent, en fin de compte, contribuer \u00e0 fid\u00e9liser les clients et m\u00eame les inciter \u00e0 devenir ambassadeurs de la marque. Vanessa Noppe, Solution Consultant chez Emarsys a partag\u00e9 avec nous son\u00a0exp\u00e9rience issue de la mise en place de ce type de programme.<\/em><\/p>\n<p>Lire le billet sur <a href=\"https:\/\/visionarymarketing.com\/fr\/2022\/06\/programme-de-fidelite\/\">les programmes de fid\u00e9lisation<\/a><\/p>\n<\/div>\n","protected":false},"excerpt":{"rendered":"<p>Nous publions sur les pages de Visionary marketing, en\u00a0partenariat avec Emarsys, \u00e0 compter de mars 2022, un\u00a0dossier compos\u00e9 de sept billets (et podcasts) intitul\u00e9s comment planter (ou r\u00e9ussir) son marketing digital. Ce dossier sera \u00e9galement\u00a0suivi d&rsquo;un webinaire qui aura\u00a0lieu le 5\u00a0avril 2022. Une fois ce dossier\u00a0sur le marketing digital boucl\u00e9, nous le r\u00e9capitulerons au sein &hellip;<\/p>\n","protected":false},"author":2,"featured_media":67230,"parent":0,"menu_order":0,"comment_status":"closed","ping_status":"closed","template":"","meta":{"footnotes":""},"class_list":["post-66718","page","type-page","status-publish","has-post-thumbnail","hentry"],"yoast_head":"<!-- This site is optimized with the Yoast SEO plugin v27.5 - https:\/\/yoast.com\/product\/yoast-seo-wordpress\/ -->\n<title>Dossier digital marketing : comment se planter ou r\u00e9ussir ?<\/title>\n<meta name=\"description\" content=\"Dossier du digital marketing en\u00a0partenariat avec Emarsys, \u00e0 compter de mars 2022, une s\u00e9rie de six billets sur le marketing digital\" \/>\n<meta name=\"robots\" content=\"index, follow, max-snippet:-1, max-image-preview:large, max-video-preview:-1\" \/>\n<link rel=\"canonical\" href=\"https:\/\/visionarymarketing.com\/fr\/dossier-comment-planter-son-marketing-digital\/\" \/>\n<meta property=\"og:locale\" content=\"fr_FR\" \/>\n<meta property=\"og:type\" content=\"article\" \/>\n<meta property=\"og:title\" content=\"Dossier digital marketing : comment se planter ou r\u00e9ussir ?\" \/>\n<meta property=\"og:description\" content=\"Dossier du digital marketing en\u00a0partenariat avec Emarsys, \u00e0 compter de mars 2022, une s\u00e9rie de six billets sur le marketing digital\" \/>\n<meta property=\"og:url\" content=\"https:\/\/visionarymarketing.com\/fr\/dossier-comment-planter-son-marketing-digital\/\" \/>\n<meta property=\"og:site_name\" content=\"Marketing and Innovation\" \/>\n<meta property=\"article:publisher\" content=\"https:\/\/www.facebook.com\/vismktg\" \/>\n<meta property=\"article:modified_time\" content=\"2024-08-29T12:43:17+00:00\" \/>\n<meta property=\"og:image\" content=\"https:\/\/visionarymarketing.com\/wp-content\/uploads\/2022\/03\/visionary-marketing-thumbnail.jpg\" \/>\n\t<meta property=\"og:image:width\" content=\"520\" \/>\n\t<meta property=\"og:image:height\" content=\"340\" \/>\n\t<meta property=\"og:image:type\" content=\"image\/jpeg\" \/>\n<meta name=\"twitter:card\" content=\"summary_large_image\" \/>\n<meta name=\"twitter:site\" content=\"@ygourven\" \/>\n<meta name=\"twitter:label1\" content=\"Dur\u00e9e de lecture estim\u00e9e\" \/>\n\t<meta name=\"twitter:data1\" content=\"8 minutes\" \/>\n<script type=\"application\/ld+json\" class=\"yoast-schema-graph\">{\"@context\":\"https:\\\/\\\/schema.org\",\"@graph\":[{\"@type\":\"WebPage\",\"@id\":\"https:\\\/\\\/visionarymarketing.com\\\/fr\\\/dossier-comment-planter-son-marketing-digital\\\/\",\"url\":\"https:\\\/\\\/visionarymarketing.com\\\/fr\\\/dossier-comment-planter-son-marketing-digital\\\/\",\"name\":\"Dossier digital marketing : comment se planter ou r\u00e9ussir ?\",\"isPartOf\":{\"@id\":\"https:\\\/\\\/visionarymarketing.com\\\/fr\\\/#website\"},\"primaryImageOfPage\":{\"@id\":\"https:\\\/\\\/visionarymarketing.com\\\/fr\\\/dossier-comment-planter-son-marketing-digital\\\/#primaryimage\"},\"image\":{\"@id\":\"https:\\\/\\\/visionarymarketing.com\\\/fr\\\/dossier-comment-planter-son-marketing-digital\\\/#primaryimage\"},\"thumbnailUrl\":\"https:\\\/\\\/visionarymarketing.com\\\/wp-content\\\/uploads\\\/2022\\\/03\\\/visionary-marketing-thumbnail.jpg\",\"datePublished\":\"2022-03-11T13:49:37+00:00\",\"dateModified\":\"2024-08-29T12:43:17+00:00\",\"description\":\"Dossier du digital marketing en\u00a0partenariat avec Emarsys, \u00e0 compter de mars 2022, une s\u00e9rie de six billets sur le marketing digital\",\"breadcrumb\":{\"@id\":\"https:\\\/\\\/visionarymarketing.com\\\/fr\\\/dossier-comment-planter-son-marketing-digital\\\/#breadcrumb\"},\"inLanguage\":\"fr-FR\",\"potentialAction\":[{\"@type\":\"ReadAction\",\"target\":[\"https:\\\/\\\/visionarymarketing.com\\\/fr\\\/dossier-comment-planter-son-marketing-digital\\\/\"]}]},{\"@type\":\"ImageObject\",\"inLanguage\":\"fr-FR\",\"@id\":\"https:\\\/\\\/visionarymarketing.com\\\/fr\\\/dossier-comment-planter-son-marketing-digital\\\/#primaryimage\",\"url\":\"https:\\\/\\\/visionarymarketing.com\\\/wp-content\\\/uploads\\\/2022\\\/03\\\/visionary-marketing-thumbnail.jpg\",\"contentUrl\":\"https:\\\/\\\/visionarymarketing.com\\\/wp-content\\\/uploads\\\/2022\\\/03\\\/visionary-marketing-thumbnail.jpg\",\"width\":520,\"height\":340,\"caption\":\"Dossier comment planter son marketing digital\"},{\"@type\":\"BreadcrumbList\",\"@id\":\"https:\\\/\\\/visionarymarketing.com\\\/fr\\\/dossier-comment-planter-son-marketing-digital\\\/#breadcrumb\",\"itemListElement\":[{\"@type\":\"ListItem\",\"position\":1,\"name\":\"Home\",\"item\":\"https:\\\/\\\/visionarymarketing.com\\\/fr\\\/\"},{\"@type\":\"ListItem\",\"position\":2,\"name\":\"Dossier comment planter (ou r\u00e9ussir) son marketing digital \u00e0 coup s\u00fbr\"}]},{\"@type\":\"WebSite\",\"@id\":\"https:\\\/\\\/visionarymarketing.com\\\/fr\\\/#website\",\"url\":\"https:\\\/\\\/visionarymarketing.com\\\/fr\\\/\",\"name\":\"Marketing and Innovation\",\"description\":\"Site d&#039;infos ind\u00e9pendant, depuis 1996\",\"potentialAction\":[{\"@type\":\"SearchAction\",\"target\":{\"@type\":\"EntryPoint\",\"urlTemplate\":\"https:\\\/\\\/visionarymarketing.com\\\/fr\\\/?s={search_term_string}\"},\"query-input\":{\"@type\":\"PropertyValueSpecification\",\"valueRequired\":true,\"valueName\":\"search_term_string\"}}],\"inLanguage\":\"fr-FR\"}]}<\/script>\n<!-- \/ Yoast SEO plugin. -->","yoast_head_json":{"title":"Dossier digital marketing : comment se planter ou r\u00e9ussir ?","description":"Dossier du digital marketing en\u00a0partenariat avec Emarsys, \u00e0 compter de mars 2022, une s\u00e9rie de six billets sur le marketing digital","robots":{"index":"index","follow":"follow","max-snippet":"max-snippet:-1","max-image-preview":"max-image-preview:large","max-video-preview":"max-video-preview:-1"},"canonical":"https:\/\/visionarymarketing.com\/fr\/dossier-comment-planter-son-marketing-digital\/","og_locale":"fr_FR","og_type":"article","og_title":"Dossier digital marketing : comment se planter ou r\u00e9ussir ?","og_description":"Dossier du digital marketing en\u00a0partenariat avec Emarsys, \u00e0 compter de mars 2022, une s\u00e9rie de six billets sur le marketing digital","og_url":"https:\/\/visionarymarketing.com\/fr\/dossier-comment-planter-son-marketing-digital\/","og_site_name":"Marketing and Innovation","article_publisher":"https:\/\/www.facebook.com\/vismktg","article_modified_time":"2024-08-29T12:43:17+00:00","og_image":[{"width":520,"height":340,"url":"https:\/\/visionarymarketing.com\/wp-content\/uploads\/2022\/03\/visionary-marketing-thumbnail.jpg","type":"image\/jpeg"}],"twitter_card":"summary_large_image","twitter_site":"@ygourven","twitter_misc":{"Dur\u00e9e de lecture estim\u00e9e":"8 minutes"},"schema":{"@context":"https:\/\/schema.org","@graph":[{"@type":"WebPage","@id":"https:\/\/visionarymarketing.com\/fr\/dossier-comment-planter-son-marketing-digital\/","url":"https:\/\/visionarymarketing.com\/fr\/dossier-comment-planter-son-marketing-digital\/","name":"Dossier digital marketing : comment se planter ou r\u00e9ussir ?","isPartOf":{"@id":"https:\/\/visionarymarketing.com\/fr\/#website"},"primaryImageOfPage":{"@id":"https:\/\/visionarymarketing.com\/fr\/dossier-comment-planter-son-marketing-digital\/#primaryimage"},"image":{"@id":"https:\/\/visionarymarketing.com\/fr\/dossier-comment-planter-son-marketing-digital\/#primaryimage"},"thumbnailUrl":"https:\/\/visionarymarketing.com\/wp-content\/uploads\/2022\/03\/visionary-marketing-thumbnail.jpg","datePublished":"2022-03-11T13:49:37+00:00","dateModified":"2024-08-29T12:43:17+00:00","description":"Dossier du digital marketing en\u00a0partenariat avec Emarsys, \u00e0 compter de mars 2022, une s\u00e9rie de six billets sur le marketing digital","breadcrumb":{"@id":"https:\/\/visionarymarketing.com\/fr\/dossier-comment-planter-son-marketing-digital\/#breadcrumb"},"inLanguage":"fr-FR","potentialAction":[{"@type":"ReadAction","target":["https:\/\/visionarymarketing.com\/fr\/dossier-comment-planter-son-marketing-digital\/"]}]},{"@type":"ImageObject","inLanguage":"fr-FR","@id":"https:\/\/visionarymarketing.com\/fr\/dossier-comment-planter-son-marketing-digital\/#primaryimage","url":"https:\/\/visionarymarketing.com\/wp-content\/uploads\/2022\/03\/visionary-marketing-thumbnail.jpg","contentUrl":"https:\/\/visionarymarketing.com\/wp-content\/uploads\/2022\/03\/visionary-marketing-thumbnail.jpg","width":520,"height":340,"caption":"Dossier comment planter son marketing digital"},{"@type":"BreadcrumbList","@id":"https:\/\/visionarymarketing.com\/fr\/dossier-comment-planter-son-marketing-digital\/#breadcrumb","itemListElement":[{"@type":"ListItem","position":1,"name":"Home","item":"https:\/\/visionarymarketing.com\/fr\/"},{"@type":"ListItem","position":2,"name":"Dossier comment planter (ou r\u00e9ussir) son marketing digital \u00e0 coup s\u00fbr"}]},{"@type":"WebSite","@id":"https:\/\/visionarymarketing.com\/fr\/#website","url":"https:\/\/visionarymarketing.com\/fr\/","name":"Marketing and Innovation","description":"Site d&#039;infos ind\u00e9pendant, depuis 1996","potentialAction":[{"@type":"SearchAction","target":{"@type":"EntryPoint","urlTemplate":"https:\/\/visionarymarketing.com\/fr\/?s={search_term_string}"},"query-input":{"@type":"PropertyValueSpecification","valueRequired":true,"valueName":"search_term_string"}}],"inLanguage":"fr-FR"}]}},"_links":{"self":[{"href":"https:\/\/visionarymarketing.com\/fr\/wp-json\/wp\/v2\/pages\/66718","targetHints":{"allow":["GET"]}}],"collection":[{"href":"https:\/\/visionarymarketing.com\/fr\/wp-json\/wp\/v2\/pages"}],"about":[{"href":"https:\/\/visionarymarketing.com\/fr\/wp-json\/wp\/v2\/types\/page"}],"author":[{"embeddable":true,"href":"https:\/\/visionarymarketing.com\/fr\/wp-json\/wp\/v2\/users\/2"}],"replies":[{"embeddable":true,"href":"https:\/\/visionarymarketing.com\/fr\/wp-json\/wp\/v2\/comments?post=66718"}],"version-history":[{"count":0,"href":"https:\/\/visionarymarketing.com\/fr\/wp-json\/wp\/v2\/pages\/66718\/revisions"}],"wp:featuredmedia":[{"embeddable":true,"href":"https:\/\/visionarymarketing.com\/fr\/wp-json\/wp\/v2\/media\/67230"}],"wp:attachment":[{"href":"https:\/\/visionarymarketing.com\/fr\/wp-json\/wp\/v2\/media?parent=66718"}],"curies":[{"name":"wp","href":"https:\/\/api.w.org\/{rel}","templated":true}]}}