{"id":56639,"date":"2020-09-16T12:09:24","date_gmt":"2020-09-16T10:09:24","guid":{"rendered":"https:\/\/visionarymarketing.com\/?page_id=56639"},"modified":"2025-01-08T10:05:36","modified_gmt":"2025-01-08T09:05:36","slug":"4k-video-downloader","status":"publish","type":"page","link":"https:\/\/visionarymarketing.com\/fr\/4k-video-downloader\/","title":{"rendered":"4K Video Downloader Mode d&#8217;emploi et fonctionnalit\u00e9s"},"content":{"rendered":"<p>Cette page est un mode d&#8217;emploi simplifi\u00e9 du logiciel 4K Video Downloader que nous avons utilis\u00e9 dans le cadre du billet sur la <a href=\"https:\/\/visionarymarketing.com\/fr\/2020\/09\/strategie-video\/\">strat\u00e9gie Vid\u00e9o<\/a>. Nous y d\u00e9montrons les fonctionnalit\u00e9s que nous actionnons le plus r\u00e9guli\u00e8rement. Nous attirons votre attention sur le respect des droits des images et des cr\u00e9ations sur le Web.<\/p>\n<h2>4K Video Downloader Mode d&#8217;emploi et fonctionnalit\u00e9s<\/h2>\n<p><b><\/b>Nous d\u00e9montrons ici quelques unes des fonctionnalit\u00e9s les plus importantes de ce logiciel de t\u00e9l\u00e9chargement de vid\u00e9os sur YouTube et Facebook. On peut \u00e9galement utiliser cet utilitaire avec Vimeo, Vevo, Soundcloud, etc.<\/p>\n<div style=\"width: 1280px;\" class=\"wp-video\"><video class=\"wp-video-shortcode\" id=\"video-56639-1\" width=\"1280\" height=\"720\" preload=\"metadata\" controls=\"controls\"><source type=\"video\/mp4\" src=\"https:\/\/visionarymarketing.com\/wp-content\/uploads\/2025\/01\/4k-video-modemploi-archive.mp4?_=1\" \/><a href=\"https:\/\/visionarymarketing.com\/wp-content\/uploads\/2025\/01\/4k-video-modemploi-archive.mp4\">https:\/\/visionarymarketing.com\/wp-content\/uploads\/2025\/01\/4k-video-modemploi-archive.mp4<\/a><\/video><\/div>\n<p>Un tutoriel explicatif d\u00e9crivant le fonctionnement du logiciel en d\u00e9tail est disponible en fran\u00e7ais sur\u00a0<a href=\"https:\/\/www.4kdownload.com\/fr\/help\" target=\"_blank\" rel=\"noopener noreferrer\">https:\/\/www.4kdownload.com\/fr\/help<\/a><\/p>\n<h3>Liste des plateformes compatibles<\/h3>\n<p>Ce logiciel et <a href=\"https:\/\/www.4kdownload.com\/fr\/products\/product-youtubetomp3\" target=\"_blank\" rel=\"noopener noreferrer\">4K Youtube to MP3<\/a> ont \u00e9t\u00e9 d\u00e9velopp\u00e9s pour permettre le t\u00e9l\u00e9chargement de fichiers vid\u00e9o et audio depuis diff\u00e9rentes plateformes. Voici\u00a0au moment de la publication, la liste des plateformes compatibles :<\/p>\n<ul>\n<li><img loading=\"lazy\" decoding=\"async\" class=\"alignnone\" src=\"https:\/\/static.4kdownload.com\/main\/img\/logo\/youtube-16.dd1006084d72.png\" alt=\"4k Video Downloader\" width=\"16\" height=\"16\" \/><a href=\"http:\/\/www.youtube.com\/\" target=\"_blank\" rel=\"noopener noreferrer\">YouTube<\/a><\/li>\n<li><img loading=\"lazy\" decoding=\"async\" class=\"alignnone\" src=\"https:\/\/static.4kdownload.com\/main\/img\/logo\/facebook-16.f22d23fd0fd3.png\" alt=\"4k Video Downloader\" width=\"16\" height=\"16\" \/><a href=\"http:\/\/www.facebook.com\/\" target=\"_blank\" rel=\"noopener noreferrer\">Facebook<\/a><\/li>\n<li><img loading=\"lazy\" decoding=\"async\" class=\"alignnone\" src=\"https:\/\/static.4kdownload.com\/main\/img\/logo\/vimeo-16.bc44af7ac064.png\" alt=\"4k Video Downloader\" width=\"16\" height=\"16\" \/><a href=\"http:\/\/www.vimeo.com\/\" target=\"_blank\" rel=\"noopener noreferrer\">Vimeo<\/a><\/li>\n<li><img decoding=\"async\" src=\"https:\/\/static.4kdownload.com\/main\/img\/logo\/soundcloud-16.d0dc972906d9.png\" alt=\"SoundCloud\" \/><a href=\"http:\/\/soundcloud.com\/\" target=\"_blank\" rel=\"noopener noreferrer\">SoundCloud<\/a><\/li>\n<li><img decoding=\"async\" src=\"https:\/\/static.4kdownload.com\/main\/img\/logo\/flickr-16.4811c8612e26.png\" alt=\"Flickr\" \/><a href=\"http:\/\/flickr.com\/\" target=\"_blank\" rel=\"noopener noreferrer\">Flickr<\/a><\/li>\n<li><img loading=\"lazy\" decoding=\"async\" class=\"alignnone\" src=\"https:\/\/static.4kdownload.com\/main\/img\/logo\/dailymotion-16.b5ce24ce5de8.png\" alt=\"4k Video Downloader\" width=\"16\" height=\"16\" \/><a href=\"http:\/\/www.dailymotion.com\/\" target=\"_blank\" rel=\"noopener noreferrer\">Dailymotion<\/a><\/li>\n<li><img decoding=\"async\" src=\"https:\/\/web.archive.org\/web\/20210808124327\/https:\/\/static.4kdownload.com\/main\/img\/logo\/metacafe-16.89ad3a52eaab.png\" alt=\"Metacafe\" \/><a href=\"https:\/\/web.archive.org\/web\/20210828061729\/https:\/\/www.metacafe.com\/\" target=\"_blank\" rel=\"noopener noreferrer\">Metacafe<\/a><\/li>\n<li><img decoding=\"async\" src=\"https:\/\/static.4kdownload.com\/main\/img\/redesign\/twitch.f4fc41762e69.svg\" alt=\"Twitch\" width=\"16\" \/><a href=\"https:\/\/www.twitch.tv\/\" target=\"_blank\" rel=\"noopener noreferrer\">Twitch<\/a> &#8211; Streams enregistr\u00e9s<\/li>\n<li><img decoding=\"async\" src=\"https:\/\/static.4kdownload.com\/main\/img\/redesign\/supported-sites-logo\/tiktok.4c5dfe48d270.svg\" alt=\"TikTok\" width=\"16\" \/><a href=\"https:\/\/www.tiktok.com\/\" target=\"_blank\" rel=\"noopener noreferrer\">TikTok<\/a><\/li>\n<li><img decoding=\"async\" src=\"https:\/\/static.4kdownload.com\/main\/img\/redesign\/supported-sites-logo\/likee.ee66c23f8951.png\" alt=\"Likee\" width=\"16\" \/><a href=\"https:\/\/likee.com\/\" target=\"_blank\" rel=\"noopener noreferrer\">Likee<\/a><\/li>\n<\/ul>\n<p>Si avec 4K Video Downloader vous n&rsquo;\u00eates pas en mesure de t\u00e9l\u00e9charger une vid\u00e9o, envoyez un message \u00e0\u00a0<a href=\"mailto:support@4kdownload.com\">support@4kdownload.com<\/a>\u00a0afin qu&rsquo;ils \u00e9tudient la possibilit\u00e9 d&rsquo;inclure la plateforme que vous avez utilis\u00e9e \u00e0 la liste des sites compatibles. Si cela est possible, le d\u00e9lai est de deux ou trois semaines.<\/p>\n<p><em>Nous rappelons \u00e0 nos lecteurs que l&rsquo;utilisation de ce logiciel est soumise au respect des r\u00e8gles en vigueur de copyright et de droits d&rsquo;auteurs. En aucun cas il n&rsquo;est permis de prendre des vid\u00e9os sans autorisation afin de les rediffuser pour ses propres besoins. Il est donc conseill\u00e9 de se rapprocher du cr\u00e9ateur de l&rsquo;oeuvre originale afin d&rsquo;obtenir une autorisation en bonne et due forme. Une courte citation est possible dans certains cas.\u00a0<\/em><\/p>\n<p>Pour plus de d\u00e9tails sur les vid\u00e9os en haute d\u00e9finition vous pouvez consulter <a href=\"https:\/\/www.4kdownload.com\/fr\/howto\/howto-download-youtube-1080p-or-720p\" target=\"_blank\" rel=\"noopener noreferrer\">ce billet<\/a> sur les pages d&rsquo;aide du logiciel<\/p>\n<div itemscope itemtype=\"http:\/\/schema.org\/AudioObject\"><meta itemprop=\"name\" content=\"4K Video Downloader Mode d&amp;#8217;emploi et fonctionnalit\u00e9s\" \/><meta itemprop=\"uploadDate\" content=\"2020-09-16T12:09:24+02:00\" \/><meta itemprop=\"encodingFormat\" content=\"audio\/mpeg\" \/><meta itemprop=\"duration\" content=\"PT5M09S\" \/><meta itemprop=\"description\" content=\"Cette page est un mode d&#039;emploi simplifi\u00e9 du logiciel 4K Video Downloader que nous avons utilis\u00e9 dans le cadre du billet sur la strat\u00e9gie Vid\u00e9o. Nous y d\u00e9montrons les fonctionnalit\u00e9s que nous actionnons le plus r\u00e9guli\u00e8rement. Nous attirons votre atte...\" \/><meta itemprop=\"contentUrl\" content=\"https:\/\/media.blubrry.com\/visionarymarketing_les\/agence.visionarymarketing.com\/files\/podcasts\/2021-10-24-4K-Downloader-tutoriel.mp3\" \/><meta itemprop=\"contentSize\" content=\"3.8\" \/><div class=\"powerpress_player\" id=\"powerpress_player_9776\"><audio class=\"wp-audio-shortcode\" id=\"audio-56639-1\" preload=\"none\" style=\"width: 100%;\" controls=\"controls\"><source type=\"audio\/mpeg\" src=\"https:\/\/media.blubrry.com\/visionarymarketing_les\/agence.visionarymarketing.com\/files\/podcasts\/2021-10-24-4K-Downloader-tutoriel.mp3?_=1\" \/><a href=\"https:\/\/media.blubrry.com\/visionarymarketing_les\/agence.visionarymarketing.com\/files\/podcasts\/2021-10-24-4K-Downloader-tutoriel.mp3\">https:\/\/media.blubrry.com\/visionarymarketing_les\/agence.visionarymarketing.com\/files\/podcasts\/2021-10-24-4K-Downloader-tutoriel.mp3<\/a><\/audio><\/div><\/div><p class=\"powerpress_links powerpress_links_mp3\" style=\"margin-bottom: 1px !important;\">Podcast: <a href=\"https:\/\/media.blubrry.com\/visionarymarketing_les\/agence.visionarymarketing.com\/files\/podcasts\/2021-10-24-4K-Downloader-tutoriel.mp3\" class=\"powerpress_link_pinw\" target=\"_blank\" title=\"Play in new window\" onclick=\"return powerpress_pinw('https:\/\/visionarymarketing.com\/fr\/\/?powerpress_pinw=56639-podcast');\" rel=\"nofollow\">Play in new window<\/a> | <a href=\"https:\/\/media.blubrry.com\/visionarymarketing_les\/agence.visionarymarketing.com\/files\/podcasts\/2021-10-24-4K-Downloader-tutoriel.mp3\" class=\"powerpress_link_d\" title=\"Download\" rel=\"nofollow\" download=\"2021-10-24-4K-Downloader-tutoriel.mp3\">Download<\/a> (Duration: 5:09 &#8212; 3.8MB)<\/p>","protected":false},"excerpt":{"rendered":"<p>Cette page est un mode d&#8217;emploi simplifi\u00e9 du logiciel 4K Video Downloader que nous avons utilis\u00e9 dans le cadre du billet sur la strat\u00e9gie Vid\u00e9o. Nous y d\u00e9montrons les fonctionnalit\u00e9s que nous actionnons le plus r\u00e9guli\u00e8rement. Nous attirons votre attention sur le respect des droits des images et des cr\u00e9ations sur le Web. 4K Video &hellip;<\/p>\n","protected":false},"author":2,"featured_media":56644,"parent":0,"menu_order":0,"comment_status":"closed","ping_status":"closed","template":"","meta":{"footnotes":""},"class_list":["post-56639","page","type-page","status-publish","has-post-thumbnail","hentry"],"yoast_head":"<!-- This site is optimized with the Yoast SEO plugin v27.5 - https:\/\/yoast.com\/product\/yoast-seo-wordpress\/ -->\n<title>4K Video Downloader Mode d&#039;emploi et fonctionnalit\u00e9s<\/title>\n<meta name=\"description\" content=\"Cette page est un mode d&#039;emploi simplifi\u00e9 du logiciel 4K Video Downloader que nous avons utilis\u00e9 dans notre billet sur la strat\u00e9gie Vid\u00e9o\" \/>\n<meta name=\"robots\" content=\"index, follow, max-snippet:-1, max-image-preview:large, max-video-preview:-1\" \/>\n<link rel=\"canonical\" href=\"https:\/\/visionarymarketing.com\/fr\/4k-video-downloader\/\" \/>\n<meta property=\"og:locale\" content=\"fr_FR\" \/>\n<meta property=\"og:type\" content=\"article\" \/>\n<meta property=\"og:title\" content=\"4K Video Downloader Mode d&#039;emploi et fonctionnalit\u00e9s\" \/>\n<meta property=\"og:description\" content=\"Cette page est un mode d&#039;emploi simplifi\u00e9 du logiciel 4K Video Downloader que nous avons utilis\u00e9 dans notre billet sur la strat\u00e9gie Vid\u00e9o\" \/>\n<meta property=\"og:url\" content=\"https:\/\/visionarymarketing.com\/fr\/4k-video-downloader\/\" \/>\n<meta property=\"og:site_name\" content=\"Marketing and Innovation\" \/>\n<meta property=\"article:publisher\" content=\"https:\/\/www.facebook.com\/vismktg\" \/>\n<meta property=\"article:modified_time\" content=\"2025-01-08T09:05:36+00:00\" \/>\n<meta property=\"og:image\" content=\"https:\/\/visionarymarketing.com\/wp-content\/uploads\/2020\/09\/screenshot-2020-09-16-at-11-54-28-1.jpg\" \/>\n\t<meta property=\"og:image:width\" content=\"1198\" \/>\n\t<meta property=\"og:image:height\" content=\"773\" \/>\n\t<meta property=\"og:image:type\" content=\"image\/jpeg\" \/>\n<meta name=\"twitter:card\" content=\"summary_large_image\" \/>\n<meta name=\"twitter:site\" content=\"@ygourven\" \/>\n<meta name=\"twitter:label1\" content=\"Dur\u00e9e de lecture estim\u00e9e\" \/>\n\t<meta name=\"twitter:data1\" content=\"4 minutes\" \/>\n<script type=\"application\/ld+json\" class=\"yoast-schema-graph\">{\"@context\":\"https:\\\/\\\/schema.org\",\"@graph\":[{\"@type\":\"WebPage\",\"@id\":\"https:\\\/\\\/visionarymarketing.com\\\/fr\\\/4k-video-downloader\\\/\",\"url\":\"https:\\\/\\\/visionarymarketing.com\\\/fr\\\/4k-video-downloader\\\/\",\"name\":\"4K Video Downloader Mode d'emploi et fonctionnalit\u00e9s\",\"isPartOf\":{\"@id\":\"https:\\\/\\\/visionarymarketing.com\\\/fr\\\/#website\"},\"primaryImageOfPage\":{\"@id\":\"https:\\\/\\\/visionarymarketing.com\\\/fr\\\/4k-video-downloader\\\/#primaryimage\"},\"image\":{\"@id\":\"https:\\\/\\\/visionarymarketing.com\\\/fr\\\/4k-video-downloader\\\/#primaryimage\"},\"thumbnailUrl\":\"https:\\\/\\\/visionarymarketing.com\\\/wp-content\\\/uploads\\\/2020\\\/09\\\/screenshot-2020-09-16-at-11-54-28-1.jpg\",\"datePublished\":\"2020-09-16T10:09:24+00:00\",\"dateModified\":\"2025-01-08T09:05:36+00:00\",\"description\":\"Cette page est un mode d'emploi simplifi\u00e9 du logiciel 4K Video Downloader que nous avons utilis\u00e9 dans notre billet sur la strat\u00e9gie Vid\u00e9o\",\"breadcrumb\":{\"@id\":\"https:\\\/\\\/visionarymarketing.com\\\/fr\\\/4k-video-downloader\\\/#breadcrumb\"},\"inLanguage\":\"fr-FR\",\"potentialAction\":[{\"@type\":\"ReadAction\",\"target\":[\"https:\\\/\\\/visionarymarketing.com\\\/fr\\\/4k-video-downloader\\\/\"]}]},{\"@type\":\"ImageObject\",\"inLanguage\":\"fr-FR\",\"@id\":\"https:\\\/\\\/visionarymarketing.com\\\/fr\\\/4k-video-downloader\\\/#primaryimage\",\"url\":\"https:\\\/\\\/visionarymarketing.com\\\/wp-content\\\/uploads\\\/2020\\\/09\\\/screenshot-2020-09-16-at-11-54-28-1.jpg\",\"contentUrl\":\"https:\\\/\\\/visionarymarketing.com\\\/wp-content\\\/uploads\\\/2020\\\/09\\\/screenshot-2020-09-16-at-11-54-28-1.jpg\",\"width\":1198,\"height\":773,\"caption\":\"4k video downloader\"},{\"@type\":\"BreadcrumbList\",\"@id\":\"https:\\\/\\\/visionarymarketing.com\\\/fr\\\/4k-video-downloader\\\/#breadcrumb\",\"itemListElement\":[{\"@type\":\"ListItem\",\"position\":1,\"name\":\"Home\",\"item\":\"https:\\\/\\\/visionarymarketing.com\\\/fr\\\/\"},{\"@type\":\"ListItem\",\"position\":2,\"name\":\"4K Video Downloader Mode d&#8217;emploi et fonctionnalit\u00e9s\"}]},{\"@type\":\"WebSite\",\"@id\":\"https:\\\/\\\/visionarymarketing.com\\\/fr\\\/#website\",\"url\":\"https:\\\/\\\/visionarymarketing.com\\\/fr\\\/\",\"name\":\"Marketing and Innovation\",\"description\":\"Site d&#039;infos ind\u00e9pendant, depuis 1996\",\"potentialAction\":[{\"@type\":\"SearchAction\",\"target\":{\"@type\":\"EntryPoint\",\"urlTemplate\":\"https:\\\/\\\/visionarymarketing.com\\\/fr\\\/?s={search_term_string}\"},\"query-input\":{\"@type\":\"PropertyValueSpecification\",\"valueRequired\":true,\"valueName\":\"search_term_string\"}}],\"inLanguage\":\"fr-FR\"}]}<\/script>\n<!-- \/ Yoast SEO plugin. -->","yoast_head_json":{"title":"4K Video Downloader Mode d'emploi et fonctionnalit\u00e9s","description":"Cette page est un mode d'emploi simplifi\u00e9 du logiciel 4K Video Downloader que nous avons utilis\u00e9 dans notre billet sur la strat\u00e9gie Vid\u00e9o","robots":{"index":"index","follow":"follow","max-snippet":"max-snippet:-1","max-image-preview":"max-image-preview:large","max-video-preview":"max-video-preview:-1"},"canonical":"https:\/\/visionarymarketing.com\/fr\/4k-video-downloader\/","og_locale":"fr_FR","og_type":"article","og_title":"4K Video Downloader Mode d'emploi et fonctionnalit\u00e9s","og_description":"Cette page est un mode d'emploi simplifi\u00e9 du logiciel 4K Video Downloader que nous avons utilis\u00e9 dans notre billet sur la strat\u00e9gie Vid\u00e9o","og_url":"https:\/\/visionarymarketing.com\/fr\/4k-video-downloader\/","og_site_name":"Marketing and Innovation","article_publisher":"https:\/\/www.facebook.com\/vismktg","article_modified_time":"2025-01-08T09:05:36+00:00","og_image":[{"width":1198,"height":773,"url":"https:\/\/visionarymarketing.com\/wp-content\/uploads\/2020\/09\/screenshot-2020-09-16-at-11-54-28-1.jpg","type":"image\/jpeg"}],"twitter_card":"summary_large_image","twitter_site":"@ygourven","twitter_misc":{"Dur\u00e9e de lecture estim\u00e9e":"4 minutes"},"schema":{"@context":"https:\/\/schema.org","@graph":[{"@type":"WebPage","@id":"https:\/\/visionarymarketing.com\/fr\/4k-video-downloader\/","url":"https:\/\/visionarymarketing.com\/fr\/4k-video-downloader\/","name":"4K Video Downloader Mode d'emploi et fonctionnalit\u00e9s","isPartOf":{"@id":"https:\/\/visionarymarketing.com\/fr\/#website"},"primaryImageOfPage":{"@id":"https:\/\/visionarymarketing.com\/fr\/4k-video-downloader\/#primaryimage"},"image":{"@id":"https:\/\/visionarymarketing.com\/fr\/4k-video-downloader\/#primaryimage"},"thumbnailUrl":"https:\/\/visionarymarketing.com\/wp-content\/uploads\/2020\/09\/screenshot-2020-09-16-at-11-54-28-1.jpg","datePublished":"2020-09-16T10:09:24+00:00","dateModified":"2025-01-08T09:05:36+00:00","description":"Cette page est un mode d'emploi simplifi\u00e9 du logiciel 4K Video Downloader que nous avons utilis\u00e9 dans notre billet sur la strat\u00e9gie Vid\u00e9o","breadcrumb":{"@id":"https:\/\/visionarymarketing.com\/fr\/4k-video-downloader\/#breadcrumb"},"inLanguage":"fr-FR","potentialAction":[{"@type":"ReadAction","target":["https:\/\/visionarymarketing.com\/fr\/4k-video-downloader\/"]}]},{"@type":"ImageObject","inLanguage":"fr-FR","@id":"https:\/\/visionarymarketing.com\/fr\/4k-video-downloader\/#primaryimage","url":"https:\/\/visionarymarketing.com\/wp-content\/uploads\/2020\/09\/screenshot-2020-09-16-at-11-54-28-1.jpg","contentUrl":"https:\/\/visionarymarketing.com\/wp-content\/uploads\/2020\/09\/screenshot-2020-09-16-at-11-54-28-1.jpg","width":1198,"height":773,"caption":"4k video downloader"},{"@type":"BreadcrumbList","@id":"https:\/\/visionarymarketing.com\/fr\/4k-video-downloader\/#breadcrumb","itemListElement":[{"@type":"ListItem","position":1,"name":"Home","item":"https:\/\/visionarymarketing.com\/fr\/"},{"@type":"ListItem","position":2,"name":"4K Video Downloader Mode d&#8217;emploi et fonctionnalit\u00e9s"}]},{"@type":"WebSite","@id":"https:\/\/visionarymarketing.com\/fr\/#website","url":"https:\/\/visionarymarketing.com\/fr\/","name":"Marketing and Innovation","description":"Site d&#039;infos ind\u00e9pendant, depuis 1996","potentialAction":[{"@type":"SearchAction","target":{"@type":"EntryPoint","urlTemplate":"https:\/\/visionarymarketing.com\/fr\/?s={search_term_string}"},"query-input":{"@type":"PropertyValueSpecification","valueRequired":true,"valueName":"search_term_string"}}],"inLanguage":"fr-FR"}]}},"_links":{"self":[{"href":"https:\/\/visionarymarketing.com\/fr\/wp-json\/wp\/v2\/pages\/56639","targetHints":{"allow":["GET"]}}],"collection":[{"href":"https:\/\/visionarymarketing.com\/fr\/wp-json\/wp\/v2\/pages"}],"about":[{"href":"https:\/\/visionarymarketing.com\/fr\/wp-json\/wp\/v2\/types\/page"}],"author":[{"embeddable":true,"href":"https:\/\/visionarymarketing.com\/fr\/wp-json\/wp\/v2\/users\/2"}],"replies":[{"embeddable":true,"href":"https:\/\/visionarymarketing.com\/fr\/wp-json\/wp\/v2\/comments?post=56639"}],"version-history":[{"count":0,"href":"https:\/\/visionarymarketing.com\/fr\/wp-json\/wp\/v2\/pages\/56639\/revisions"}],"wp:featuredmedia":[{"embeddable":true,"href":"https:\/\/visionarymarketing.com\/fr\/wp-json\/wp\/v2\/media\/56644"}],"wp:attachment":[{"href":"https:\/\/visionarymarketing.com\/fr\/wp-json\/wp\/v2\/media?parent=56639"}],"curies":[{"name":"wp","href":"https:\/\/api.w.org\/{rel}","templated":true}]}}