{"id":53007,"date":"2020-05-05T15:10:30","date_gmt":"2020-05-05T13:10:30","guid":{"rendered":"https:\/\/visionarymarketing.com\/?page_id=53007"},"modified":"2024-03-30T10:14:42","modified_gmt":"2024-03-30T09:14:42","slug":"replay-webinaires","status":"publish","type":"page","link":"https:\/\/visionarymarketing.com\/fr\/replay-webinaires\/","title":{"rendered":"Les webinaires de Visionary Marketing"},"content":{"rendered":"<p><i>Les webinaires de Visionary Marketing sont n\u00e9s des missions que nous avons r\u00e9alis\u00e9es avec nos clients. Plus de 100 \u00e9v\u00e9nements et des milliers d&rsquo;auditeurs plus loin, nous avons d\u00e9cid\u00e9 de r\u00e9utiliser webinathon.com Il\u00a0s&rsquo;agit d&rsquo;un nom de domaine cr\u00e9\u00e9 pour vous permettre de revoir nos \u00e9v\u00e9nements en ligne.\u00a0<\/i><\/p>\n<h2>Tous nos webinaires d&rsquo;un seul coup d&rsquo;\u0153il<\/h2>\n<p><iframe title=\"[Fr] Replay des webinaires de Visionary Marketing\" width=\"500\" height=\"281\" src=\"https:\/\/www.youtube.com\/embed\/videoseries?list=PL32v4sqVbHxvIqFWcFZ-irZEGWIIvfVjL\" frameborder=\"0\" allow=\"accelerometer; autoplay; clipboard-write; encrypted-media; gyroscope; picture-in-picture; web-share\" referrerpolicy=\"strict-origin-when-cross-origin\" allowfullscreen><\/iframe><\/p>\n<p>Souvent, nous recevons des demandes de nos utilisateurs qui n&rsquo;ont pas pu voir le replay de nos webinaires. Au lieu de leur r\u00e9pondre individuellement, nous avons d\u00e9cid\u00e9 de mettre en place cette page.<\/p>\n<p>Cette galerie sert donc d&rsquo;une part \u00e0 faire<a href=\"https:\/\/www.youtube.com\/playlist?list=PL32v4sqVbHxvIqFWcFZ-irZEGWIIvfVjL\" target=\"_blank\" rel=\"noopener noreferrer\"> l&rsquo;inventaire des webinaires pass\u00e9s<\/a> en fournissant un moyen ais\u00e9 d&rsquo;acc\u00e9der aux \u00ab\u00a0replay\u00a0\u00bb. Et d&rsquo;autre part \u00e0 annoncer les webinaires \u00e0 venir et faire les liens vers leurs pages d&rsquo;inscription.<\/p>\n<h3>Les Replay de nos webinaires sur la cha\u00eene YouTube de Visionary Marketing<\/h3>\n<p>Nous avons \u00e9galement cr\u00e9\u00e9 une playlist sur notre cha\u00eene YouTube qui vous emm\u00e8nera directement sur la liste compl\u00e8te \u2014 et toujours \u00e0 jour \u2014 de nos webinaires.<\/p>\n<p>Visionary Marketing organise \u00e9galement des \u00e9v\u00e9nements en ligne pour ses clients comme cela a \u00e9t\u00e9 le cas r\u00e9cemment pour <a href=\"https:\/\/emarsys.com\/fr\" target=\"_blank\" rel=\"noopener\">Emarsys<\/a>, <a href=\"https:\/\/csod.com\" target=\"_blank\" rel=\"noopener\">Cornerstone\u00a0on demand<\/a>, <a href=\"https:\/\/seismic.com\/fr\" target=\"_blank\" rel=\"noopener\">Seismic<\/a>, <a href=\"https:\/\/adobe.com\/fr\" target=\"_blank\" rel=\"noopener\">Adobe Systems France<\/a>, <a href=\"https:\/\/www.sparklane-group.com\/fr\/\" target=\"_blank\" rel=\"noopener\">Sparklane<\/a>, <a href=\"https:\/\/evolena.com\" target=\"_blank\" rel=\"noopener\">Evolena<\/a>, <a href=\"https:\/\/ooshot.com\" target=\"_blank\" rel=\"noopener\">Ooshot<\/a>,\u00a0<a href=\"https:\/\/alterbuzz.com\" target=\"_blank\" rel=\"noopener noreferrer\">Alterbuzz<\/a>, <a href=\"https:\/\/visionarymarketing.com\/fr\/2020\/04\/secteurs-b2b-coronavirus\/\">GetQuanty<\/a> et <a href=\"https:\/\/visionarymarketing.com\/fr\/2020\/05\/dxp\/\">Ibexa<\/a> pendant la p\u00e9riode du confinement de 2020.<\/p>\n<p>Nous accompagnons toujours nos animations de s\u00e9minaires sur le Web d&rsquo;un m\u00e9lange de contenu et d&rsquo;influence (que nous appelons \u00ab\u00a0<a href=\"https:\/\/visionarymarketing.com\/fr\/2016\/07\/marketing-de-l-influence-confluence\/\">confluence<\/a>\u00ab\u00a0), ce qui permet de maximiser l&rsquo;impact de l&rsquo;organisation de tels \u00e9v\u00e9nements.<\/p>\n<h3>La page originale du Webinathon d&rsquo;Orange Business Services<\/h3>\n<p>A l&rsquo;origine, le Webinathon fut un nom donn\u00e9 \u00e0 une s\u00e9rie de webinaires sur le sujet du cloud computing. Ils ont \u00e9t\u00e9 organis\u00e9s pour le compte\u00a0<a href=\"https:\/\/www.orange-business.com\" target=\"_blank\" rel=\"noopener\">Orange Business Services<\/a> entre 2015 et 2017.<\/p>\n<p>Ces \u00e9v\u00e9nements, au nombre d&rsquo;une centaine, avaient r\u00e9uni des dizaines de milliers de professionnels autour des sujets du cloud computing.<\/p>\n<p><a href=\"https:\/\/web.archive.org\/web\/20201017002303\/https:\/\/webikeo.fr\/chaine\/webinathon-big-data-cloud-computing\/\" target=\"_blank\" rel=\"noopener noreferrer\">On peut en retrouver une soixantaine ici sur cette page de Webikeo<\/a>. Cette initiative de contenus a valu \u00e0 notre client et \u00e0 Visionary Marketing d&rsquo;\u00eatre reconnus \u00ab\u00a0Meilleur Speaker\u00a0\u00bb <a href=\"https:\/\/visionarymarketing.com\/fr\/2016\/02\/webinaire\/\">Webikeo<\/a> en 2017.<\/p>\n<p><a href=\"https:\/\/web.archive.org\/web\/20201017002303\/https:\/\/webikeo.fr\/chaine\/webinathon-big-data-cloud-computing\/\" target=\"_blank\" rel=\"noopener noreferrer\"><img decoding=\"async\" class=\"alignright wp-image-54323 size-full\" src=\"https:\/\/visionarymarketing.com\/wp-content\/uploads\/2020\/07\/screenshot-2020-07-06-at-11-30-49-e1594028152229.jpg\" alt=\"webinathon - replay webinaires\" width=\"750\" height=\"617\" srcset=\"https:\/\/visionarymarketing.com\/wp-content\/uploads\/2020\/07\/screenshot-2020-07-06-at-11-30-49-e1594028152229.jpg 750w, https:\/\/visionarymarketing.com\/wp-content\/uploads\/2020\/07\/screenshot-2020-07-06-at-11-30-49-e1594028152229-365x300.jpg 365w\" sizes=\"(max-width: 750px) 100vw, 750px\" \/><\/a><\/p>\n","protected":false},"excerpt":{"rendered":"<p>Les webinaires de Visionary Marketing sont n\u00e9s des missions que nous avons r\u00e9alis\u00e9es avec nos clients. Plus de 100 \u00e9v\u00e9nements et des milliers d&rsquo;auditeurs plus loin, nous avons d\u00e9cid\u00e9 de r\u00e9utiliser webinathon.com Il\u00a0s&rsquo;agit d&rsquo;un nom de domaine cr\u00e9\u00e9 pour vous permettre de revoir nos \u00e9v\u00e9nements en ligne.\u00a0 Tous nos webinaires d&rsquo;un seul coup d&rsquo;\u0153il Souvent, &hellip;<\/p>\n","protected":false},"author":2,"featured_media":54253,"parent":0,"menu_order":0,"comment_status":"closed","ping_status":"closed","template":"","meta":{"footnotes":""},"class_list":["post-53007","page","type-page","status-publish","has-post-thumbnail","hentry"],"yoast_head":"<!-- This site is optimized with the Yoast SEO plugin v27.4 - https:\/\/yoast.com\/product\/yoast-seo-wordpress\/ -->\n<title>Webinaires : replay de nos \u00e9v\u00e9nements en ligne<\/title>\n<meta name=\"description\" content=\"Les webinaires de Visionary Marketing sont n\u00e9s de nosmissions avec Orange Business Services. 100+ webinaires et des milliers d&#039;auditeurs...\" \/>\n<meta name=\"robots\" content=\"index, follow, max-snippet:-1, max-image-preview:large, max-video-preview:-1\" \/>\n<link rel=\"canonical\" href=\"https:\/\/visionarymarketing.com\/fr\/replay-webinaires\/\" \/>\n<meta property=\"og:locale\" content=\"fr_FR\" \/>\n<meta property=\"og:type\" content=\"article\" \/>\n<meta property=\"og:title\" content=\"Webinaires : replay de nos \u00e9v\u00e9nements en ligne\" \/>\n<meta property=\"og:description\" content=\"Les webinaires de Visionary Marketing sont n\u00e9s de nosmissions avec Orange Business Services. 100+ webinaires et des milliers d&#039;auditeurs...\" \/>\n<meta property=\"og:url\" content=\"https:\/\/visionarymarketing.com\/fr\/replay-webinaires\/\" \/>\n<meta property=\"og:site_name\" content=\"Marketing and Innovation\" \/>\n<meta property=\"article:publisher\" content=\"https:\/\/www.facebook.com\/vismktg\" \/>\n<meta property=\"article:modified_time\" content=\"2024-03-30T09:14:42+00:00\" \/>\n<meta property=\"og:image\" content=\"https:\/\/visionarymarketing.com\/wp-content\/uploads\/2020\/07\/jumpstory-download20200703-044657-e1593751669453.jpg\" \/>\n\t<meta property=\"og:image:width\" content=\"519\" \/>\n\t<meta property=\"og:image:height\" content=\"339\" \/>\n\t<meta property=\"og:image:type\" content=\"image\/jpeg\" \/>\n<meta name=\"twitter:card\" content=\"summary_large_image\" \/>\n<meta name=\"twitter:site\" content=\"@ygourven\" \/>\n<meta name=\"twitter:label1\" content=\"Dur\u00e9e de lecture estim\u00e9e\" \/>\n\t<meta name=\"twitter:data1\" content=\"2 minutes\" \/>\n<script type=\"application\/ld+json\" class=\"yoast-schema-graph\">{\"@context\":\"https:\\\/\\\/schema.org\",\"@graph\":[{\"@type\":\"WebPage\",\"@id\":\"https:\\\/\\\/visionarymarketing.com\\\/fr\\\/replay-webinaires\\\/\",\"url\":\"https:\\\/\\\/visionarymarketing.com\\\/fr\\\/replay-webinaires\\\/\",\"name\":\"Webinaires : replay de nos \u00e9v\u00e9nements en ligne\",\"isPartOf\":{\"@id\":\"https:\\\/\\\/visionarymarketing.com\\\/fr\\\/#website\"},\"primaryImageOfPage\":{\"@id\":\"https:\\\/\\\/visionarymarketing.com\\\/fr\\\/replay-webinaires\\\/#primaryimage\"},\"image\":{\"@id\":\"https:\\\/\\\/visionarymarketing.com\\\/fr\\\/replay-webinaires\\\/#primaryimage\"},\"thumbnailUrl\":\"https:\\\/\\\/visionarymarketing.com\\\/wp-content\\\/uploads\\\/2020\\\/07\\\/jumpstory-download20200703-044657.jpg\",\"datePublished\":\"2020-05-05T13:10:30+00:00\",\"dateModified\":\"2024-03-30T09:14:42+00:00\",\"description\":\"Les webinaires de Visionary Marketing sont n\u00e9s de nosmissions avec Orange Business Services. 100+ webinaires et des milliers d'auditeurs...\",\"breadcrumb\":{\"@id\":\"https:\\\/\\\/visionarymarketing.com\\\/fr\\\/replay-webinaires\\\/#breadcrumb\"},\"inLanguage\":\"fr-FR\",\"potentialAction\":[{\"@type\":\"ReadAction\",\"target\":[\"https:\\\/\\\/visionarymarketing.com\\\/fr\\\/replay-webinaires\\\/\"]}]},{\"@type\":\"ImageObject\",\"inLanguage\":\"fr-FR\",\"@id\":\"https:\\\/\\\/visionarymarketing.com\\\/fr\\\/replay-webinaires\\\/#primaryimage\",\"url\":\"https:\\\/\\\/visionarymarketing.com\\\/wp-content\\\/uploads\\\/2020\\\/07\\\/jumpstory-download20200703-044657.jpg\",\"contentUrl\":\"https:\\\/\\\/visionarymarketing.com\\\/wp-content\\\/uploads\\\/2020\\\/07\\\/jumpstory-download20200703-044657.jpg\",\"width\":640,\"height\":360,\"caption\":\"webinaires\"},{\"@type\":\"BreadcrumbList\",\"@id\":\"https:\\\/\\\/visionarymarketing.com\\\/fr\\\/replay-webinaires\\\/#breadcrumb\",\"itemListElement\":[{\"@type\":\"ListItem\",\"position\":1,\"name\":\"Home\",\"item\":\"https:\\\/\\\/visionarymarketing.com\\\/fr\\\/\"},{\"@type\":\"ListItem\",\"position\":2,\"name\":\"Les webinaires de Visionary Marketing\"}]},{\"@type\":\"WebSite\",\"@id\":\"https:\\\/\\\/visionarymarketing.com\\\/fr\\\/#website\",\"url\":\"https:\\\/\\\/visionarymarketing.com\\\/fr\\\/\",\"name\":\"Marketing and Innovation\",\"description\":\"Site d&#039;infos ind\u00e9pendant, depuis 1996\",\"potentialAction\":[{\"@type\":\"SearchAction\",\"target\":{\"@type\":\"EntryPoint\",\"urlTemplate\":\"https:\\\/\\\/visionarymarketing.com\\\/fr\\\/?s={search_term_string}\"},\"query-input\":{\"@type\":\"PropertyValueSpecification\",\"valueRequired\":true,\"valueName\":\"search_term_string\"}}],\"inLanguage\":\"fr-FR\"}]}<\/script>\n<!-- \/ Yoast SEO plugin. -->","yoast_head_json":{"title":"Webinaires : replay de nos \u00e9v\u00e9nements en ligne","description":"Les webinaires de Visionary Marketing sont n\u00e9s de nosmissions avec Orange Business Services. 100+ webinaires et des milliers d'auditeurs...","robots":{"index":"index","follow":"follow","max-snippet":"max-snippet:-1","max-image-preview":"max-image-preview:large","max-video-preview":"max-video-preview:-1"},"canonical":"https:\/\/visionarymarketing.com\/fr\/replay-webinaires\/","og_locale":"fr_FR","og_type":"article","og_title":"Webinaires : replay de nos \u00e9v\u00e9nements en ligne","og_description":"Les webinaires de Visionary Marketing sont n\u00e9s de nosmissions avec Orange Business Services. 100+ webinaires et des milliers d'auditeurs...","og_url":"https:\/\/visionarymarketing.com\/fr\/replay-webinaires\/","og_site_name":"Marketing and Innovation","article_publisher":"https:\/\/www.facebook.com\/vismktg","article_modified_time":"2024-03-30T09:14:42+00:00","og_image":[{"width":519,"height":339,"url":"https:\/\/visionarymarketing.com\/wp-content\/uploads\/2020\/07\/jumpstory-download20200703-044657-e1593751669453.jpg","type":"image\/jpeg"}],"twitter_card":"summary_large_image","twitter_site":"@ygourven","twitter_misc":{"Dur\u00e9e de lecture estim\u00e9e":"2 minutes"},"schema":{"@context":"https:\/\/schema.org","@graph":[{"@type":"WebPage","@id":"https:\/\/visionarymarketing.com\/fr\/replay-webinaires\/","url":"https:\/\/visionarymarketing.com\/fr\/replay-webinaires\/","name":"Webinaires : replay de nos \u00e9v\u00e9nements en ligne","isPartOf":{"@id":"https:\/\/visionarymarketing.com\/fr\/#website"},"primaryImageOfPage":{"@id":"https:\/\/visionarymarketing.com\/fr\/replay-webinaires\/#primaryimage"},"image":{"@id":"https:\/\/visionarymarketing.com\/fr\/replay-webinaires\/#primaryimage"},"thumbnailUrl":"https:\/\/visionarymarketing.com\/wp-content\/uploads\/2020\/07\/jumpstory-download20200703-044657.jpg","datePublished":"2020-05-05T13:10:30+00:00","dateModified":"2024-03-30T09:14:42+00:00","description":"Les webinaires de Visionary Marketing sont n\u00e9s de nosmissions avec Orange Business Services. 100+ webinaires et des milliers d'auditeurs...","breadcrumb":{"@id":"https:\/\/visionarymarketing.com\/fr\/replay-webinaires\/#breadcrumb"},"inLanguage":"fr-FR","potentialAction":[{"@type":"ReadAction","target":["https:\/\/visionarymarketing.com\/fr\/replay-webinaires\/"]}]},{"@type":"ImageObject","inLanguage":"fr-FR","@id":"https:\/\/visionarymarketing.com\/fr\/replay-webinaires\/#primaryimage","url":"https:\/\/visionarymarketing.com\/wp-content\/uploads\/2020\/07\/jumpstory-download20200703-044657.jpg","contentUrl":"https:\/\/visionarymarketing.com\/wp-content\/uploads\/2020\/07\/jumpstory-download20200703-044657.jpg","width":640,"height":360,"caption":"webinaires"},{"@type":"BreadcrumbList","@id":"https:\/\/visionarymarketing.com\/fr\/replay-webinaires\/#breadcrumb","itemListElement":[{"@type":"ListItem","position":1,"name":"Home","item":"https:\/\/visionarymarketing.com\/fr\/"},{"@type":"ListItem","position":2,"name":"Les webinaires de Visionary Marketing"}]},{"@type":"WebSite","@id":"https:\/\/visionarymarketing.com\/fr\/#website","url":"https:\/\/visionarymarketing.com\/fr\/","name":"Marketing and Innovation","description":"Site d&#039;infos ind\u00e9pendant, depuis 1996","potentialAction":[{"@type":"SearchAction","target":{"@type":"EntryPoint","urlTemplate":"https:\/\/visionarymarketing.com\/fr\/?s={search_term_string}"},"query-input":{"@type":"PropertyValueSpecification","valueRequired":true,"valueName":"search_term_string"}}],"inLanguage":"fr-FR"}]}},"_links":{"self":[{"href":"https:\/\/visionarymarketing.com\/fr\/wp-json\/wp\/v2\/pages\/53007","targetHints":{"allow":["GET"]}}],"collection":[{"href":"https:\/\/visionarymarketing.com\/fr\/wp-json\/wp\/v2\/pages"}],"about":[{"href":"https:\/\/visionarymarketing.com\/fr\/wp-json\/wp\/v2\/types\/page"}],"author":[{"embeddable":true,"href":"https:\/\/visionarymarketing.com\/fr\/wp-json\/wp\/v2\/users\/2"}],"replies":[{"embeddable":true,"href":"https:\/\/visionarymarketing.com\/fr\/wp-json\/wp\/v2\/comments?post=53007"}],"version-history":[{"count":0,"href":"https:\/\/visionarymarketing.com\/fr\/wp-json\/wp\/v2\/pages\/53007\/revisions"}],"wp:featuredmedia":[{"embeddable":true,"href":"https:\/\/visionarymarketing.com\/fr\/wp-json\/wp\/v2\/media\/54253"}],"wp:attachment":[{"href":"https:\/\/visionarymarketing.com\/fr\/wp-json\/wp\/v2\/media?parent=53007"}],"curies":[{"name":"wp","href":"https:\/\/api.w.org\/{rel}","templated":true}]}}