{"id":4733,"date":"2006-01-30T18:30:02","date_gmt":"2006-01-30T17:30:02","guid":{"rendered":"\/about\/"},"modified":"2024-11-05T10:51:27","modified_gmt":"2024-11-05T09:51:27","slug":"marketing-innovation","status":"publish","type":"page","link":"https:\/\/visionarymarketing.com\/fr\/marketing-innovation\/","title":{"rendered":"\u00c0 propos de ce site"},"content":{"rendered":"<figure id=\"attachment_82010\" aria-describedby=\"caption-attachment-82010\" style=\"width: 250px\" class=\"wp-caption alignright\"><img decoding=\"async\" class=\"wp-image-82010 size-full\" src=\"https:\/\/visionarymarketing.com\/wp-content\/uploads\/2024\/11\/visionary-marketing-30-years.png\" alt=\"Visionary Marketing aura 30 ans en 2025\" width=\"250\" height=\"177\" \/><figcaption id=\"caption-attachment-82010\" class=\"wp-caption-text\">Visionary Marketing aura 30 ans en 2025<\/figcaption><\/figure>\n<p>Marketing &amp; Innovation (<a href=\"https:\/\/visionarymarketing.com\">Visionarymarketing.com<\/a>) est un site d&rsquo;information marketing pionnier de l&rsquo;<a class=\"zem_slink\" title=\"Internet\" href=\"https:\/\/en.wikipedia.org\/wiki\/Internet\" target=\"_blank\" rel=\"noopener wikipedia noreferrer\">Internet<\/a>, cr\u00e9\u00e9 en 1995 et dont le nom de domaine fut r\u00e9serv\u00e9 l&rsquo;ann\u00e9e d&rsquo;apr\u00e8s. Depuis lors, ce sont 40 auteurs qui ont travaill\u00e9 de mani\u00e8re collaborative afin de de diffuser des informations et analyses sur le Marketing et l&rsquo;innovation.<\/p>\n<h2>\u00c0 propos de ce site Marketing &amp; Innovation<\/h2>\n<p>Maketing &amp; Innovation est le site d&rsquo;information de Visionary Marketing. Les th\u00e8mes principaux de ce site sont l&rsquo;<a class=\"zem_slink\" title=\"Innovation\" href=\"https:\/\/en.wikipedia.org\/wiki\/Innovation\" target=\"_blank\" rel=\"noopener wikipedia noreferrer\">innovation<\/a>, le management de l&rsquo;innovation, le <a href=\"https:\/\/agence.visionarymarketing.com\/fr\/vision\/3-tendances-marketing-digital.html\" target=\"_blank\" rel=\"noopener noreferrer\">marketing digital<\/a>, le <a href=\"https:\/\/agence.visionarymarketing.com\/fr\/articles\/articles-content-marketing.html\" target=\"_blank\" rel=\"noopener noreferrer\">content marketing<\/a>\u00a0et la <a href=\"https:\/\/www.google.fr\/webhp?sourceid=chrome-instant&amp;ion=1&amp;espv=2&amp;ie=UTF-8#q=visionary%20marketing%20transofrmation%20digitale\" target=\"_blank\" rel=\"noopener noreferrer\">transformation digitale<\/a>, les syst\u00e8mes d&rsquo;information et les TIC, le Web et les <a href=\"https:\/\/visionarymarketing.com\/fr\/category\/marketing-digital-marketing\/medias-sociaux\/\" target=\"_blank\" rel=\"noopener noreferrer\">m\u00e9dias sociaux et r\u00e9seaux sociaux<\/a>.<\/p>\n<p>Visionary Marketing \u00e9dite \u00e9galement une <a href=\"https:\/\/visionarymarketing.com\/fr\/itunes\/\">cha\u00eene de Podcasts<\/a> et une <a href=\"https:\/\/www.youtube.com\/c\/visionarymarketingagency\" target=\"_blank\" rel=\"noopener noreferrer\">cha\u00eene YouTube<\/a>.<\/p>\n<p>Ce site d&rsquo;information Marketing &amp; Innovation\u00a0<a href=\"https:\/\/visionarymarketing.com\">est \u00e9dit\u00e9 par l&rsquo;agence de marketing digital\u00a0<\/a><strong>Visionary Marketing<\/strong>. Les <a href=\"https:\/\/visionarymarketing.com\/fr\/mentions-legales\/\">mentions l\u00e9gales<\/a> sont mises \u00e0 disposition dans l&rsquo;espace r\u00e9serv\u00e9 \u00e0 cet effet.<\/p>\n<p><a href=\"https:\/\/www.youtube.com\/channel\/UCZwlaaSSJSBaHzH1xYzDcHg?sub_confirmation=1\" target=\"_blank\" rel=\"noopener noreferrer\"><img decoding=\"async\" class=\"aligncenter wp-image-27922\" src=\"https:\/\/visionarymarketing.com\/wp-content\/uploads\/2018\/06\/youtube-visionsary-marketing-500x138.jpg\" alt=\"abonnez-vous \u00e0 notre cha\u00eene YouTube\" width=\"300\" height=\"83\" \/><\/a><\/p>\n<p>Notre politique de confidentialit\u00e9 peut \u00eatre consult\u00e9e <a href=\"https:\/\/agence.visionarymarketing.com\/fr\/politique-protection-donnees\/politique-protection-donnees-visionary-marketing.html\" target=\"_blank\" rel=\"noopener noreferrer\">dans sa derni\u00e8re mise \u00e0 jour sur notre site Web principal<\/a>\u00a0et dans les paragraphes d\u00e9di\u00e9s ci-dessous.<\/p>\n<h3><a href=\"https:\/\/visionarymarketing.com\/fr\/itunes\/\" target=\"_blank\" rel=\"noopener noreferrer\"><img decoding=\"async\" class=\"wp-image-33274 size-full alignright\" src=\"https:\/\/visionarymarketing.com\/wp-content\/uploads\/2019\/06\/Visionary-Marketing-podcasts-e1561351609388.jpg\" alt=\"les podcasts de Visionary Marketing\" width=\"300\" height=\"300\" srcset=\"https:\/\/visionarymarketing.com\/wp-content\/uploads\/2019\/06\/Visionary-Marketing-podcasts-e1561351609388.jpg 300w, https:\/\/visionarymarketing.com\/wp-content\/uploads\/2019\/06\/Visionary-Marketing-podcasts-e1561351609388-150x150.jpg 150w\" sizes=\"(max-width: 300px) 100vw, 300px\" \/><\/a>Ligne directrice du site Marketing &amp; Innovation<\/h3>\n<p>L&rsquo;esprit et le s\u00e9rieux qui gouvernent la gestion de ce site d&rsquo;information marketing depuis sa cr\u00e9ation ont \u00e9t\u00e9 pr\u00e9serv\u00e9s. <a href=\"https:\/\/agence.visionarymarketing.com\/fr\/visionary-marketing\/yann-gourvennec-agence-visionary-marketing.html\" target=\"_blank\" rel=\"noopener noreferrer\">Le fondateur de Visionary<\/a> Marketing veille scrupuleusement, en tant que responsable de cette publication, au s\u00e9rieux des articles r\u00e9dig\u00e9s, au respect des sources \u00e0 l&rsquo;\u00e9thique et au respect des lecteurs du site.<\/p>\n<div class=\"mceTemp\"><\/div>\n<p style=\"text-align: left;\"><em>&gt;&gt; T\u00e9l\u00e9charger\u00a0une\u00a0<a href=\"https:\/\/agence.visionarymarketing.com\/files\/yann\/bilingual-bio-YAG.pdf\" target=\"_blank\" rel=\"noopener noreferrer\">courte biographie fran\u00e7aise\u00a0<\/a>ou\u00a0<a href=\"https:\/\/agence.visionarymarketing.com\/files\/yann\/bilingual-bio-YAG.pdf\" target=\"_blank\" rel=\"noopener noreferrer\">anglaise<\/a>\u00a0et les photos\u00a0de Yann Gourvennec, responsable de la publication du site Visionary Marketing &#8211; Marketing &amp; Innovation\u00a0<\/em><\/p>\n<h3>Blogueurs invit\u00e9s : comment collaborer sur le blog Marketing &amp; Innovation<\/h3>\n<div class=\"mceTemp\"><\/div>\n<figure id=\"attachment_20089\" aria-describedby=\"caption-attachment-20089\" style=\"width: 300px\" class=\"wp-caption alignright\"><a href=\"https:\/\/agence.visionarymarketing.com\/fr\/visionary-marketing\/yann-gourvennec-agence-visionary-marketing.html\" target=\"_blank\" rel=\"noopener noreferrer\"><img decoding=\"async\" class=\"wp-image-20089 size-full\" src=\"https:\/\/visionarymarketing.com\/wp-content\/uploads\/2015\/12\/yann-gourvennec.jpg\" alt=\"Yann Gourvennec\" width=\"300\" height=\"300\" srcset=\"https:\/\/visionarymarketing.com\/wp-content\/uploads\/2015\/12\/yann-gourvennec.jpg 300w, https:\/\/visionarymarketing.com\/wp-content\/uploads\/2015\/12\/yann-gourvennec-150x150.jpg 150w\" sizes=\"(max-width: 300px) 100vw, 300px\" \/><\/a><figcaption id=\"caption-attachment-20089\" class=\"wp-caption-text\">Yann Gourvennec, fondateur et responsable de la publication de Visionary Marketing &#8211; Marketing &amp; Innovation<\/figcaption><\/figure>\n<p>Visionary<a href=\"https:\/\/www.intotheminds.com\/\" target=\"_blank\" rel=\"noopener noreferrer\"> Marketing<\/a> <a href=\"https:\/\/www.intotheminds.com\/\">collabore avec des contributeurs<\/a>, des blogueurs et des soci\u00e9t\u00e9s externes partenaires\u00a0pour \u00e9changer et alimenter la r\u00e9flexion de ses lecteurs sur des sujets relatifs \u00e0 l\u2019<a href=\"https:\/\/www.intotheminds.com\/blog\/category\/innovation\/\" target=\"_blank\" rel=\"noopener noreferrer\">innovation<\/a>,\u00a0<a href=\"https:\/\/www.intotheminds.com\/blog\/category\/entrepreneuriat\/\" target=\"_blank\" rel=\"noopener noreferrer\">l\u2019entrepreneuriat<\/a>\u00a0et le\u00a0<a href=\"https:\/\/www.intotheminds.com\/blog\/category\/marketing\/\" target=\"_blank\" rel=\"noopener noreferrer\">marketing<\/a>.<\/p>\n<p>Nous publions, sur s\u00e9lection,\u00a0un certain nombre d&rsquo;auteurs qui ont en commun de partager le m\u00eame professionnalisme et la m\u00eame passion pour les approches soci\u00e9tales et les nouvelles visions du Marketing. Pour comprendre nos r\u00e8gles \u00e9ditoriales et postuler pour une contribution sur le blog, <a href=\"https:\/\/visionarymarketing.com\/fr\/soumettre-un-article\/\">nous vous invitons \u00e0 d\u00e9couvrir notre page d\u00e9di\u00e9e aux blogs invit\u00e9s<\/a>.<\/p>\n<p><em>A noter que les propositions de contenus issus de soci\u00e9t\u00e9s dont le but est d&rsquo;installer des liens sur les sites tiers (contenus dit \u00ab\u00a0SEO\u00a0\u00bb) seront syst\u00e9matiquement refus\u00e9es.<\/em><\/p>\n<h3>Le m\u00e9dia kit de Visionary Marketing avec Naskas RP<\/h3>\n\n\t\t<div class=\"wppdfemb-frame-container-1\" style=\"-webkit-overflow-scrolling:auto;\">\n\t\t\t<iframe class=\"pdfembed-iframe nonfullscreen wppdf-emb-iframe-1\"\n\t\t\t\tsrc=\"https:\/\/visionarymarketing.com\/fr\/?pdfemb-data=eyJ1cmwiOiJodHRwczpcL1wvdmlzaW9uYXJ5bWFya2V0aW5nLmNvbVwvd3AtY29udGVudFwvdXBsb2Fkc1wvMjAyNFwvMDRcL3Zpc2lvbmFyeS1tYXJrZXRpbmctbnVtYmVycy0zMTAxMjQucGRmIiwidGl0bGUiOiJWaXNpb25hcnktTWFya2V0aW5nLW51bWJlcnMgMzEwMTI0IiwiaW5kZXgiOjEsInBkZklEIjo4MDEzMX0\"\n\t\t\t\ttitle=\"Visionary-Marketing-numbers 310124\"\t\t\t\tdata-pdf-id=\"80131\"\n\t\t\t\tdata-pdf-index=\"1\"\n\t\t\t\tstyle=\"border:none;width:100%;max-width:100%;height:100vh;\"\n\t\t\t\tscrolling=\"yes\">\n\t\t\t<\/iframe>\n\t\t<\/div>\n\n\t\t\n<h3>\u00c0 Propos de Visionary Marketing, agence de marketing digital, \u00e9ditrice de ce site d&rsquo;informations<\/h3>\n<p><a href=\"https:\/\/agence.visionarymarketing.com\/fr\/visionary-marketing\/apropos-visionarymarketing.html\">Visionary Marketing n&rsquo;est pas une agence Web comme les autres<\/a>. Nous cultivons nos diff\u00e9rences, sur lesquelles nous \u00e9crivons depuis plus de 20 ans. C&rsquo;est cette vision de l&rsquo;innovation et du marketing qui nous guide dans nos missions.<\/p>\n<p>Nos domaines de pr\u00e9dilection sont la\u00a0<a href=\"https:\/\/agence.visionarymarketing.com\/fr\/offre\/offre-transformation-digitale.html\">strat\u00e9gie et la transformation digitale ainsi que la formation<\/a>\u00a0(nos\u00a0consultants\u00a0exer\u00e7ant des responsabilit\u00e9s dans plusieurs \u00e9coles r\u00e9put\u00e9es pour leurs formations digitales).\u00a0<strong>Nos\u00a0<\/strong><a href=\"https:\/\/agence.visionarymarketing.com\/fr\/articles\/articles-content-marketing.html\">strat\u00e9gies de content marketing digital<\/a>\u00a0ont \u00e9galement une forte composante\u00a0<a href=\"https:\/\/agence.visionarymarketing.com\/fr\/offre\/offre-medias-sociaux.html\">m\u00e9dias sociaux<\/a>\u00a0(<a href=\"https:\/\/agence.visionarymarketing.com\/fr\/offre\/offre-marketing-digital-b2b.html\">avec une forte sp\u00e9cialisation en B2B<\/a>), et cela est facile \u00e0 expliquer, car nous avons exerc\u00e9 de nombreuses ann\u00e9es en tant que directeurs m\u00e9dias sociaux, notre fondateur ayant m\u00eame \u00e9t\u00e9 le premier d&rsquo;entre eux en France, <a href=\"https:\/\/visionarymarketing.com\/wp-content\/uploads\/2020\/02\/yann-gourvennec-01netpro-5-nov-2009.pdf\">selon 01 Net<\/a>.<\/p>\n<p><a href=\"https:\/\/antimuseum.com\/fr\" target=\"_blank\" rel=\"noopener\"><img decoding=\"async\" class=\"alignright wp-image-61577 size-thumbnail\" src=\"https:\/\/visionarymarketing.com\/wp-content\/uploads\/2021\/02\/antimuseum-thumbnail-new-150x150.jpg\" alt=\"l'Anti mus\u00e9e \u00e0 Paris et au del\u00e0\" width=\"150\" height=\"150\" \/><\/a>Notre agence a \u00e9galement des capacit\u00e9s en\u00a0<strong>marketing automation<\/strong>,\u00a0<a href=\"https:\/\/agence.visionarymarketing.com\/fr\/visionary-marketing\/partenaires-visionary-marketing.html\">en partenariat avec GetQuanty<\/a>. Pour chacun de ces sujets, nous avons d\u00e9velopp\u00e9 des\u00a0<a href=\"https:\/\/agence.visionarymarketing.com\/fr\/offre\/offre-transformation-digitale-rapport-du-martien.html\">m\u00e9thodologies originales<\/a>, \u00e9prouv\u00e9es sur le terrain, et d\u00e9crites sur ces pages, comme la\u00a0<a href=\"https:\/\/agence.visionarymarketing.com\/fr\/offre\/offre-transformation-digitale-rapport-du-martien.html\">m\u00e9thode du rapport du martien en transformation digitale<\/a>\u00a0ou celle du\u00a0<a href=\"https:\/\/agence.visionarymarketing.com\/fr\/offre\/offre-transformation-digitale.html\">questionnaire projectif<\/a>.<\/p>\n<p>Visionary Marketing est \u00e9galement \u00e9ditrice d&rsquo;un <a href=\"https:\/\/antimuseum.com\/fr\" target=\"_blank\" rel=\"noopener\">site de photographies et d&rsquo;aquarelles<\/a> et de son <a href=\"https:\/\/antimuseum.com\/fr\/photo-blog-antimusee\/\" target=\"_blank\" rel=\"noopener\">blog associ\u00e9<\/a> l&rsquo;anti mus\u00e9e \u00e0 Paris (et au-del\u00e0) en <a href=\"https:\/\/antimuseum.com\/en\/photo-blog-antimuseum\/\" target=\"_blank\" rel=\"noopener\">anglais<\/a> et en fran\u00e7ais.<\/p>\n","protected":false},"excerpt":{"rendered":"<p>Marketing &amp; Innovation (Visionarymarketing.com) est un site d&rsquo;information marketing pionnier de l&rsquo;Internet, cr\u00e9\u00e9 en 1995 et dont le nom de domaine fut r\u00e9serv\u00e9 l&rsquo;ann\u00e9e d&rsquo;apr\u00e8s. Depuis lors, ce sont 40 auteurs qui ont travaill\u00e9 de mani\u00e8re collaborative afin de de diffuser des informations et analyses sur le Marketing et l&rsquo;innovation. \u00c0 propos de ce site &hellip;<\/p>\n","protected":false},"author":2,"featured_media":80130,"parent":0,"menu_order":5,"comment_status":"closed","ping_status":"open","template":"","meta":{"footnotes":""},"class_list":["post-4733","page","type-page","status-publish","has-post-thumbnail","hentry"],"yoast_head":"<!-- This site is optimized with the Yoast SEO plugin v27.4 - https:\/\/yoast.com\/product\/yoast-seo-wordpress\/ -->\n<title>\u00e0 Propos du site d&#039;infos marketing &amp; Innovation Visionary Marketing<\/title>\n<meta name=\"description\" content=\"Marketing &amp; Innovation est le blog de Visionary Marketing, un site pionnier dans l&#039;histoire de l&#039;Internet et du Marketing en ligne.\" \/>\n<meta name=\"robots\" content=\"index, follow, max-snippet:-1, max-image-preview:large, max-video-preview:-1\" \/>\n<link rel=\"canonical\" href=\"https:\/\/visionarymarketing.com\/fr\/marketing-innovation\/\" \/>\n<meta property=\"og:locale\" content=\"fr_FR\" \/>\n<meta property=\"og:type\" content=\"article\" \/>\n<meta property=\"og:title\" content=\"\u00e0 Propos du site d&#039;infos marketing &amp; Innovation Visionary Marketing\" \/>\n<meta property=\"og:description\" content=\"Marketing &amp; Innovation est le blog de Visionary Marketing, un site pionnier dans l&#039;histoire de l&#039;Internet et du Marketing en ligne.\" \/>\n<meta property=\"og:url\" content=\"https:\/\/visionarymarketing.com\/fr\/marketing-innovation\/\" \/>\n<meta property=\"og:site_name\" content=\"Marketing and Innovation\" \/>\n<meta property=\"article:publisher\" content=\"https:\/\/www.facebook.com\/vismktg\" \/>\n<meta property=\"article:modified_time\" content=\"2024-11-05T09:51:27+00:00\" \/>\n<meta property=\"og:image\" content=\"https:\/\/visionarymarketing.com\/wp-content\/uploads\/2024\/04\/screenshot-2024-04-16-at-154851-scaled-e1713275487164.jpg\" \/>\n\t<meta property=\"og:image:width\" content=\"1182\" \/>\n\t<meta property=\"og:image:height\" content=\"620\" \/>\n\t<meta property=\"og:image:type\" content=\"image\/jpeg\" \/>\n<meta name=\"twitter:card\" content=\"summary_large_image\" \/>\n<meta name=\"twitter:site\" content=\"@ygourven\" \/>\n<meta name=\"twitter:label1\" content=\"Dur\u00e9e de lecture estim\u00e9e\" \/>\n\t<meta name=\"twitter:data1\" content=\"4 minutes\" \/>\n<script type=\"application\/ld+json\" class=\"yoast-schema-graph\">{\"@context\":\"https:\\\/\\\/schema.org\",\"@graph\":[{\"@type\":\"WebPage\",\"@id\":\"https:\\\/\\\/visionarymarketing.com\\\/fr\\\/marketing-innovation\\\/\",\"url\":\"https:\\\/\\\/visionarymarketing.com\\\/fr\\\/marketing-innovation\\\/\",\"name\":\"\u00e0 Propos du site d'infos marketing & Innovation Visionary Marketing\",\"isPartOf\":{\"@id\":\"https:\\\/\\\/visionarymarketing.com\\\/fr\\\/#website\"},\"primaryImageOfPage\":{\"@id\":\"https:\\\/\\\/visionarymarketing.com\\\/fr\\\/marketing-innovation\\\/#primaryimage\"},\"image\":{\"@id\":\"https:\\\/\\\/visionarymarketing.com\\\/fr\\\/marketing-innovation\\\/#primaryimage\"},\"thumbnailUrl\":\"https:\\\/\\\/visionarymarketing.com\\\/wp-content\\\/uploads\\\/2024\\\/04\\\/screenshot-2024-04-16-at-154851-scaled-e1740818275851.jpg\",\"datePublished\":\"2006-01-30T17:30:02+00:00\",\"dateModified\":\"2024-11-05T09:51:27+00:00\",\"description\":\"Marketing & Innovation est le blog de Visionary Marketing, un site pionnier dans l'histoire de l'Internet et du Marketing en ligne.\",\"breadcrumb\":{\"@id\":\"https:\\\/\\\/visionarymarketing.com\\\/fr\\\/marketing-innovation\\\/#breadcrumb\"},\"inLanguage\":\"fr-FR\",\"potentialAction\":[{\"@type\":\"ReadAction\",\"target\":[\"https:\\\/\\\/visionarymarketing.com\\\/fr\\\/marketing-innovation\\\/\"]}]},{\"@type\":\"ImageObject\",\"inLanguage\":\"fr-FR\",\"@id\":\"https:\\\/\\\/visionarymarketing.com\\\/fr\\\/marketing-innovation\\\/#primaryimage\",\"url\":\"https:\\\/\\\/visionarymarketing.com\\\/wp-content\\\/uploads\\\/2024\\\/04\\\/screenshot-2024-04-16-at-154851-scaled-e1740818275851.jpg\",\"contentUrl\":\"https:\\\/\\\/visionarymarketing.com\\\/wp-content\\\/uploads\\\/2024\\\/04\\\/screenshot-2024-04-16-at-154851-scaled-e1740818275851.jpg\",\"width\":1182,\"height\":649,\"caption\":\"Media Kit Visionary Marketing\"},{\"@type\":\"BreadcrumbList\",\"@id\":\"https:\\\/\\\/visionarymarketing.com\\\/fr\\\/marketing-innovation\\\/#breadcrumb\",\"itemListElement\":[{\"@type\":\"ListItem\",\"position\":1,\"name\":\"Home\",\"item\":\"https:\\\/\\\/visionarymarketing.com\\\/fr\\\/\"},{\"@type\":\"ListItem\",\"position\":2,\"name\":\"\u00c0 propos de ce site\"}]},{\"@type\":\"WebSite\",\"@id\":\"https:\\\/\\\/visionarymarketing.com\\\/fr\\\/#website\",\"url\":\"https:\\\/\\\/visionarymarketing.com\\\/fr\\\/\",\"name\":\"Marketing and Innovation\",\"description\":\"Site d&#039;infos ind\u00e9pendant, depuis 1996\",\"potentialAction\":[{\"@type\":\"SearchAction\",\"target\":{\"@type\":\"EntryPoint\",\"urlTemplate\":\"https:\\\/\\\/visionarymarketing.com\\\/fr\\\/?s={search_term_string}\"},\"query-input\":{\"@type\":\"PropertyValueSpecification\",\"valueRequired\":true,\"valueName\":\"search_term_string\"}}],\"inLanguage\":\"fr-FR\"}]}<\/script>\n<!-- \/ Yoast SEO plugin. -->","yoast_head_json":{"title":"\u00e0 Propos du site d'infos marketing & Innovation Visionary Marketing","description":"Marketing & Innovation est le blog de Visionary Marketing, un site pionnier dans l'histoire de l'Internet et du Marketing en ligne.","robots":{"index":"index","follow":"follow","max-snippet":"max-snippet:-1","max-image-preview":"max-image-preview:large","max-video-preview":"max-video-preview:-1"},"canonical":"https:\/\/visionarymarketing.com\/fr\/marketing-innovation\/","og_locale":"fr_FR","og_type":"article","og_title":"\u00e0 Propos du site d'infos marketing & Innovation Visionary Marketing","og_description":"Marketing & Innovation est le blog de Visionary Marketing, un site pionnier dans l'histoire de l'Internet et du Marketing en ligne.","og_url":"https:\/\/visionarymarketing.com\/fr\/marketing-innovation\/","og_site_name":"Marketing and Innovation","article_publisher":"https:\/\/www.facebook.com\/vismktg","article_modified_time":"2024-11-05T09:51:27+00:00","og_image":[{"width":1182,"height":620,"url":"https:\/\/visionarymarketing.com\/wp-content\/uploads\/2024\/04\/screenshot-2024-04-16-at-154851-scaled-e1713275487164.jpg","type":"image\/jpeg"}],"twitter_card":"summary_large_image","twitter_site":"@ygourven","twitter_misc":{"Dur\u00e9e de lecture estim\u00e9e":"4 minutes"},"schema":{"@context":"https:\/\/schema.org","@graph":[{"@type":"WebPage","@id":"https:\/\/visionarymarketing.com\/fr\/marketing-innovation\/","url":"https:\/\/visionarymarketing.com\/fr\/marketing-innovation\/","name":"\u00e0 Propos du site d'infos marketing & Innovation Visionary Marketing","isPartOf":{"@id":"https:\/\/visionarymarketing.com\/fr\/#website"},"primaryImageOfPage":{"@id":"https:\/\/visionarymarketing.com\/fr\/marketing-innovation\/#primaryimage"},"image":{"@id":"https:\/\/visionarymarketing.com\/fr\/marketing-innovation\/#primaryimage"},"thumbnailUrl":"https:\/\/visionarymarketing.com\/wp-content\/uploads\/2024\/04\/screenshot-2024-04-16-at-154851-scaled-e1740818275851.jpg","datePublished":"2006-01-30T17:30:02+00:00","dateModified":"2024-11-05T09:51:27+00:00","description":"Marketing & Innovation est le blog de Visionary Marketing, un site pionnier dans l'histoire de l'Internet et du Marketing en ligne.","breadcrumb":{"@id":"https:\/\/visionarymarketing.com\/fr\/marketing-innovation\/#breadcrumb"},"inLanguage":"fr-FR","potentialAction":[{"@type":"ReadAction","target":["https:\/\/visionarymarketing.com\/fr\/marketing-innovation\/"]}]},{"@type":"ImageObject","inLanguage":"fr-FR","@id":"https:\/\/visionarymarketing.com\/fr\/marketing-innovation\/#primaryimage","url":"https:\/\/visionarymarketing.com\/wp-content\/uploads\/2024\/04\/screenshot-2024-04-16-at-154851-scaled-e1740818275851.jpg","contentUrl":"https:\/\/visionarymarketing.com\/wp-content\/uploads\/2024\/04\/screenshot-2024-04-16-at-154851-scaled-e1740818275851.jpg","width":1182,"height":649,"caption":"Media Kit Visionary Marketing"},{"@type":"BreadcrumbList","@id":"https:\/\/visionarymarketing.com\/fr\/marketing-innovation\/#breadcrumb","itemListElement":[{"@type":"ListItem","position":1,"name":"Home","item":"https:\/\/visionarymarketing.com\/fr\/"},{"@type":"ListItem","position":2,"name":"\u00c0 propos de ce site"}]},{"@type":"WebSite","@id":"https:\/\/visionarymarketing.com\/fr\/#website","url":"https:\/\/visionarymarketing.com\/fr\/","name":"Marketing and Innovation","description":"Site d&#039;infos ind\u00e9pendant, depuis 1996","potentialAction":[{"@type":"SearchAction","target":{"@type":"EntryPoint","urlTemplate":"https:\/\/visionarymarketing.com\/fr\/?s={search_term_string}"},"query-input":{"@type":"PropertyValueSpecification","valueRequired":true,"valueName":"search_term_string"}}],"inLanguage":"fr-FR"}]}},"_links":{"self":[{"href":"https:\/\/visionarymarketing.com\/fr\/wp-json\/wp\/v2\/pages\/4733","targetHints":{"allow":["GET"]}}],"collection":[{"href":"https:\/\/visionarymarketing.com\/fr\/wp-json\/wp\/v2\/pages"}],"about":[{"href":"https:\/\/visionarymarketing.com\/fr\/wp-json\/wp\/v2\/types\/page"}],"author":[{"embeddable":true,"href":"https:\/\/visionarymarketing.com\/fr\/wp-json\/wp\/v2\/users\/2"}],"replies":[{"embeddable":true,"href":"https:\/\/visionarymarketing.com\/fr\/wp-json\/wp\/v2\/comments?post=4733"}],"version-history":[{"count":0,"href":"https:\/\/visionarymarketing.com\/fr\/wp-json\/wp\/v2\/pages\/4733\/revisions"}],"wp:featuredmedia":[{"embeddable":true,"href":"https:\/\/visionarymarketing.com\/fr\/wp-json\/wp\/v2\/media\/80130"}],"wp:attachment":[{"href":"https:\/\/visionarymarketing.com\/fr\/wp-json\/wp\/v2\/media?parent=4733"}],"curies":[{"name":"wp","href":"https:\/\/api.w.org\/{rel}","templated":true}]}}