{"id":45494,"date":"2020-01-31T19:17:08","date_gmt":"2020-01-31T18:17:08","guid":{"rendered":"https:\/\/visionarymarketing.com\/?page_id=45494"},"modified":"2024-02-22T19:07:44","modified_gmt":"2024-02-22T18:07:44","slug":"politique-de-confidentialite-visionary-marketing","status":"publish","type":"page","link":"https:\/\/visionarymarketing.com\/fr\/politique-de-confidentialite-visionary-marketing\/","title":{"rendered":"Politique de confidentialit\u00e9"},"content":{"rendered":"<p><em>Ce document refl\u00e8te la politique de confidentialit\u00e9 de Visionary Marketing. Cette page est une reprise de notre <a href=\"https:\/\/agence.visionarymarketing.com\/fr\/politique-protection-donnees\/politique-protection-donnees-visionary-marketing.html\" target=\"_blank\" rel=\"noopener\">page officielle de confidentialit\u00e9 des donn\u00e9es<\/a>. En cas de d\u00e9calage entre les deux versions, se r\u00e9f\u00e9rer \u00e0 la version officielle. Il a \u00e9t\u00e9 cr\u00e9\u00e9 le\u00a026 mai 2018 et sa derni\u00e8re mise \u00e0 jour date du 8 septembre 2021<\/em><\/p>\n<h2>Politique de confidentialit\u00e9 de Visionary Marketing<\/h2>\n<p>Cette politique est le reflet de nos efforts continus pour construire un marketing visionnaire fond\u00e9 sur le respect de la vie priv\u00e9e des utilisateurs et notre travail r\u00e9cent pour se conformer \u00e0 la nouvelle loi europ\u00e9enne sur la confidentialit\u00e9, le r\u00e8glement g\u00e9n\u00e9ral sur la protection des donn\u00e9es (GDPR).<\/p>\n<p><img decoding=\"async\" class=\"imgr alignright\" title=\"Politique de s\u00e9curit\u00e9 Visionary Marketing \" src=\"https:\/\/agence.visionarymarketing.com\/images\/marketing-digital\/flag-2313980.png\" alt=\"Politique de s\u00e9curit\u00e9 Visionary Marketing \" \/>Le 25 mai est le jour o\u00f9 l&rsquo;Union europ\u00e9enne a commenc\u00e9 \u00e0 appliquer sa nouvelle loi sur la protection des donn\u00e9es, le <a href=\"https:\/\/visionarymarketing.com\/fr\/2021\/05\/rgpd-en-b2b\/\">RGPD<\/a> (General Data Protection Regulation). Cette nouvelle loi a un impact sur toute organisation travaillant avec les donn\u00e9es personnelles des citoyens de l&rsquo;UE.<\/p>\n<p>Chez Visionary Marketing, nous nous engageons \u00e0 prot\u00e9ger la confidentialit\u00e9 et la s\u00e9curit\u00e9 des donn\u00e9es de nos clients. Conform\u00e9ment \u00e0 cet engagement, nous avons mis \u00e0 jour nos r\u00e8gles afin de refl\u00e9ter notre conformit\u00e9 \u00e0 toutes les pratiques et exigences techniques du GDPR.<\/p>\n<h3>La protection de vos donn\u00e9es a toujours \u00e9t\u00e9 notre obsession, elle le restera<\/h3>\n<figure id=\"attachment_64887\" aria-describedby=\"caption-attachment-64887\" style=\"width: 386px\" class=\"wp-caption aligncenter\"><img decoding=\"async\" class=\"size-full wp-image-64887\" src=\"https:\/\/visionarymarketing.com\/wp-content\/uploads\/2021\/10\/screenshot-2021-10-01-at-063632.jpg\" alt=\"Politique de confidentialit\u00e9 Visionary Marketing \" width=\"386\" height=\"139\" \/><figcaption id=\"caption-attachment-64887\" class=\"wp-caption-text\">Politique de confidentialit\u00e9 Visionary Marketing : la preuve en images vous est gracieusement offerte par Apple Safari 15.0 : Visionary Marketing ne vous suit pas \u00e0 la trace, point final.<\/figcaption><\/figure>\n<p>Ces changements sont entr\u00e9s en vigueur d\u00e8s la mise en place du RGPD et ne sont que la continuit\u00e9 de ce que nous avons toujours fait chez Visionary Marketing, c&rsquo;est-\u00e0-dire respecter nos lecteurs, prospects et clients et respecter leur droit \u00e0 la confidentialit\u00e9 des donn\u00e9es.<\/p>\n<p>En continuant \u00e0 utiliser le site Web Visionary Marketing le ou apr\u00e8s le 25 mai 2018, vous acceptez notre politique de confidentialit\u00e9 mise \u00e0 jour. La politique de confidentialit\u00e9 mise \u00e0 jour couvre les \u00e9l\u00e9ments suivants:<\/p>\n<ul>\n<li>Le type de donn\u00e9es que nous collectons, et comment nous les collectons: toutes nos donn\u00e9es sont et ont toujours \u00e9t\u00e9 opt-in et cela ne changera jamais. Les abonn\u00e9s peuvent se d\u00e9sinscrire de nos listes de diffusion en tout temps en utilisant les liens fournis par notre syst\u00e8me de courrier<\/li>\n<li>Nous ne pratiquons, ni ne pratiquerons jamais l&#8217;emailing en masse, ni n&rsquo;enverrons d&#8217;emails non sollicit\u00e9s. Nous pouvons vous inviter \u00e0 vous inscrire \u00e0 nos listes de diffusion mais n&rsquo;inscriront jamais automatiquement un utilisateur<\/li>\n<li>Nous utilisons uniquement vos donn\u00e9es pour vous envoyer notre newsletter pour laquelle vous avez opt\u00e9, et \u00e0 partir de laquelle vous pouvez vous d\u00e9sinscrire \u00e0 tout moment<\/li>\n<li>Nous ne vendons ni ne vendrons jamais vos informations, qui restent priv\u00e9es et peuvent \u00eatre modifi\u00e9es \u00e0 tout moment en utilisant les liens fournis par notre syst\u00e8me de routage<\/li>\n<li>Vos donn\u00e9es sont stock\u00e9es en toute s\u00e9curit\u00e9 par notre fournisseur de syst\u00e8me de messagerie qui est conforme \u00e0 GDPR selon leur annonce publique qui peut \u00eatre consult\u00e9e \u00e0 cette adresse <a href=\"http:\/\/bit.ly\/2GTqigL\" target=\"_blank\" rel=\"noopener\">http:\/\/bit.ly\/2GTqigL<\/a>.<\/li>\n<\/ul>\n<p>En termes de cartographie de collecte de donn\u00e9es, toutes nos donn\u00e9es sont collect\u00e9es \u00e0 partir de formulaires int\u00e9gr\u00e9s \u00e0 partir de notre syst\u00e8me de service de messagerie sur notre site Web de messagerie et ses blogs auxiliaires, tous h\u00e9berg\u00e9s sur visionarymarketing.com. Aucune de vos donn\u00e9es personnelles n&rsquo;est stock\u00e9e sur nos serveurs ni localement sur nos disques durs et nous n&rsquo;utilisons pas vos donn\u00e9es pour vous suivre ni vendre vos produits. Toutes les statistiques de notre fournisseur de syst\u00e8me de messagerie sont stock\u00e9es par eux et g\u00e9r\u00e9es sur leurs serveurs et aucune autre utilisation que des statistiques globales non personnelles est faite de ces donn\u00e9es.<\/p>\n<p>En r\u00e9sum\u00e9 de ce long document, nous n&rsquo;avons jamais track\u00e9 d&rsquo;utilisateurs, nous ne les trackons pas ni ne les trackerons jamais, nous sommes farouchement oppos\u00e9s au marketing intrusif et pr\u00f4nons depuis toujours l&rsquo;\u00e9thique du marketing, bas\u00e9e sur le respect, la permission de l&rsquo;utilisateur, son \u00e9coute et la bienveillance.<\/p>\n<p>Si vous aviez encore des questions concernant cette politique, n&rsquo;h\u00e9sitez pas \u00e0 nous contacter \u00e0 l&rsquo;adresse legal \u00ab\u00a0@\u00a0\u00bb\u00a0visionarymarketing.com, et nous serons heureux de vous aider. Notre DPO (Data Privacy Officer) est notre Chief Executive Officer et peut \u00e9galement \u00eatre contact\u00e9 \u00e0 cette adresse e-mail.<\/p>\n","protected":false},"excerpt":{"rendered":"<p>Ce document refl\u00e8te la politique de confidentialit\u00e9 de Visionary Marketing. Cette page est une reprise de notre page officielle de confidentialit\u00e9 des donn\u00e9es. En cas de d\u00e9calage entre les deux versions, se r\u00e9f\u00e9rer \u00e0 la version officielle. Il a \u00e9t\u00e9 cr\u00e9\u00e9 le\u00a026 mai 2018 et sa derni\u00e8re mise \u00e0 jour date du 8 septembre 2021 &hellip;<\/p>\n","protected":false},"author":2,"featured_media":60281,"parent":0,"menu_order":0,"comment_status":"closed","ping_status":"closed","template":"","meta":{"footnotes":""},"class_list":["post-45494","page","type-page","status-publish","has-post-thumbnail","hentry"],"yoast_head":"<!-- This site is optimized with the Yoast SEO plugin v27.4 - https:\/\/yoast.com\/product\/yoast-seo-wordpress\/ -->\n<title>Politique de confidentialit\u00e9 de Visionary Marketing - protection des donn\u00e9es<\/title>\n<meta name=\"description\" content=\"Politique de confidentialit\u00e9 de Visionary Marketing. La protection de vos donn\u00e9es a toujours \u00e9t\u00e9 notre obsession, elle le restera\" \/>\n<meta name=\"robots\" content=\"index, follow, max-snippet:-1, max-image-preview:large, max-video-preview:-1\" \/>\n<link rel=\"canonical\" href=\"https:\/\/visionarymarketing.com\/fr\/politique-de-confidentialite-visionary-marketing\/\" \/>\n<meta property=\"og:locale\" content=\"fr_FR\" \/>\n<meta property=\"og:type\" content=\"article\" \/>\n<meta property=\"og:title\" content=\"Politique de confidentialit\u00e9 de Visionary Marketing - protection des donn\u00e9es\" \/>\n<meta property=\"og:description\" content=\"Politique de confidentialit\u00e9 de Visionary Marketing. La protection de vos donn\u00e9es a toujours \u00e9t\u00e9 notre obsession, elle le restera\" \/>\n<meta property=\"og:url\" content=\"https:\/\/visionarymarketing.com\/fr\/politique-de-confidentialite-visionary-marketing\/\" \/>\n<meta property=\"og:site_name\" content=\"Marketing and Innovation\" \/>\n<meta property=\"article:publisher\" content=\"https:\/\/www.facebook.com\/vismktg\" \/>\n<meta property=\"article:modified_time\" content=\"2024-02-22T18:07:44+00:00\" \/>\n<meta property=\"og:image\" content=\"https:\/\/visionarymarketing.com\/wp-content\/uploads\/2020\/12\/jumpstory-download20201210-155844.jpg\" \/>\n\t<meta property=\"og:image:width\" content=\"520\" \/>\n\t<meta property=\"og:image:height\" content=\"340\" \/>\n\t<meta property=\"og:image:type\" content=\"image\/jpeg\" \/>\n<meta name=\"twitter:card\" content=\"summary_large_image\" \/>\n<meta name=\"twitter:site\" content=\"@ygourven\" \/>\n<meta name=\"twitter:label1\" content=\"Dur\u00e9e de lecture estim\u00e9e\" \/>\n\t<meta name=\"twitter:data1\" content=\"4 minutes\" \/>\n<script type=\"application\/ld+json\" class=\"yoast-schema-graph\">{\"@context\":\"https:\\\/\\\/schema.org\",\"@graph\":[{\"@type\":\"WebPage\",\"@id\":\"https:\\\/\\\/visionarymarketing.com\\\/fr\\\/politique-de-confidentialite-visionary-marketing\\\/\",\"url\":\"https:\\\/\\\/visionarymarketing.com\\\/fr\\\/politique-de-confidentialite-visionary-marketing\\\/\",\"name\":\"Politique de confidentialit\u00e9 de Visionary Marketing - protection des donn\u00e9es\",\"isPartOf\":{\"@id\":\"https:\\\/\\\/visionarymarketing.com\\\/fr\\\/#website\"},\"primaryImageOfPage\":{\"@id\":\"https:\\\/\\\/visionarymarketing.com\\\/fr\\\/politique-de-confidentialite-visionary-marketing\\\/#primaryimage\"},\"image\":{\"@id\":\"https:\\\/\\\/visionarymarketing.com\\\/fr\\\/politique-de-confidentialite-visionary-marketing\\\/#primaryimage\"},\"thumbnailUrl\":\"https:\\\/\\\/visionarymarketing.com\\\/wp-content\\\/uploads\\\/2020\\\/12\\\/jumpstory-download20201210-155844.jpg\",\"datePublished\":\"2020-01-31T18:17:08+00:00\",\"dateModified\":\"2024-02-22T18:07:44+00:00\",\"description\":\"Politique de confidentialit\u00e9 de Visionary Marketing. La protection de vos donn\u00e9es a toujours \u00e9t\u00e9 notre obsession, elle le restera\",\"breadcrumb\":{\"@id\":\"https:\\\/\\\/visionarymarketing.com\\\/fr\\\/politique-de-confidentialite-visionary-marketing\\\/#breadcrumb\"},\"inLanguage\":\"fr-FR\",\"potentialAction\":[{\"@type\":\"ReadAction\",\"target\":[\"https:\\\/\\\/visionarymarketing.com\\\/fr\\\/politique-de-confidentialite-visionary-marketing\\\/\"]}]},{\"@type\":\"ImageObject\",\"inLanguage\":\"fr-FR\",\"@id\":\"https:\\\/\\\/visionarymarketing.com\\\/fr\\\/politique-de-confidentialite-visionary-marketing\\\/#primaryimage\",\"url\":\"https:\\\/\\\/visionarymarketing.com\\\/wp-content\\\/uploads\\\/2020\\\/12\\\/jumpstory-download20201210-155844.jpg\",\"contentUrl\":\"https:\\\/\\\/visionarymarketing.com\\\/wp-content\\\/uploads\\\/2020\\\/12\\\/jumpstory-download20201210-155844.jpg\",\"width\":520,\"height\":340,\"caption\":\"confiance DG impact influence marketing\"},{\"@type\":\"BreadcrumbList\",\"@id\":\"https:\\\/\\\/visionarymarketing.com\\\/fr\\\/politique-de-confidentialite-visionary-marketing\\\/#breadcrumb\",\"itemListElement\":[{\"@type\":\"ListItem\",\"position\":1,\"name\":\"Home\",\"item\":\"https:\\\/\\\/visionarymarketing.com\\\/fr\\\/\"},{\"@type\":\"ListItem\",\"position\":2,\"name\":\"Politique de confidentialit\u00e9\"}]},{\"@type\":\"WebSite\",\"@id\":\"https:\\\/\\\/visionarymarketing.com\\\/fr\\\/#website\",\"url\":\"https:\\\/\\\/visionarymarketing.com\\\/fr\\\/\",\"name\":\"Marketing and Innovation\",\"description\":\"Site d&#039;infos ind\u00e9pendant, depuis 1996\",\"potentialAction\":[{\"@type\":\"SearchAction\",\"target\":{\"@type\":\"EntryPoint\",\"urlTemplate\":\"https:\\\/\\\/visionarymarketing.com\\\/fr\\\/?s={search_term_string}\"},\"query-input\":{\"@type\":\"PropertyValueSpecification\",\"valueRequired\":true,\"valueName\":\"search_term_string\"}}],\"inLanguage\":\"fr-FR\"}]}<\/script>\n<!-- \/ Yoast SEO plugin. -->","yoast_head_json":{"title":"Politique de confidentialit\u00e9 de Visionary Marketing - protection des donn\u00e9es","description":"Politique de confidentialit\u00e9 de Visionary Marketing. La protection de vos donn\u00e9es a toujours \u00e9t\u00e9 notre obsession, elle le restera","robots":{"index":"index","follow":"follow","max-snippet":"max-snippet:-1","max-image-preview":"max-image-preview:large","max-video-preview":"max-video-preview:-1"},"canonical":"https:\/\/visionarymarketing.com\/fr\/politique-de-confidentialite-visionary-marketing\/","og_locale":"fr_FR","og_type":"article","og_title":"Politique de confidentialit\u00e9 de Visionary Marketing - protection des donn\u00e9es","og_description":"Politique de confidentialit\u00e9 de Visionary Marketing. La protection de vos donn\u00e9es a toujours \u00e9t\u00e9 notre obsession, elle le restera","og_url":"https:\/\/visionarymarketing.com\/fr\/politique-de-confidentialite-visionary-marketing\/","og_site_name":"Marketing and Innovation","article_publisher":"https:\/\/www.facebook.com\/vismktg","article_modified_time":"2024-02-22T18:07:44+00:00","og_image":[{"width":520,"height":340,"url":"https:\/\/visionarymarketing.com\/wp-content\/uploads\/2020\/12\/jumpstory-download20201210-155844.jpg","type":"image\/jpeg"}],"twitter_card":"summary_large_image","twitter_site":"@ygourven","twitter_misc":{"Dur\u00e9e de lecture estim\u00e9e":"4 minutes"},"schema":{"@context":"https:\/\/schema.org","@graph":[{"@type":"WebPage","@id":"https:\/\/visionarymarketing.com\/fr\/politique-de-confidentialite-visionary-marketing\/","url":"https:\/\/visionarymarketing.com\/fr\/politique-de-confidentialite-visionary-marketing\/","name":"Politique de confidentialit\u00e9 de Visionary Marketing - protection des donn\u00e9es","isPartOf":{"@id":"https:\/\/visionarymarketing.com\/fr\/#website"},"primaryImageOfPage":{"@id":"https:\/\/visionarymarketing.com\/fr\/politique-de-confidentialite-visionary-marketing\/#primaryimage"},"image":{"@id":"https:\/\/visionarymarketing.com\/fr\/politique-de-confidentialite-visionary-marketing\/#primaryimage"},"thumbnailUrl":"https:\/\/visionarymarketing.com\/wp-content\/uploads\/2020\/12\/jumpstory-download20201210-155844.jpg","datePublished":"2020-01-31T18:17:08+00:00","dateModified":"2024-02-22T18:07:44+00:00","description":"Politique de confidentialit\u00e9 de Visionary Marketing. La protection de vos donn\u00e9es a toujours \u00e9t\u00e9 notre obsession, elle le restera","breadcrumb":{"@id":"https:\/\/visionarymarketing.com\/fr\/politique-de-confidentialite-visionary-marketing\/#breadcrumb"},"inLanguage":"fr-FR","potentialAction":[{"@type":"ReadAction","target":["https:\/\/visionarymarketing.com\/fr\/politique-de-confidentialite-visionary-marketing\/"]}]},{"@type":"ImageObject","inLanguage":"fr-FR","@id":"https:\/\/visionarymarketing.com\/fr\/politique-de-confidentialite-visionary-marketing\/#primaryimage","url":"https:\/\/visionarymarketing.com\/wp-content\/uploads\/2020\/12\/jumpstory-download20201210-155844.jpg","contentUrl":"https:\/\/visionarymarketing.com\/wp-content\/uploads\/2020\/12\/jumpstory-download20201210-155844.jpg","width":520,"height":340,"caption":"confiance DG impact influence marketing"},{"@type":"BreadcrumbList","@id":"https:\/\/visionarymarketing.com\/fr\/politique-de-confidentialite-visionary-marketing\/#breadcrumb","itemListElement":[{"@type":"ListItem","position":1,"name":"Home","item":"https:\/\/visionarymarketing.com\/fr\/"},{"@type":"ListItem","position":2,"name":"Politique de confidentialit\u00e9"}]},{"@type":"WebSite","@id":"https:\/\/visionarymarketing.com\/fr\/#website","url":"https:\/\/visionarymarketing.com\/fr\/","name":"Marketing and Innovation","description":"Site d&#039;infos ind\u00e9pendant, depuis 1996","potentialAction":[{"@type":"SearchAction","target":{"@type":"EntryPoint","urlTemplate":"https:\/\/visionarymarketing.com\/fr\/?s={search_term_string}"},"query-input":{"@type":"PropertyValueSpecification","valueRequired":true,"valueName":"search_term_string"}}],"inLanguage":"fr-FR"}]}},"_links":{"self":[{"href":"https:\/\/visionarymarketing.com\/fr\/wp-json\/wp\/v2\/pages\/45494","targetHints":{"allow":["GET"]}}],"collection":[{"href":"https:\/\/visionarymarketing.com\/fr\/wp-json\/wp\/v2\/pages"}],"about":[{"href":"https:\/\/visionarymarketing.com\/fr\/wp-json\/wp\/v2\/types\/page"}],"author":[{"embeddable":true,"href":"https:\/\/visionarymarketing.com\/fr\/wp-json\/wp\/v2\/users\/2"}],"replies":[{"embeddable":true,"href":"https:\/\/visionarymarketing.com\/fr\/wp-json\/wp\/v2\/comments?post=45494"}],"version-history":[{"count":0,"href":"https:\/\/visionarymarketing.com\/fr\/wp-json\/wp\/v2\/pages\/45494\/revisions"}],"wp:featuredmedia":[{"embeddable":true,"href":"https:\/\/visionarymarketing.com\/fr\/wp-json\/wp\/v2\/media\/60281"}],"wp:attachment":[{"href":"https:\/\/visionarymarketing.com\/fr\/wp-json\/wp\/v2\/media?parent=45494"}],"curies":[{"name":"wp","href":"https:\/\/api.w.org\/{rel}","templated":true}]}}