{"id":34243,"date":"2019-11-27T07:04:41","date_gmt":"2019-11-27T06:04:41","guid":{"rendered":"https:\/\/visionarymarketing.com\/?page_id=34243"},"modified":"2023-12-27T07:46:18","modified_gmt":"2023-12-27T06:46:18","slug":"mentions-legales-visionary-marketing","status":"publish","type":"page","link":"https:\/\/visionarymarketing.com\/fr\/mentions-legales-visionary-marketing\/","title":{"rendered":"Mentions l\u00e9gales"},"content":{"rendered":"<p>Mentions l\u00e9gales du site Visionary Marketing &#8211; le site d&rsquo;informations Marketing &amp; Innovation est \u00e9dit\u00e9 par la SAS <a href=\"https:\/\/visionarymarketing.com\/fr\/\" target=\"_blank\" rel=\"noopener noreferrer\">Visionary Marketing<\/a><\/p>\n<h2>Mentions l\u00e9gales<\/h2>\n<p><strong>Directeur de la publication<\/strong>\u00a0: Yann Gourvennec<br \/>\n<strong>N\u00b0 de Commission paritaire des publications et agences de presse<br \/>\nCPPAP<\/strong>\u00a0: 0322 W 94209<\/p>\n<p><strong>Visionary Marketing, SAS au capital de 15 000 \u20ac<br \/>\nSi\u00e8ge social<\/strong>\u00a0: 17-21 rue Saint Fiacre 75002 Paris (+33 1 7127 3118)<br \/>\n<strong>SIRET<\/strong>\u00a0: 801 303 900 000 14\u00a0\u2013 RCS Paris (+33 9 7210 1007)<br \/>\n<strong>N\u00b0 TVA intracommunautaire<\/strong>\u00a0: FR 94 801 303 900<\/p>\n<p>Visionary Marketing est h\u00e9berg\u00e9 en France chez <a href=\"https:\/\/www.o2switch.fr\" target=\"_blank\" rel=\"noopener noreferrer\">O2switch<\/a> &#8211;\u00a0Marque d\u00e9pos\u00e9e INPI : 09 3 645 279 &#8211;\u00a0Siret : 510 909 80700024 &#8211; RCS Clermont Ferrand<br \/>\nSARL au capital de 100000\u20ac &#8211;\u00a0Op\u00e9rateur T\u00e9l\u00e9com d\u00e9clar\u00e9 ARCEP &#8211; Propri\u00e9taire de son r\u00e9seau AS50474 &#8211;\u00a0CNIL : 1756116 | RIPE : AS50474<\/p>\n<p>Visionary Marketing est plac\u00e9 sous licence\u00a0<a title=\"Licence Creative commons\" href=\"https:\/\/creativecommons.org\/licenses\/by-nc-nd\/3.0\/\" target=\"_blank\" rel=\"noopener noreferrer\">Creative Commons by-nc-nd<\/a><\/p>\n<p><!-- Begin MailChimp Signup Form --><\/p>\n<div id=\"mc_embed_signup\">\n<h3 class=\"validate\"><strong><!--more-->Abonnez-vous \u00e0 notre mailing list<\/strong><\/h3>\n\n\t\t\t\t<script src=\"https:\/\/challenges.cloudflare.com\/turnstile\/v0\/api.js\"><\/script>\n\n\t\t\t\n\t\t\t<form id=\"sib_signup_form_3\" method=\"post\" class=\"sib_signup_form\">\n\t\t\t\t<div class=\"sib_loader\" style=\"display:none;\"><img\n\t\t\t\t\t\t\tsrc=\"https:\/\/visionarymarketing.com\/wp-includes\/images\/spinner.gif\" alt=\"loader\"><\/div>\n\t\t\t\t<input type=\"hidden\" name=\"sib_form_action\" value=\"subscribe_form_submit\">\n\t\t\t\t<input type=\"hidden\" name=\"sib_form_id\" value=\"3\">\n                <input type=\"hidden\" name=\"sib_form_alert_notice\" value=\"Veuillez remplir ce champ\">\n                <input type=\"hidden\" name=\"sib_form_invalid_email_notice\" value=\"Votre adresse e-mail n&#039;est pas valide\">\n                <input type=\"hidden\" name=\"sib_security\" value=\"e438b3bbae\">\n\t\t\t\t<div class=\"sib_signup_box_inside_3\">\n\t\t\t\t\t<div style=\"\/*display:none*\/\" class=\"sib_msg_disp\">\n\t\t\t\t\t<\/div>\n                                            <div id=\"sib_captcha_invisible\" class=\"invi-recaptcha\" data-sitekey=\"\"><\/div>\n                    \t\t\t\t\t<p class=\"sib-email-area\">\r\nAdresse email*\r\n    <input type=\"email\" class=\"sib-email-area\" name=\"email\" value=\"email@gmailcom\" required=\"required\">\r\n<\/p>\r\n<p class=\"sib-FIRSTNAME-area\"> \r\n    <label class=\"sib-FIRSTNAME-area\">Pr\u00e9nom\u00a0\u00a0\u00a0\u00a0\u00a0\u00a0\u00a0\u00a0\u00a0\u00a0\u00a0\u00a0\u00a0<\/label> \r\n    <input type=\"text\" class=\"sib-FIRSTNAME-area\" name=\"FIRSTNAME\" value=\"Pr\u00e9nom\"> \r\n\r\n<p class=\"sib-LASTNAME-area\"> \r\n    <label class=\"sib-LASTNAME-area\">Nom\u00a0\u00a0\u00a0\u00a0\u00a0\u00a0\u00a0\u00a0\u00a0\u00a0\u00a0\u00a0\u00a0\u00a0\u00a0\u00a0\u00a0\u00a0<\/label> \r\n    <input type=\"text\" class=\"sib-LASTNAME-area\" name=\"LASTNAME\" value=\"Nom\"> \r\n<\/p>\r\n<br>\r\n<div id=\"cf-turnstile-0x4AAAAAAAW_c_I9fXkSibH_\" class=\"cf-turnstile\" data-error-callback=\"errorCallbackForTurnstileErrors\" data-sitekey=\"0x4AAAAAAAW_c_I9fXkSibH_\"><\/div>\r\n<br>\r\n<p>\r\n    <input type=\"submit\" class=\"sib-default-btn\" value=\"S'abonner\">\r\n<\/p>\r\n<br>\r\n<p><i>Votre adresse e-mail est uniquement utilis\u00e9e pour vous envoyer notre lettre d'information et des informations sur les activit\u00e9s du site d'infos de Visionary Marketing  Marketing et Innovation et son compagnon antimuseum.com. Vous pouvez toujours utiliser le lien de d\u00e9sinscription inclus dans la lettre d'information<\/i><\/p>\t\t\t\t<\/div>\n\t\t\t<\/form>\n\t\t\t<style>\n\t\t\t\tform#sib_signup_form_3 p.sib-alert-message {\n    padding: 6px 12px;\n    margin-bottom: 20px;\n    border: 1px solid transparent;\n    border-radius: 4px;\n    -webkit-box-sizing: border-box;\n    -moz-box-sizing: border-box;\n    box-sizing: border-box;\n}\nform#sib_signup_form_3 p.sib-alert-message-error {\n    background-color: #f2dede;\n    border-color: #ebccd1;\n    color: #a94442;\n}\nform#sib_signup_form_3 p.sib-alert-message-success {\n    background-color: #dff0d8;\n    border-color: #d6e9c6;\n    color: #3c763d;\n}\nform#sib_signup_form_3 p.sib-alert-message-warning {\n    background-color: #fcf8e3;\n    border-color: #faebcc;\n    color: #8a6d3b;\n}\n\t\t\t<\/style>\n\t\t\t\n<\/div>\n<pre>Abonnez-vous \u00e0 notre flux X <a href=\"https:\/\/twitter.com\/vismktg\" target=\"_blank\" rel=\"noopener noreferrer\">@vismktg<\/a><\/pre>\n<h3>Mentions l\u00e9gales de Visionary Marketing : notes relatives \u00e0 la confidentialit\u00e9 des donn\u00e9es<\/h3>\n<h4>Commentaires<\/h4>\n<p class=\"privacy-policy-tutorial\">Dans cette sous-section, vous trouvez les notes sur les informations r\u00e9cup\u00e9r\u00e9es via les commentaires. Quand vous laissez un commentaire sur notre site d&rsquo;information, les donn\u00e9es inscrites dans le formulaire de commentaire, mais aussi votre adresse IP et les caract\u00e9ristiques votre navigateur sont collect\u00e9s pour nous aider dans la d\u00e9tection des commentaires ind\u00e9sirables.<\/p>\n<figure id=\"attachment_52199\" aria-describedby=\"caption-attachment-52199\" style=\"width: 799px\" class=\"wp-caption aligncenter\"><img decoding=\"async\" class=\"wp-image-52199 size-full\" src=\"https:\/\/visionarymarketing.com\/wp-content\/uploads\/2020\/04\/8399056294_518f23c28d_c.jpg\" alt=\"mentions l\u00e9gales - confidentialit\u00e9 des donn\u00e9es\" width=\"799\" height=\"534\" srcset=\"https:\/\/visionarymarketing.com\/wp-content\/uploads\/2020\/04\/8399056294_518f23c28d_c-449x300.jpg 449w, https:\/\/visionarymarketing.com\/wp-content\/uploads\/2020\/04\/8399056294_518f23c28d_c-768x513.jpg 768w, https:\/\/visionarymarketing.com\/wp-content\/uploads\/2020\/04\/8399056294_518f23c28d_c.jpg 799w\" sizes=\"(max-width: 799px) 100vw, 799px\" \/><figcaption id=\"caption-attachment-52199\" class=\"wp-caption-text\">Visionary Marketing est particuli\u00e8rement attentif \u00e0 la protection de vos donn\u00e9es. Pour commencer, pas de bla-bla l\u00e9gal incompr\u00e9hensible destin\u00e9 \u00e0 vous perdre. Ici, <em>nous ne jouons jamais avec les donn\u00e9es des visiteurs, dont le\u00a0consentement nous est sacr\u00e9. C<\/em>&lsquo;est un principe \u00e9thique auquel nous ne d\u00e9rogeons jamais.<\/figcaption><\/figure>\n<p>Une cha\u00eene anonymis\u00e9e cr\u00e9\u00e9e \u00e0 partir de votre adresse de messagerie (\u00e9galement appel\u00e9e hash) peut \u00eatre envoy\u00e9e au service Gravatar par souci de v\u00e9rification, si vous utilisez ce dernier. Les clauses de confidentialit\u00e9 du service Gravatar sont disponibles ici\u00a0: <a href=\"https:\/\/automattic.com\/privacy\/\" target=\"_blank\" rel=\"noopener noreferrer\">https:\/\/automattic.com\/privacy\/<\/a>. Apr\u00e8s validation de votre commentaire, votre photo de profil sera visible publiquement \u00e0 cot\u00e9 de votre commentaire.<\/p>\n<h4>M\u00e9dias<\/h4>\n<p class=\"privacy-policy-tutorial\">Dans cette sous-section, vous trouvez les informations qui pourraient \u00eatre d\u00e9voil\u00e9es par les utilisateurs et utilisatrices susceptibles de t\u00e9l\u00e9verser des fichiers dans notre biblioth\u00e8que de m\u00e9dias. Les fichiers t\u00e9l\u00e9vers\u00e9s sont g\u00e9n\u00e9ralement accessibles publiquement.<\/p>\n<p>Si vous \u00eates un utilisateur ou une utilisatrice enregistr\u00e9\u00b7e et que vous t\u00e9l\u00e9versez des images sur ce site d&rsquo;information, nous vous conseillons d\u2019\u00e9viter de t\u00e9l\u00e9verser des images contenant des donn\u00e9es EXIF de coordonn\u00e9es GPS. Les visiteurs de notre site pourraient en effet t\u00e9l\u00e9charger et extraire des donn\u00e9es de localisation depuis ces images.<\/p>\n<h4>Formulaires de contact<\/h4>\n<p>Les donn\u00e9es personnelles issues des formulaires de contact ne sont jamais utilis\u00e9es \u00e0 des fins commerciales ni personnelles et ne feront jamais l&rsquo;objet de messages non sollicit\u00e9s. Les donn\u00e9es ne seront utilis\u00e9es que dans le cas o\u00f9 les personnes ayant laiss\u00e9 un message d\u00e9sirent explicitement \u00eatre contact\u00e9es.<\/p>\n<h4>Cookies<\/h4>\n<p>Si vous d\u00e9posez un commentaire sur notre site, il vous sera propos\u00e9 d\u2019enregistrer votre nom, adresse de messagerie et site web dans des cookies. Cela est r\u00e9alis\u00e9 uniquement dans un but d&rsquo;am\u00e9liorer l&rsquo;exp\u00e9rience utilisateur et \u00e9viter la double saisie des informations au cas o\u00f9 l&rsquo;utilisateur reviendrait d\u00e9poser un autre commentaire ult\u00e9rieurement. Ces cookies expirent au bout d\u2019un an.<\/p>\n<p>Si vous avez un compte et que vous vous connectez sur ce site, un cookie temporaire sera cr\u00e9\u00e9 afin de d\u00e9terminer si votre navigateur accepte les cookies. Il ne contient pas de donn\u00e9es personnelles et sera supprim\u00e9 automatiquement \u00e0 la fermeture de votre navigateur.<\/p>\n<p>Lorsque vous vous connecterez, nous mettrons en place un certain nombre de cookies pour enregistrer vos informations de connexion et vos pr\u00e9f\u00e9rences d\u2019\u00e9cran. La dur\u00e9e de vie d\u2019un cookie de connexion est de deux jours, celle d\u2019un cookie d\u2019option d\u2019\u00e9cran est d\u2019un an. Si vous cochez \u00ab\u00a0Se souvenir de moi\u00a0\u00bb, votre cookie de connexion sera conserv\u00e9 pendant deux semaines. Si vous vous d\u00e9connectez de votre compte, le cookie de connexion sera effac\u00e9.<\/p>\n<p>En modifiant ou en publiant une publication, un cookie suppl\u00e9mentaire sera enregistr\u00e9 dans votre navigateur. Ce cookie ne comprend aucune donn\u00e9e personnelle. Il indique simplement l\u2019identifiant de la publication que vous venez de modifier. Il expire au bout d\u2019un jour.<\/p>\n<figure id=\"attachment_34295\" aria-describedby=\"caption-attachment-34295\" style=\"width: 650px\" class=\"wp-caption aligncenter\"><img decoding=\"async\" class=\"wp-image-34295 size-full\" src=\"https:\/\/visionarymarketing.com\/wp-content\/uploads\/2019\/11\/flyer-Spaces-14092019-final_Page_2-copy-1-e1574880949933.png\" alt=\"Visionary Marketing \" width=\"650\" height=\"922\" srcset=\"https:\/\/visionarymarketing.com\/wp-content\/uploads\/2019\/11\/flyer-Spaces-14092019-final_Page_2-copy-1-e1574880949933.png 650w, https:\/\/visionarymarketing.com\/wp-content\/uploads\/2019\/11\/flyer-Spaces-14092019-final_Page_2-copy-1-e1574880949933-211x300.png 211w\" sizes=\"(max-width: 650px) 100vw, 650px\" \/><figcaption id=\"caption-attachment-34295\" class=\"wp-caption-text\"><a href=\"https:\/\/vismktg.info\/clients\" target=\"_blank\" rel=\"noopener\">Trouvez l&rsquo;inspiration<\/a> sur Visionary Marketing<\/figcaption><\/figure>\n<h4>Mentions l\u00e9gales de Visionary Marketing sur le contenu embarqu\u00e9 depuis d\u2019autres sites<\/h4>\n<p>Les articles de ce site d&rsquo;information Marketing &amp; Innovation peuvent inclure des contenus embarqu\u00e9s (par exemple des vid\u00e9os, images, articles\u2026). Le contenu embarqu\u00e9 (\u00ab\u00a0embedded\u00a0\u00bb en anglais) depuis d\u2019autres sites se comporte de la m\u00eame mani\u00e8re que si le visiteur se rendait sur cet autre site.<\/p>\n<p>Ces sites web peuvent \u00e9ventuellement, sous leur responsabilit\u00e9, collecter des donn\u00e9es sur vous, utiliser des cookies, embarquer des outils de suivis tiers, suivre vos interactions avec ces contenus embarqu\u00e9s si vous disposez d\u2019un compte connect\u00e9 sur leur site web.<\/p>\n<h4>Statistiques et mesures d\u2019audience<\/h4>\n<p class=\"privacy-policy-tutorial\">Nous mesurons les audiences et statistiques via les plugins JetPack de WordPress et Google Analytics qui fournissent des services de statistiques. Ces informations sont anonymes.<\/p>\n","protected":false},"excerpt":{"rendered":"<p>Mentions l\u00e9gales du site Visionary Marketing &#8211; le site d&rsquo;informations Marketing &amp; Innovation est \u00e9dit\u00e9 par la SAS Visionary Marketing Mentions l\u00e9gales Directeur de la publication\u00a0: Yann Gourvennec N\u00b0 de Commission paritaire des publications et agences de presse CPPAP\u00a0: 0322 W 94209 Visionary Marketing, SAS au capital de 15 000 \u20ac Si\u00e8ge social\u00a0: 17-21 rue &hellip;<\/p>\n","protected":false},"author":2,"featured_media":52199,"parent":0,"menu_order":0,"comment_status":"closed","ping_status":"closed","template":"","meta":{"footnotes":""},"class_list":["post-34243","page","type-page","status-publish","has-post-thumbnail","hentry"],"yoast_head":"<!-- This site is optimized with the Yoast SEO plugin v27.4 - https:\/\/yoast.com\/product\/yoast-seo-wordpress\/ -->\n<title>Mentions l\u00e9gales Visionary Marketing site d&#039;informations marketing<\/title>\n<meta name=\"description\" content=\"Mentions l\u00e9gales, Visionary Marketing est particuli\u00e8rement attentif \u00e0 la protection de vos donn\u00e9es. Ici, votre consentement nous est sacr\u00e9\" \/>\n<meta name=\"robots\" content=\"index, follow, max-snippet:-1, max-image-preview:large, max-video-preview:-1\" \/>\n<link rel=\"canonical\" href=\"https:\/\/visionarymarketing.com\/fr\/mentions-legales-visionary-marketing\/\" \/>\n<meta property=\"og:locale\" content=\"fr_FR\" \/>\n<meta property=\"og:type\" content=\"article\" \/>\n<meta property=\"og:title\" content=\"Mentions l\u00e9gales Visionary Marketing site d&#039;informations marketing\" \/>\n<meta property=\"og:description\" content=\"Mentions l\u00e9gales, Visionary Marketing est particuli\u00e8rement attentif \u00e0 la protection de vos donn\u00e9es. Ici, votre consentement nous est sacr\u00e9\" \/>\n<meta property=\"og:url\" content=\"https:\/\/visionarymarketing.com\/fr\/mentions-legales-visionary-marketing\/\" \/>\n<meta property=\"og:site_name\" content=\"Marketing and Innovation\" \/>\n<meta property=\"article:publisher\" content=\"https:\/\/www.facebook.com\/vismktg\" \/>\n<meta property=\"article:modified_time\" content=\"2023-12-27T06:46:18+00:00\" \/>\n<meta property=\"og:image\" content=\"https:\/\/visionarymarketing.com\/wp-content\/uploads\/2020\/04\/8399056294_518f23c28d_c.jpg\" \/>\n\t<meta property=\"og:image:width\" content=\"799\" \/>\n\t<meta property=\"og:image:height\" content=\"534\" \/>\n\t<meta property=\"og:image:type\" content=\"image\/jpeg\" \/>\n<meta name=\"twitter:card\" content=\"summary_large_image\" \/>\n<meta name=\"twitter:site\" content=\"@ygourven\" \/>\n<meta name=\"twitter:label1\" content=\"Dur\u00e9e de lecture estim\u00e9e\" \/>\n\t<meta name=\"twitter:data1\" content=\"5 minutes\" \/>\n<script type=\"application\/ld+json\" class=\"yoast-schema-graph\">{\"@context\":\"https:\\\/\\\/schema.org\",\"@graph\":[{\"@type\":\"WebPage\",\"@id\":\"https:\\\/\\\/visionarymarketing.com\\\/fr\\\/mentions-legales-visionary-marketing\\\/\",\"url\":\"https:\\\/\\\/visionarymarketing.com\\\/fr\\\/mentions-legales-visionary-marketing\\\/\",\"name\":\"Mentions l\u00e9gales Visionary Marketing site d'informations marketing\",\"isPartOf\":{\"@id\":\"https:\\\/\\\/visionarymarketing.com\\\/fr\\\/#website\"},\"primaryImageOfPage\":{\"@id\":\"https:\\\/\\\/visionarymarketing.com\\\/fr\\\/mentions-legales-visionary-marketing\\\/#primaryimage\"},\"image\":{\"@id\":\"https:\\\/\\\/visionarymarketing.com\\\/fr\\\/mentions-legales-visionary-marketing\\\/#primaryimage\"},\"thumbnailUrl\":\"https:\\\/\\\/visionarymarketing.com\\\/wp-content\\\/uploads\\\/2020\\\/04\\\/8399056294_518f23c28d_c.jpg\",\"datePublished\":\"2019-11-27T06:04:41+00:00\",\"dateModified\":\"2023-12-27T06:46:18+00:00\",\"description\":\"Mentions l\u00e9gales, Visionary Marketing est particuli\u00e8rement attentif \u00e0 la protection de vos donn\u00e9es. Ici, votre consentement nous est sacr\u00e9\",\"breadcrumb\":{\"@id\":\"https:\\\/\\\/visionarymarketing.com\\\/fr\\\/mentions-legales-visionary-marketing\\\/#breadcrumb\"},\"inLanguage\":\"fr-FR\",\"potentialAction\":[{\"@type\":\"ReadAction\",\"target\":[\"https:\\\/\\\/visionarymarketing.com\\\/fr\\\/mentions-legales-visionary-marketing\\\/\"]}]},{\"@type\":\"ImageObject\",\"inLanguage\":\"fr-FR\",\"@id\":\"https:\\\/\\\/visionarymarketing.com\\\/fr\\\/mentions-legales-visionary-marketing\\\/#primaryimage\",\"url\":\"https:\\\/\\\/visionarymarketing.com\\\/wp-content\\\/uploads\\\/2020\\\/04\\\/8399056294_518f23c28d_c.jpg\",\"contentUrl\":\"https:\\\/\\\/visionarymarketing.com\\\/wp-content\\\/uploads\\\/2020\\\/04\\\/8399056294_518f23c28d_c.jpg\",\"width\":799,\"height\":534},{\"@type\":\"BreadcrumbList\",\"@id\":\"https:\\\/\\\/visionarymarketing.com\\\/fr\\\/mentions-legales-visionary-marketing\\\/#breadcrumb\",\"itemListElement\":[{\"@type\":\"ListItem\",\"position\":1,\"name\":\"Home\",\"item\":\"https:\\\/\\\/visionarymarketing.com\\\/fr\\\/\"},{\"@type\":\"ListItem\",\"position\":2,\"name\":\"Mentions l\u00e9gales\"}]},{\"@type\":\"WebSite\",\"@id\":\"https:\\\/\\\/visionarymarketing.com\\\/fr\\\/#website\",\"url\":\"https:\\\/\\\/visionarymarketing.com\\\/fr\\\/\",\"name\":\"Marketing and Innovation\",\"description\":\"Site d&#039;infos ind\u00e9pendant, depuis 1996\",\"potentialAction\":[{\"@type\":\"SearchAction\",\"target\":{\"@type\":\"EntryPoint\",\"urlTemplate\":\"https:\\\/\\\/visionarymarketing.com\\\/fr\\\/?s={search_term_string}\"},\"query-input\":{\"@type\":\"PropertyValueSpecification\",\"valueRequired\":true,\"valueName\":\"search_term_string\"}}],\"inLanguage\":\"fr-FR\"}]}<\/script>\n<!-- \/ Yoast SEO plugin. -->","yoast_head_json":{"title":"Mentions l\u00e9gales Visionary Marketing site d'informations marketing","description":"Mentions l\u00e9gales, Visionary Marketing est particuli\u00e8rement attentif \u00e0 la protection de vos donn\u00e9es. Ici, votre consentement nous est sacr\u00e9","robots":{"index":"index","follow":"follow","max-snippet":"max-snippet:-1","max-image-preview":"max-image-preview:large","max-video-preview":"max-video-preview:-1"},"canonical":"https:\/\/visionarymarketing.com\/fr\/mentions-legales-visionary-marketing\/","og_locale":"fr_FR","og_type":"article","og_title":"Mentions l\u00e9gales Visionary Marketing site d'informations marketing","og_description":"Mentions l\u00e9gales, Visionary Marketing est particuli\u00e8rement attentif \u00e0 la protection de vos donn\u00e9es. Ici, votre consentement nous est sacr\u00e9","og_url":"https:\/\/visionarymarketing.com\/fr\/mentions-legales-visionary-marketing\/","og_site_name":"Marketing and Innovation","article_publisher":"https:\/\/www.facebook.com\/vismktg","article_modified_time":"2023-12-27T06:46:18+00:00","og_image":[{"width":799,"height":534,"url":"https:\/\/visionarymarketing.com\/wp-content\/uploads\/2020\/04\/8399056294_518f23c28d_c.jpg","type":"image\/jpeg"}],"twitter_card":"summary_large_image","twitter_site":"@ygourven","twitter_misc":{"Dur\u00e9e de lecture estim\u00e9e":"5 minutes"},"schema":{"@context":"https:\/\/schema.org","@graph":[{"@type":"WebPage","@id":"https:\/\/visionarymarketing.com\/fr\/mentions-legales-visionary-marketing\/","url":"https:\/\/visionarymarketing.com\/fr\/mentions-legales-visionary-marketing\/","name":"Mentions l\u00e9gales Visionary Marketing site d'informations marketing","isPartOf":{"@id":"https:\/\/visionarymarketing.com\/fr\/#website"},"primaryImageOfPage":{"@id":"https:\/\/visionarymarketing.com\/fr\/mentions-legales-visionary-marketing\/#primaryimage"},"image":{"@id":"https:\/\/visionarymarketing.com\/fr\/mentions-legales-visionary-marketing\/#primaryimage"},"thumbnailUrl":"https:\/\/visionarymarketing.com\/wp-content\/uploads\/2020\/04\/8399056294_518f23c28d_c.jpg","datePublished":"2019-11-27T06:04:41+00:00","dateModified":"2023-12-27T06:46:18+00:00","description":"Mentions l\u00e9gales, Visionary Marketing est particuli\u00e8rement attentif \u00e0 la protection de vos donn\u00e9es. Ici, votre consentement nous est sacr\u00e9","breadcrumb":{"@id":"https:\/\/visionarymarketing.com\/fr\/mentions-legales-visionary-marketing\/#breadcrumb"},"inLanguage":"fr-FR","potentialAction":[{"@type":"ReadAction","target":["https:\/\/visionarymarketing.com\/fr\/mentions-legales-visionary-marketing\/"]}]},{"@type":"ImageObject","inLanguage":"fr-FR","@id":"https:\/\/visionarymarketing.com\/fr\/mentions-legales-visionary-marketing\/#primaryimage","url":"https:\/\/visionarymarketing.com\/wp-content\/uploads\/2020\/04\/8399056294_518f23c28d_c.jpg","contentUrl":"https:\/\/visionarymarketing.com\/wp-content\/uploads\/2020\/04\/8399056294_518f23c28d_c.jpg","width":799,"height":534},{"@type":"BreadcrumbList","@id":"https:\/\/visionarymarketing.com\/fr\/mentions-legales-visionary-marketing\/#breadcrumb","itemListElement":[{"@type":"ListItem","position":1,"name":"Home","item":"https:\/\/visionarymarketing.com\/fr\/"},{"@type":"ListItem","position":2,"name":"Mentions l\u00e9gales"}]},{"@type":"WebSite","@id":"https:\/\/visionarymarketing.com\/fr\/#website","url":"https:\/\/visionarymarketing.com\/fr\/","name":"Marketing and Innovation","description":"Site d&#039;infos ind\u00e9pendant, depuis 1996","potentialAction":[{"@type":"SearchAction","target":{"@type":"EntryPoint","urlTemplate":"https:\/\/visionarymarketing.com\/fr\/?s={search_term_string}"},"query-input":{"@type":"PropertyValueSpecification","valueRequired":true,"valueName":"search_term_string"}}],"inLanguage":"fr-FR"}]}},"_links":{"self":[{"href":"https:\/\/visionarymarketing.com\/fr\/wp-json\/wp\/v2\/pages\/34243","targetHints":{"allow":["GET"]}}],"collection":[{"href":"https:\/\/visionarymarketing.com\/fr\/wp-json\/wp\/v2\/pages"}],"about":[{"href":"https:\/\/visionarymarketing.com\/fr\/wp-json\/wp\/v2\/types\/page"}],"author":[{"embeddable":true,"href":"https:\/\/visionarymarketing.com\/fr\/wp-json\/wp\/v2\/users\/2"}],"replies":[{"embeddable":true,"href":"https:\/\/visionarymarketing.com\/fr\/wp-json\/wp\/v2\/comments?post=34243"}],"version-history":[{"count":0,"href":"https:\/\/visionarymarketing.com\/fr\/wp-json\/wp\/v2\/pages\/34243\/revisions"}],"wp:featuredmedia":[{"embeddable":true,"href":"https:\/\/visionarymarketing.com\/fr\/wp-json\/wp\/v2\/media\/52199"}],"wp:attachment":[{"href":"https:\/\/visionarymarketing.com\/fr\/wp-json\/wp\/v2\/media?parent=34243"}],"curies":[{"name":"wp","href":"https:\/\/api.w.org\/{rel}","templated":true}]}}