{"id":1192,"date":"2009-01-10T09:41:30","date_gmt":"2009-01-10T08:41:30","guid":{"rendered":"http:\/\/visionary.wordpress.com\/?page_id=1192"},"modified":"2025-01-16T22:38:58","modified_gmt":"2025-01-16T21:38:58","slug":"newsletter-visionary-marketing","status":"publish","type":"page","link":"https:\/\/visionarymarketing.com\/fr\/newsletter-visionary-marketing\/","title":{"rendered":"Liste de diffusion de Visionary Marketing"},"content":{"rendered":"<p>Abonnez-vous \u00e0 la newsletter de Visionary Marketing. Tous les mardis, pas de spam, pas de promotions intempestives, du contenu pur jus.<\/p>\n<p><img decoding=\"async\" class=\"aligncenter size-full wp-image-52516\" src=\"https:\/\/visionarymarketing.com\/wp-content\/uploads\/2020\/04\/visionary-postal-services-nl-1-e1586765029335.png\" alt=\"\" width=\"1481\" height=\"483\" \/><\/p>\n<h2><strong>Abonnez-vous \u00e0 notre liste de diffusion<\/strong><\/h2>\n\n\t\t\t\t<script src=\"https:\/\/challenges.cloudflare.com\/turnstile\/v0\/api.js\"><\/script>\n\n\t\t\t\n\t\t\t<form id=\"sib_signup_form_1\" method=\"post\" class=\"sib_signup_form\">\n\t\t\t\t<div class=\"sib_loader\" style=\"display:none;\"><img\n\t\t\t\t\t\t\tsrc=\"https:\/\/visionarymarketing.com\/wp-includes\/images\/spinner.gif\" alt=\"loader\"><\/div>\n\t\t\t\t<input type=\"hidden\" name=\"sib_form_action\" value=\"subscribe_form_submit\">\n\t\t\t\t<input type=\"hidden\" name=\"sib_form_id\" value=\"1\">\n                <input type=\"hidden\" name=\"sib_form_alert_notice\" value=\"Veuillez remplir ce champ\">\n                <input type=\"hidden\" name=\"sib_form_invalid_email_notice\" value=\"Votre adresse e-mail n&#039;est pas valide\">\n                <input type=\"hidden\" name=\"sib_security\" value=\"2b45dff18d\">\n\t\t\t\t<div class=\"sib_signup_box_inside_1\">\n\t\t\t\t\t<div style=\"\/*display:none*\/\" class=\"sib_msg_disp\">\n\t\t\t\t\t<\/div>\n                                            <div id=\"sib_captcha_invisible\" class=\"invi-recaptcha\" data-sitekey=\"\"><\/div>\n                    \t\t\t\t\t\r\n<div id=\"cf-turnstile-0x4AAAAAAAXbHryxfl3IWMl3\" class=\"cf-turnstile\" data-error-callback=\"errorCallbackForTurnstileErrors\" data-sitekey=\"0x4AAAAAAAXbHryxfl3IWMl3\" data-theme=\"auto\"><\/div>\r\n\r\n<p class=\"sib-email-area\">\r\n      <input type=\"email\" class=\"sib-email-area\" name=\"email\" value=\" email@gmail.com\" required=\"required\">\r\n<\/p>\r\n<p>\r\n    <input type=\"submit\" class=\"sib-default-btn\" value=\"S'abonner\">\r\n<\/p>\r\n\t\t\t\t<\/div>\n\t\t\t<\/form>\n\t\t\t<style>\n\t\t\t\tform#sib_signup_form_1 p.sib-alert-message {\n    padding: 6px 12px;\n    margin-bottom: 20px;\n    border: 1px solid transparent;\n    border-radius: 4px;\n    -webkit-box-sizing: border-box;\n    -moz-box-sizing: border-box;\n    box-sizing: border-box;\n}\nform#sib_signup_form_1 p.sib-alert-message-error {\n    background-color: #f2dede;\n    border-color: #ebccd1;\n    color: #a94442;\n}\nform#sib_signup_form_1 p.sib-alert-message-success {\n    background-color: #dff0d8;\n    border-color: #d6e9c6;\n    color: #3c763d;\n}\nform#sib_signup_form_1 p.sib-alert-message-warning {\n    background-color: #fcf8e3;\n    border-color: #faebcc;\n    color: #8a6d3b;\n}\n\t\t\t<\/style>\n\t\t\t\n<p><a href=\"https:\/\/us7.campaign-archive.com\/home\/?u=b6e999b985be99d19dfa8e970&amp;id=74fc1e3849\" target=\"_blank\" rel=\"noopener noreferrer\">Voir l&rsquo;historique de la lettre d&rsquo;infos de Visionary Marketing de 2014 \u00e0 ao\u00fbt 2023<\/a><\/p>\n<p>La liste de diffusion de\u00a0Visionary Marketing vous permettra de recevoir la liste de nos\u00a0nouveaux articles. La lettre de diffusion est hebdomadaire, elle est envoy\u00e9e tous les mardis matin. Il se peut qu&rsquo;occasionnellement nous vous invitions \u00e0 des \u00e9v\u00e9nements ou des \u00e9ditions sp\u00e9ciales.<\/p>\n<p><span style=\"color: #000080;\"><i>Pour vous inscrire,\u00a0<\/i><span style=\"caret-color: #000080;\"><i>entrez votre adresse email.\u00a0<\/i><\/span><i>Pour modifier vos coordonn\u00e9es, veuillez entrer l\u2019adresse email \u00a0utilis\u00e9e initialement pour votre abonnement. Nous sommes des disciples de Seth Godin, notre r\u00e8gle est le marketing de la permission, vous \u00eates ma\u00eetre de vos donn\u00e9es et elles ne seront utilis\u00e9es\u00a0que dans le cadre de cette liste d&rsquo;informations, dans un strict cadre d&rsquo;opt-in.<\/i><\/span><\/p>\n","protected":false},"excerpt":{"rendered":"<p>Abonnez-vous \u00e0 la newsletter de Visionary Marketing. Tous les mardis, pas de spam, pas de promotions intempestives, du contenu pur jus. Abonnez-vous \u00e0 notre liste de diffusion Voir l&rsquo;historique de la lettre d&rsquo;infos de Visionary Marketing de 2014 \u00e0 ao\u00fbt 2023 La liste de diffusion de\u00a0Visionary Marketing vous permettra de recevoir la liste de nos\u00a0nouveaux &hellip;<\/p>\n","protected":false},"author":2,"featured_media":52511,"parent":0,"menu_order":2,"comment_status":"closed","ping_status":"closed","template":"","meta":{"footnotes":""},"class_list":["post-1192","page","type-page","status-publish","has-post-thumbnail","hentry"],"yoast_head":"<!-- This site is optimized with the Yoast SEO plugin v27.5 - https:\/\/yoast.com\/product\/yoast-seo-wordpress\/ -->\n<title>Newsletter Visionary Marketing tous les mardis matin<\/title>\n<meta name=\"description\" content=\"La Newsletter de\u00a0Visionary Marketing vous permettra de recevoir nos\u00a0nouveaux articles. Lettre de diffusion est hebdomadaire\" \/>\n<meta name=\"robots\" content=\"index, follow, max-snippet:-1, max-image-preview:large, max-video-preview:-1\" \/>\n<link rel=\"canonical\" href=\"https:\/\/visionarymarketing.com\/fr\/newsletter-visionary-marketing\/\" \/>\n<meta property=\"og:locale\" content=\"fr_FR\" \/>\n<meta property=\"og:type\" content=\"article\" \/>\n<meta property=\"og:title\" content=\"Newsletter Visionary Marketing tous les mardis matin\" \/>\n<meta property=\"og:description\" content=\"La Newsletter de\u00a0Visionary Marketing vous permettra de recevoir nos\u00a0nouveaux articles. Lettre de diffusion est hebdomadaire\" \/>\n<meta property=\"og:url\" content=\"https:\/\/visionarymarketing.com\/fr\/newsletter-visionary-marketing\/\" \/>\n<meta property=\"og:site_name\" content=\"Marketing and Innovation\" \/>\n<meta property=\"article:publisher\" content=\"https:\/\/www.facebook.com\/vismktg\" \/>\n<meta property=\"article:modified_time\" content=\"2025-01-16T21:38:58+00:00\" \/>\n<meta property=\"og:image\" content=\"https:\/\/visionarymarketing.com\/wp-content\/uploads\/2020\/04\/visionary-postal-services-nl-e1586764708353.png\" \/>\n\t<meta property=\"og:image:width\" content=\"1481\" \/>\n\t<meta property=\"og:image:height\" content=\"483\" \/>\n\t<meta property=\"og:image:type\" content=\"image\/png\" \/>\n<meta name=\"twitter:card\" content=\"summary_large_image\" \/>\n<meta name=\"twitter:site\" content=\"@ygourven\" \/>\n<meta name=\"twitter:label1\" content=\"Dur\u00e9e de lecture estim\u00e9e\" \/>\n\t<meta name=\"twitter:data1\" content=\"2 minutes\" \/>\n<script type=\"application\/ld+json\" class=\"yoast-schema-graph\">{\"@context\":\"https:\\\/\\\/schema.org\",\"@graph\":[{\"@type\":\"WebPage\",\"@id\":\"https:\\\/\\\/visionarymarketing.com\\\/fr\\\/newsletter-visionary-marketing\\\/\",\"url\":\"https:\\\/\\\/visionarymarketing.com\\\/fr\\\/newsletter-visionary-marketing\\\/\",\"name\":\"Newsletter Visionary Marketing tous les mardis matin\",\"isPartOf\":{\"@id\":\"https:\\\/\\\/visionarymarketing.com\\\/fr\\\/#website\"},\"primaryImageOfPage\":{\"@id\":\"https:\\\/\\\/visionarymarketing.com\\\/fr\\\/newsletter-visionary-marketing\\\/#primaryimage\"},\"image\":{\"@id\":\"https:\\\/\\\/visionarymarketing.com\\\/fr\\\/newsletter-visionary-marketing\\\/#primaryimage\"},\"thumbnailUrl\":\"https:\\\/\\\/visionarymarketing.com\\\/wp-content\\\/uploads\\\/2020\\\/04\\\/visionary-postal-services-nl-e1586764708353.png\",\"datePublished\":\"2009-01-10T08:41:30+00:00\",\"dateModified\":\"2025-01-16T21:38:58+00:00\",\"description\":\"La Newsletter de\u00a0Visionary Marketing vous permettra de recevoir nos\u00a0nouveaux articles. Lettre de diffusion est hebdomadaire\",\"breadcrumb\":{\"@id\":\"https:\\\/\\\/visionarymarketing.com\\\/fr\\\/newsletter-visionary-marketing\\\/#breadcrumb\"},\"inLanguage\":\"fr-FR\",\"potentialAction\":[{\"@type\":\"ReadAction\",\"target\":[\"https:\\\/\\\/visionarymarketing.com\\\/fr\\\/newsletter-visionary-marketing\\\/\"]}]},{\"@type\":\"ImageObject\",\"inLanguage\":\"fr-FR\",\"@id\":\"https:\\\/\\\/visionarymarketing.com\\\/fr\\\/newsletter-visionary-marketing\\\/#primaryimage\",\"url\":\"https:\\\/\\\/visionarymarketing.com\\\/wp-content\\\/uploads\\\/2020\\\/04\\\/visionary-postal-services-nl-e1586764708353.png\",\"contentUrl\":\"https:\\\/\\\/visionarymarketing.com\\\/wp-content\\\/uploads\\\/2020\\\/04\\\/visionary-postal-services-nl-e1586764708353.png\",\"width\":518,\"height\":338},{\"@type\":\"BreadcrumbList\",\"@id\":\"https:\\\/\\\/visionarymarketing.com\\\/fr\\\/newsletter-visionary-marketing\\\/#breadcrumb\",\"itemListElement\":[{\"@type\":\"ListItem\",\"position\":1,\"name\":\"Home\",\"item\":\"https:\\\/\\\/visionarymarketing.com\\\/fr\\\/\"},{\"@type\":\"ListItem\",\"position\":2,\"name\":\"Liste de diffusion de Visionary Marketing\"}]},{\"@type\":\"WebSite\",\"@id\":\"https:\\\/\\\/visionarymarketing.com\\\/fr\\\/#website\",\"url\":\"https:\\\/\\\/visionarymarketing.com\\\/fr\\\/\",\"name\":\"Marketing and Innovation\",\"description\":\"Site d&#039;infos ind\u00e9pendant, depuis 1996\",\"potentialAction\":[{\"@type\":\"SearchAction\",\"target\":{\"@type\":\"EntryPoint\",\"urlTemplate\":\"https:\\\/\\\/visionarymarketing.com\\\/fr\\\/?s={search_term_string}\"},\"query-input\":{\"@type\":\"PropertyValueSpecification\",\"valueRequired\":true,\"valueName\":\"search_term_string\"}}],\"inLanguage\":\"fr-FR\"}]}<\/script>\n<!-- \/ Yoast SEO plugin. -->","yoast_head_json":{"title":"Newsletter Visionary Marketing tous les mardis matin","description":"La Newsletter de\u00a0Visionary Marketing vous permettra de recevoir nos\u00a0nouveaux articles. Lettre de diffusion est hebdomadaire","robots":{"index":"index","follow":"follow","max-snippet":"max-snippet:-1","max-image-preview":"max-image-preview:large","max-video-preview":"max-video-preview:-1"},"canonical":"https:\/\/visionarymarketing.com\/fr\/newsletter-visionary-marketing\/","og_locale":"fr_FR","og_type":"article","og_title":"Newsletter Visionary Marketing tous les mardis matin","og_description":"La Newsletter de\u00a0Visionary Marketing vous permettra de recevoir nos\u00a0nouveaux articles. Lettre de diffusion est hebdomadaire","og_url":"https:\/\/visionarymarketing.com\/fr\/newsletter-visionary-marketing\/","og_site_name":"Marketing and Innovation","article_publisher":"https:\/\/www.facebook.com\/vismktg","article_modified_time":"2025-01-16T21:38:58+00:00","og_image":[{"width":1481,"height":483,"url":"https:\/\/visionarymarketing.com\/wp-content\/uploads\/2020\/04\/visionary-postal-services-nl-e1586764708353.png","type":"image\/png"}],"twitter_card":"summary_large_image","twitter_site":"@ygourven","twitter_misc":{"Dur\u00e9e de lecture estim\u00e9e":"2 minutes"},"schema":{"@context":"https:\/\/schema.org","@graph":[{"@type":"WebPage","@id":"https:\/\/visionarymarketing.com\/fr\/newsletter-visionary-marketing\/","url":"https:\/\/visionarymarketing.com\/fr\/newsletter-visionary-marketing\/","name":"Newsletter Visionary Marketing tous les mardis matin","isPartOf":{"@id":"https:\/\/visionarymarketing.com\/fr\/#website"},"primaryImageOfPage":{"@id":"https:\/\/visionarymarketing.com\/fr\/newsletter-visionary-marketing\/#primaryimage"},"image":{"@id":"https:\/\/visionarymarketing.com\/fr\/newsletter-visionary-marketing\/#primaryimage"},"thumbnailUrl":"https:\/\/visionarymarketing.com\/wp-content\/uploads\/2020\/04\/visionary-postal-services-nl-e1586764708353.png","datePublished":"2009-01-10T08:41:30+00:00","dateModified":"2025-01-16T21:38:58+00:00","description":"La Newsletter de\u00a0Visionary Marketing vous permettra de recevoir nos\u00a0nouveaux articles. Lettre de diffusion est hebdomadaire","breadcrumb":{"@id":"https:\/\/visionarymarketing.com\/fr\/newsletter-visionary-marketing\/#breadcrumb"},"inLanguage":"fr-FR","potentialAction":[{"@type":"ReadAction","target":["https:\/\/visionarymarketing.com\/fr\/newsletter-visionary-marketing\/"]}]},{"@type":"ImageObject","inLanguage":"fr-FR","@id":"https:\/\/visionarymarketing.com\/fr\/newsletter-visionary-marketing\/#primaryimage","url":"https:\/\/visionarymarketing.com\/wp-content\/uploads\/2020\/04\/visionary-postal-services-nl-e1586764708353.png","contentUrl":"https:\/\/visionarymarketing.com\/wp-content\/uploads\/2020\/04\/visionary-postal-services-nl-e1586764708353.png","width":518,"height":338},{"@type":"BreadcrumbList","@id":"https:\/\/visionarymarketing.com\/fr\/newsletter-visionary-marketing\/#breadcrumb","itemListElement":[{"@type":"ListItem","position":1,"name":"Home","item":"https:\/\/visionarymarketing.com\/fr\/"},{"@type":"ListItem","position":2,"name":"Liste de diffusion de Visionary Marketing"}]},{"@type":"WebSite","@id":"https:\/\/visionarymarketing.com\/fr\/#website","url":"https:\/\/visionarymarketing.com\/fr\/","name":"Marketing and Innovation","description":"Site d&#039;infos ind\u00e9pendant, depuis 1996","potentialAction":[{"@type":"SearchAction","target":{"@type":"EntryPoint","urlTemplate":"https:\/\/visionarymarketing.com\/fr\/?s={search_term_string}"},"query-input":{"@type":"PropertyValueSpecification","valueRequired":true,"valueName":"search_term_string"}}],"inLanguage":"fr-FR"}]}},"_links":{"self":[{"href":"https:\/\/visionarymarketing.com\/fr\/wp-json\/wp\/v2\/pages\/1192","targetHints":{"allow":["GET"]}}],"collection":[{"href":"https:\/\/visionarymarketing.com\/fr\/wp-json\/wp\/v2\/pages"}],"about":[{"href":"https:\/\/visionarymarketing.com\/fr\/wp-json\/wp\/v2\/types\/page"}],"author":[{"embeddable":true,"href":"https:\/\/visionarymarketing.com\/fr\/wp-json\/wp\/v2\/users\/2"}],"replies":[{"embeddable":true,"href":"https:\/\/visionarymarketing.com\/fr\/wp-json\/wp\/v2\/comments?post=1192"}],"version-history":[{"count":0,"href":"https:\/\/visionarymarketing.com\/fr\/wp-json\/wp\/v2\/pages\/1192\/revisions"}],"wp:featuredmedia":[{"embeddable":true,"href":"https:\/\/visionarymarketing.com\/fr\/wp-json\/wp\/v2\/media\/52511"}],"wp:attachment":[{"href":"https:\/\/visionarymarketing.com\/fr\/wp-json\/wp\/v2\/media?parent=1192"}],"curies":[{"name":"wp","href":"https:\/\/api.w.org\/{rel}","templated":true}]}}